{"id":801,"date":"2019-08-16T14:31:28","date_gmt":"2019-08-16T19:31:28","guid":{"rendered":"http:\/\/cadizlaw.com\/?page_id=801"},"modified":"2024-07-09T10:43:34","modified_gmt":"2024-07-09T15:43:34","slug":"aboutus","status":"publish","type":"page","link":"https:\/\/cadizlaw.com\/es\/aboutus\/","title":{"rendered":"Acerca O\u2019Connor Cadiz Accident and Injury Law"},"content":{"rendered":"<p><span style=\"font-weight: 400;\">Si usted est\u00e1 enfrentando una lesi\u00f3n personal grave, puede ser frustrante y confuso si usted no tiene la abogada adecuada.\u00a0 Somos accesibles y queremos hacer que el uso del sistema legal sea lo m\u00e1s f\u00e1cil posible para usted. Nuestra bufete en Elgin esta para ayudar.\u00a0 Perm\u00edtanos ayudarle cuando necesite una abogada de confianza en las \u00e1reas de lesiones personales.<\/span><\/p>\n<h2>En Elgin, nuestro peque\u00f1o bufete de abogados ofrece un servicio m\u00e1s \u00edntimo<\/h2>\n<p>Le ayudaremos a entender lo que est\u00e1 sucediendo y luego crearemos una estrategia personalizada para ayudarle a superarlo. Carol O\u2019Connor Cadiz, directora y propietaria de la firma, ha estado en la pr\u00e1ctica desde 1996. Esta experiencia trae conocimiento del caso, habilidad y compasi\u00f3n a sus clientes. Comparado con el t\u00edpico bufete de abogados, hacemos las cosas de manera muy diferente a la mayor\u00eda. Nuestros clientes est\u00e1n de acuerdo en que la diferencia es lo bien que se trata a la gente aqu\u00ed. En los bufetes de abogados m\u00e1s grandes, los clientes a menudo se pierden en la red de secretarias, asistentes legales y burocracia. Es s\u00f3lo la naturaleza de c\u00f3mo tienden a operar las empresas m\u00e1s grandes. Debido a que limitamos los casos que manejamos, podemos mantener las cosas simples. Esto hace las cosas m\u00e1s f\u00e1ciles para todos.<\/p>\n<p>Operamos a menor escala, optando por crear relaciones cercanas con nuestros clientes y un conocimiento \u00edntimo de cada caso. Esto evita el tratamiento de todos los casos de la misma manera, lo que a menudo se encuentra en los bufetes de abogados m\u00e1s grandes. En nuestro despacho de abogados en Elgin, no tomamos cada caso o cliente que entra por la puerta, sino que somos selectivos en lo que manejamos para asegurarnos de que cada cliente reciba un servicio muy personalizado. No tenemos la mentalidad de una gran firma que existe en algunos de los bufetes de abogados medianos y grandes donde tratan a los clientes solo como un caso m\u00e1s. Desde el principio, la abogada Carol C\u00e1diz est\u00e1 personalmente involucrada en cada caso para asegurarse de que todos reciban la atenci\u00f3n que sus casos merecen. Ella espera poder conocer a todos y cada uno de sus clientes.<\/p>\n<h2>Un bufete de abogados que se esfuerza por deleitar<\/h2>\n<p>Llamar a un abogado por primera vez no siempre es f\u00e1cil. \u00bfCu\u00e1les ser\u00e1n los honorarios? \u00bfMe sentir\u00e9 presionado a contratar a este abogado aunque s\u00f3lo necesito informaci\u00f3n? \u00bfY si realmente no necesito un abogado? \u00bfSer\u00e1 una experiencia que me intimide? \u00bfY si acabo sinti\u00e9ndome a\u00fan m\u00e1s abrumado que ahora? \u00bfQu\u00e9 preguntas deber\u00eda hacer?<\/p>\n<p>Rel\u00e1jese.<\/p>\n<p>Llamar a un bufete de abogados puede ser un gran paso y nosotros nos esforzamos no s\u00f3lo por hacerle sentir c\u00f3modo, sino tambi\u00e9n por deleitarle en el proceso. \u00bfC\u00f3mo? Ayud\u00e1ndole a sentirse en control primero educ\u00e1ndole sobre su situaci\u00f3n, d\u00e1ndole opciones, ganando su confianza durante el proceso. Esto le permite tomar decisiones por s\u00ed mismo acerca de lo que usted est\u00e1 enfrentando. Si pensamos que usted no necesita un abogado o que no somos los adecuados, seremos honestos y se lo haremos saber. Limitamos nuestros casos y aunque no podemos prometer que podremos aceptar su caso, si lo tomamos como cliente, estaremos totalmente comprometidos.<\/p>\n<h2>Abogada de Elgin lo ayuda a mantener control de su caso de accidente<\/h2>\n<p>Es nuestra creencia que cada caso exitoso comienza con ayudarle a entender lo que est\u00e1 sucediendo para que usted pueda tener un mayor control sobre la situaci\u00f3n. Usted ha venido al lugar correcto, ya sea que s\u00f3lo quiera informaci\u00f3n o que busque ayuda m\u00e1s inmediata. Carol O\u2019Connor C\u00e1diz ha escrito varios libros y varias gu\u00edas de servicios legales para ayudar a la gente a entender mejor el proceso legal.<\/p>\n<p>A finales de los a\u00f1os 90, la abogada Carol Cadiz trabaj\u00f3 en la firma de lesiones personales de un demandante en Skokie, obteniendo buenos y justos resultados para los clientes lesionados que fueron lesionados en accidentes automovilisticos, choques de motocicleta, accidentes de peatones y pasajeros, casos de resbalones y ca\u00eddas, etc. Despu\u00e9s de un descanso del trabajo de lesiones, est\u00e1 lista para volver a ayudar a los clientes gravemente heridos.<\/p>\n<p>Al concentrar nuestra pr\u00e1ctica en estas \u00e1reas limitadas, hacemos lo que hacemos muy bien. Si necesita otros servicios legales, probablemente podamos orientarlo en la direcci\u00f3n correcta y, si es posible, recomendarle a alguien en quien confiemos. Habiendo ejercido la abogac\u00eda en la comunidad por m\u00e1s de 20 a\u00f1os, hemos hecho muchos contactos en la comunidad legal y tenemos una\u00a0<a href=\"http:\/\/cadizlaw.com\/es\/blog\/lawyer-referrals-in-chicago-and-suburbs\/\">red de referencias<\/a>\u00a0legales en la mayor\u00eda de las \u00e1reas.<\/p>\n<h2>Ayuda cuando la necesite<\/h2>\n<p>D\u00edganos c\u00f3mo podemos ayudarle. \u00bfTodav\u00eda no est\u00e1 listo para contratar a un abogado? No\u00a0olvide suscribirse a nuestro bolet\u00edn\u00a0<a href=\"http:\/\/cadizlaw.com\/es\/reports\/newsletter\/\">informativo gratuito por correo.<\/a><\/p>\n","protected":false},"excerpt":{"rendered":"<p>Si usted est\u00e1 enfrentando una lesi\u00f3n personal grave, puede ser frustrante y confuso si usted no tiene la abogada adecuada.\u00a0 Somos accesibles y queremos hacer que el uso del sistema legal sea lo m\u00e1s f\u00e1cil posible para usted. Nuestra bufete en Elgin esta para ayudar.\u00a0 Perm\u00edtanos ayudarle cuando necesite una abogada de confianza en las&#8230; <a class=\"more-link\" href=\"https:\/\/cadizlaw.com\/es\/aboutus\/\">Read More<\/a><\/p>\n","protected":false},"author":4,"featured_media":0,"parent":0,"menu_order":0,"comment_status":"closed","ping_status":"closed","template":"","meta":{"_acf_changed":false,"_monsterinsights_skip_tracking":false,"_monsterinsights_sitenote_active":false,"_monsterinsights_sitenote_note":"","_monsterinsights_sitenote_category":0,"_genesis_hide_title":false,"_genesis_hide_breadcrumbs":false,"_genesis_hide_singular_image":false,"_genesis_hide_footer_widgets":false,"_genesis_custom_body_class":"","_genesis_custom_post_class":"","_genesis_layout":"","footnotes":""},"class_list":{"0":"post-801","1":"page","2":"type-page","3":"status-publish","5":"entry"},"acf":[],"_links":{"self":[{"href":"https:\/\/cadizlaw.com\/es\/wp-json\/wp\/v2\/pages\/801","targetHints":{"allow":["GET"]}}],"collection":[{"href":"https:\/\/cadizlaw.com\/es\/wp-json\/wp\/v2\/pages"}],"about":[{"href":"https:\/\/cadizlaw.com\/es\/wp-json\/wp\/v2\/types\/page"}],"author":[{"embeddable":true,"href":"https:\/\/cadizlaw.com\/es\/wp-json\/wp\/v2\/users\/4"}],"replies":[{"embeddable":true,"href":"https:\/\/cadizlaw.com\/es\/wp-json\/wp\/v2\/comments?post=801"}],"version-history":[{"count":0,"href":"https:\/\/cadizlaw.com\/es\/wp-json\/wp\/v2\/pages\/801\/revisions"}],"wp:attachment":[{"href":"https:\/\/cadizlaw.com\/es\/wp-json\/wp\/v2\/media?parent=801"}],"curies":[{"name":"wp","href":"https:\/\/api.w.org\/{rel}","templated":true}]}}