{"id":803,"date":"2019-08-22T15:05:33","date_gmt":"2019-08-22T20:05:33","guid":{"rendered":"http:\/\/oconnorcadizac.wpenginepowered.com\/?page_id=803"},"modified":"2024-07-09T10:43:43","modified_gmt":"2024-07-09T15:43:43","slug":"car-accidents","status":"publish","type":"page","link":"https:\/\/cadizlaw.com\/es\/practice-areas\/car-accidents\/","title":{"rendered":"Accidentes Automovil\u00edsticos"},"content":{"rendered":"<p>Los accidentes automovil\u00edsticos en Elgin ocurren con demasiada frecuencia. Con su poblaci\u00f3n en r\u00e1pido crecimiento y la belleza del r\u00edo Fox, tenemos m\u00e1s tr\u00e1fico que nunca. Desafortunadamente, esto tambi\u00e9n significa m\u00e1s accidentes automovil\u00edsticos. En un instante, su vida puede cambiar, dej\u00e1ndolo herido y confundido. Despu\u00e9s de un accidente automovil\u00edstico grave, usted se encontrar\u00e1 con muchas preguntas. Tiene preguntas sobre la mejor manera de tratar con el otro conductor, las compa\u00f1\u00edas de seguros, la polic\u00eda, los formularios m\u00e9dicos y de facturaci\u00f3n, su auto, y posiblemente incluso su trabajo, todo mientras trata de recuperarse f\u00edsicamente.<\/p>\n<h2>Saber qu\u00e9 hacer inmediatamente despu\u00e9s de un accidente automovil\u00edstico<\/h2>\n<p>Una de las primeras cosas que usualmente sucede despu\u00e9s de un accidente automovil\u00edstico con lesiones, es un reporte a la polic\u00eda. En Illinois, los conductores est\u00e1n obligados a presentar un informe de accidente de motorista a m\u00e1s tardar 10 d\u00edas despu\u00e9s de un accidente, si el accidente caus\u00f3 m\u00e1s de $1,500.00 en da\u00f1os o si alguien result\u00f3 herido o muri\u00f3 en el accidente. Este reporte de accidente tiene que ser enviado al Departamento de Transporte de Illinois. Si la polic\u00eda no lleg\u00f3 al lugar del accidente, usted tambi\u00e9n debe presentar una denuncia ante las autoridades despu\u00e9s de un accidente automovil\u00edstico. Es posible que la polic\u00eda haya venido al lugar de los hechos para prestar asistencia, ayudar con el intercambio de informaci\u00f3n, reunir informaci\u00f3n sobre los testigos, preparar un informe y, posiblemente, emitir una multa contra el conductor culpable. Es importante que proporcione los hechos \u2013 y s\u00f3lo los hechos \u2013 tal como los recuerda. Sea honesto, pero no redacte un editorial ni admita la culpa, ya que la culpa no siempre es clara y las consecuencias de un accidente no son el momento ni el lugar para discutir la culpa. Lo que es importante es cooperar con las fuerzas de seguridad y buscar tratamiento m\u00e9dico si se lastim\u00f3. El resto puede esperar. Tambi\u00e9n debe reportar r\u00e1pidamente los hechos del accidente a su propia compa\u00f1\u00eda de seguros y evitar hablar con la compa\u00f1\u00eda de seguros de la otra parte, hasta que haya tenido la oportunidad de hablar con un abogado, incluso si sabe que el accidente no fue su culpa y no tiene nada que ocultar. Las compa\u00f1\u00edas de seguros querr\u00e1n tomar el control sobre usted y la situaci\u00f3n, pero jugar con sus reglas es a menudo la cosa m\u00e1s da\u00f1ina que usted puede hacer.<\/p>\n<h2>Lo que necesita probar para tener \u00e9xito en una demanda por lesiones personales despu\u00e9s de un accidente automovil\u00edstico:<\/h2>\n<p>En Illinois, para tener \u00e9xito en un reclamo o demanda contra el conductor de otro auto (o el conductor del auto en el que usted se encontraba, si usted era un pasajero), usted necesita poder probar algunas cosas:<\/p>\n<ul>\n<li>Negligencia: Todos los conductores tienen el deber de prevenir da\u00f1os a los dem\u00e1s. Usted necesita probar que el otro conductor cumpli\u00f3 con su deber al hacer algo incorrecto, por ejemplo, al seguir su auto demasiado de cerca, pasar una luz roja o no poder detenerse a tiempo para prevenir un accidente. Esto se llama negligencia.<\/li>\n<li>Lesi\u00f3n: Si el otro conductor fue negligente, pero usted no se lastim\u00f3, entonces usted no tiene un caso de lesiones personales. Sin embargo, es posible que tenga un caso contra el otro conductor por da\u00f1os.<\/li>\n<li>Causaci\u00f3n, o \u201ccausa pr\u00f3xima\u201d es lo que vincula la negligencia con la lesi\u00f3n. Usted debe demostrar que no s\u00f3lo que el otro conductor fue negligente, sino que la negligencia caus\u00f3 el accidente y que el accidente caus\u00f3 su lesi\u00f3n. Nada puede ser asumido.<\/li>\n<\/ul>\n<h2>\u00bfQui\u00e9n tuvo la culpa? \u00bfY si la culpa fue compartida?<\/h2>\n<p>Los accidentes no siempre son completamente culpa de una persona o de la otra.\u00a0<a href=\"http:\/\/cadizlaw.com\/es\/blog\/how-fault-is-determined-in-a-car-accident\/\">\u00bfC\u00f3mo se determina la culpa de su accidente de auto?<\/a>Los accidentes no siempre son completamente culpa de una persona, o de la otra. A veces ambos conductores contribuyeron al accidente. Diferentes estados tienen diferentes reglas sobre esto, y en Illinois existe algo llamado Negligencia Contributiva. B\u00e1sicamente, significa que, si usted tiene m\u00e1s del 50% de culpa, no puede ganar. Si usted tiene menos del 50% de culpa, pero aun as\u00ed participa en el accidente, usted puede recuperar del otro conductor, pero lo que usted tiene derecho a recibir es reducido por la cantidad de culpa que usted tuvo. Por ejemplo, digamos que usted se lastim\u00f3 en un accidente automovil\u00edstico, pero mientras que el accidente fue principalmente culpa de la otra persona, usted no estaba completamente libre de culpa. \u00bfCu\u00e1nto fue culpa de cada uno de ustedes por causar el accidente? No hay una ciencia exacta detr\u00e1s de esto y cuando parece igual, un juez o un jurado pueden estar decidiendo esta cuesti\u00f3n. Si usted fuera el 20% la causa del accidente, la cantidad de dinero que usted hubiera recibido si el otro conductor fuera el 100% culpable, se reducir\u00e1 en un 20%. Por ejemplo:<\/p>\n<p>$60,000 es el valor de su caso<\/p>\n<p>20% de tu culpa<\/p>\n<p>$60,000 x 20% = $12,000<\/p>\n<p>$60,000 menos $12,000 = $48,000<\/p>\n<p>El valor de su caso = $48,000<\/p>\n<p>En el ejemplo anterior, si fue lo contrario y el otro conductor s\u00f3lo tuvo un 20% de culpa, usted pierda por completo su caso porque usted fue mas de 50% culpable.<\/p>\n<h2>\u00bfSe determina la falla bas\u00e1ndose en el tipo de accidente automovil\u00edstico?<\/h2>\n<p>Parece haber una creencia generalizada de que dependiendo del \u201ctipo\u201d de accidente, la culpa se vuelve obvia, pero ciertamente no siempre es as\u00ed. Por ejemplo, algunas personas piensan que, en los accidentes automovil\u00edsticos por detr\u00e1s, el coche que estaba en la parte trasera y choc\u00f3 con el coche que ten\u00eda delante era autom\u00e1ticamente el culpable. Si bien este es a menudo el caso, no es necesariamente as\u00ed. Por ejemplo, \u00bfqu\u00e9 pasa si el primer coche se detiene repentinamente, frenando para evitar a una familia de patos? Dicho esto, es una buena idea tomar nota de todo lo que pueda recordar sobre el accidente, tan pronto como pueda. Esto incluye c\u00f3mo usted o sus pasajeros u otros testigos recuerdan que sucedi\u00f3. Los tipos comunes de accidentes automovil\u00edsticos incluyen:<\/p>\n<p>Choques en el extremo trasero<br \/>\n<a href=\"http:\/\/cadizlaw.com\/es\/blog\/who-is-at-fault-for-a-t-bone-accident\/\">Colisi\u00f3n lateral<\/a><br \/>\nChoques relacionados con la intersecci\u00f3n en los sem\u00e1foros o se\u00f1ales de alto<br \/>\nAccidentes por cambio de carril<br \/>\nAccidentes de \u00e1ngulo muerto<br \/>\nAccidentes en el \u00e1rea de construcci\u00f3n<br \/>\nEncabezar las colisiones<br \/>\nChoques por impacto lateral o por deslizamiento lateral<br \/>\nChoques de Fusi\u00f3n de Autopistas<br \/>\nChoques por vuelco de veh\u00edculos<br \/>\n<a href=\"http:\/\/cadizlaw.com\/es\/blog\/uninsured-motorist-insurance-for-hit-and-run-accident-victims\/\">Accidentes de atropello y fuga<\/a><br \/>\nApilamiento de varios coches<br \/>\nConducci\u00f3n en estado de ebriedad o accidentes de conducci\u00f3n distra\u00edda<\/p>\n<h2>Obtener atenci\u00f3n m\u00e9dica<\/h2>\n<p>Es cierto lo que dicen, lo m\u00e1s importante despu\u00e9s de cualquier tipo de accidente es que nadie result\u00f3 herido. Lamentablemente, no siempre es as\u00ed. Si usted piensa que est\u00e1 herido, a menudo es prudente que por lo menos sea examinado por un m\u00e9dico tan pronto como sea posible. A veces el dolor no se siente inmediatamente y puede que no aparezca hasta al d\u00eda siguiente o incluso alg\u00fan tiempo despu\u00e9s. Si recibe instrucciones de un m\u00e9dico, fisioterapeuta o quiropr\u00e1ctico, es importante que siga sus consejos cuidadosamente y haga lo que pueda para sentirse mejor pronto. Las lesiones causadas por accidentes automovil\u00edsticos van de leves a graves y, por supuesto, provocan numerosas muertes en carretera cada a\u00f1o. Las personas pueden querer contratar, o al menos consultar con un abogado si tienen uno o m\u00e1s de estos tipos de lesiones:<\/p>\n<ul>\n<li>Lesiones por latigazo cervical o `tejido blando\u2019, a menudo en el cuello o la espalda (no aparecen en las radiograf\u00edas)<\/li>\n<li>Huesos rotos<\/li>\n<li>Muerte por negligencia (muerte de un ser querido)<\/li>\n<li>Discos herniados<\/li>\n<li>Costillas agrietadas o rotas<\/li>\n<li>Lesiones en las rodillas<\/li>\n<li>Lesiones en la cabeza<\/li>\n<li>Hemorragia interna y la lista contin\u00faa\u2026<\/li>\n<\/ul>\n<h2>\u00bfPor qu\u00e9 puedo ser compensado?<\/h2>\n<p>Los da\u00f1os de un caso de accidente automovil\u00edstico generalmente consiste en el reembolso de gastos m\u00e9dicos, medicamentos recetados, dispositivos m\u00e9dicos, tiempo perdido de trabajo debido al accidente,\u00a0<a href=\"http:\/\/cadizlaw.com\/es\/blog\/pain-suffering-and-mental-anguish-after-an-il-car-accident\/\">dolor y sufrimiento<\/a>Los \u201cda\u00f1os\u201d de un caso de accidente de tr\u00e1fico suelen consistir en el reembolso de gastos m\u00e9dicos, medicamentos recetados, dispositivos m\u00e9dicos, tiempo perdido en el trabajo debido al accidente, dolor y sufrimiento, etc. Dependiendo de las circunstancias exactas de su caso, algunos de los puntos anteriores no se aplicar\u00e1n a su caso o puede haber otros puntos que se aplican que no se incluyeron anteriormente. Contrariamente a la creencia popular, no existe una f\u00f3rmula m\u00e1gica para determinar cu\u00e1nto vale su caso.<\/p>\n<h2>What If I have questions but am not ready to hire a lawyer?<\/h2>\n<p>Usted sabe que tiene preguntas legales, pero no est\u00e1 seguro si necesita contratar a un abogado. Necesita respuestas. Usted ha venido al lugar correcto. La realidad es que tal vez no necesite contratar a un abogado de lesiones personales, pero si se lesion\u00f3 en un accidente automovil\u00edstico, al menos deber\u00eda estar dando todos los pasos para averiguar c\u00f3mo funciona todo esto. La recopilaci\u00f3n de informaci\u00f3n puede ayudar mucho a evitar cometer errores costosos que podr\u00edan perjudicarlo m\u00e1s adelante. Es una buena idea educarse antes de tomar llamadas de la otra compa\u00f1\u00eda de seguros y ciertamente antes de firmar cualquier cosa. En este sitio encontrar\u00e1 muchas respuestas a las preguntas m\u00e1s frecuentes. Creo en dar informaci\u00f3n s\u00f3lida y honesta a las v\u00edctimas de accidentes en Illinois para que puedan tomar el mejor curso de acci\u00f3n despu\u00e9s de haber sido lastimados. Por supuesto, si usted est\u00e1 listo para hablar y est\u00e1 considerando contratar a un abogado, aseg\u00farese de comunicarse con nosotros para averiguar si podemos ayudarle. O quiz\u00e1s tiene la pregunta\u00a0<a href=\"http:\/\/cadizlaw.com\/es\/blog\/cost-to-hire-an-accident-attorney-for-personal-injury-in-il\/\">cuanto cuesta contratar a una abogada de lesiones?<\/a>En este sitio encontrar\u00e1 muchas respuestas a las preguntas m\u00e1s frecuentes. Creo en brindar informaci\u00f3n s\u00f3lida y honesta a las v\u00edctimas de accidentes de Illinois para que puedan tomar el mejor curso de acci\u00f3n despu\u00e9s de haber resultado heridos. Por supuesto, si est\u00e1 listo para hablar y est\u00e1 considerando contratar a un abogado, aseg\u00farese de comunicarse para averiguar si podemos ayudarlo.<\/p>\n<p>Si result\u00f3 herido en Elgin, o en cualquier lugar del \u00e1rea de Chicago, ll\u00e1menos al 630 250-8809 para programar una sesi\u00f3n de estrategia gratuita y sin compromiso. Estamos disponibles por tel\u00e9fono, Zoom o en persona en nuestra oficina de Elgin, ubicada en McLean Blvd. Averig\u00fce cu\u00e1les son sus derechos legales para que pueda estar tranquilo.<\/p>\n","protected":false},"excerpt":{"rendered":"<p>Los accidentes automovil\u00edsticos en Elgin ocurren con demasiada frecuencia. Con su poblaci\u00f3n en r\u00e1pido crecimiento y la belleza del r\u00edo Fox, tenemos m\u00e1s tr\u00e1fico que nunca. Desafortunadamente, esto tambi\u00e9n significa m\u00e1s accidentes automovil\u00edsticos. En un instante, su vida puede cambiar, dej\u00e1ndolo herido y confundido. Despu\u00e9s de un accidente automovil\u00edstico grave, usted se encontrar\u00e1 con muchas&#8230; <a class=\"more-link\" href=\"https:\/\/cadizlaw.com\/es\/practice-areas\/car-accidents\/\">Read More<\/a><\/p>\n","protected":false},"author":4,"featured_media":1035,"parent":819,"menu_order":0,"comment_status":"closed","ping_status":"closed","template":"","meta":{"_acf_changed":false,"_monsterinsights_skip_tracking":false,"_monsterinsights_sitenote_active":false,"_monsterinsights_sitenote_note":"","_monsterinsights_sitenote_category":0,"_genesis_hide_title":false,"_genesis_hide_breadcrumbs":false,"_genesis_hide_singular_image":false,"_genesis_hide_footer_widgets":false,"_genesis_custom_body_class":"","_genesis_custom_post_class":"","_genesis_layout":"","footnotes":""},"class_list":{"0":"post-803","1":"page","2":"type-page","3":"status-publish","4":"has-post-thumbnail","6":"entry"},"acf":[],"_links":{"self":[{"href":"https:\/\/cadizlaw.com\/es\/wp-json\/wp\/v2\/pages\/803","targetHints":{"allow":["GET"]}}],"collection":[{"href":"https:\/\/cadizlaw.com\/es\/wp-json\/wp\/v2\/pages"}],"about":[{"href":"https:\/\/cadizlaw.com\/es\/wp-json\/wp\/v2\/types\/page"}],"author":[{"embeddable":true,"href":"https:\/\/cadizlaw.com\/es\/wp-json\/wp\/v2\/users\/4"}],"replies":[{"embeddable":true,"href":"https:\/\/cadizlaw.com\/es\/wp-json\/wp\/v2\/comments?post=803"}],"version-history":[{"count":0,"href":"https:\/\/cadizlaw.com\/es\/wp-json\/wp\/v2\/pages\/803\/revisions"}],"up":[{"embeddable":true,"href":"https:\/\/cadizlaw.com\/es\/wp-json\/wp\/v2\/pages\/819"}],"wp:featuredmedia":[{"embeddable":true,"href":"https:\/\/cadizlaw.com\/es\/wp-json\/wp\/v2\/media\/1035"}],"wp:attachment":[{"href":"https:\/\/cadizlaw.com\/es\/wp-json\/wp\/v2\/media?parent=803"}],"curies":[{"name":"wp","href":"https:\/\/api.w.org\/{rel}","templated":true}]}}