{"id":807,"date":"2019-08-22T15:21:29","date_gmt":"2019-08-22T20:21:29","guid":{"rendered":"http:\/\/oconnorcadizac.wpenginepowered.com\/?page_id=807"},"modified":"2024-07-09T10:52:32","modified_gmt":"2024-07-09T15:52:32","slug":"legal-action-after-a-bicycle-accident-in-and-around-chicago","status":"publish","type":"page","link":"https:\/\/cadizlaw.com\/es\/practice-areas\/legal-action-after-a-bicycle-accident-in-and-around-chicago\/","title":{"rendered":"Accidentes de bicicleta"},"content":{"rendered":"<p>Andar en bicicleta es una manera fant\u00e1stica de moverse por Elgin, o cerca del r\u00edo Fox, en el centro de la ciudad o alrededor de la ciudad. Aunque andar en bicicleta no est\u00e1 sin riesgo de lesiones. Desafortunadamente, los accidentes con autos y otros veh\u00edculos son comunes en el \u00e1rea de Chicago, dada la cantidad de tr\u00e1fico que tenemos y el n\u00famero de conductores que comparten la carretera con los veh\u00edculos. Si usted fue atropellado por un coche mientras conduc\u00eda su bicicleta, probablemente se lastim\u00f3 y lo m\u00e1s probable es que fuera algo serio, ya que una bicicleta no ofrece ninguna protecci\u00f3n a su cuerpo de la misma manera que lo hace el conducir un coche.<\/p>\n<p>Probablemente se est\u00e9 preguntando si tiene un caso contra el conductor que lo atropell\u00f3. Al igual que con cualquier otro caso de lesiones personales, para tener \u00e9xito en una demanda legal contra el conductor, usted debe probar que el conductor hizo algo mal y actu\u00f3 con negligencia de una manera que caus\u00f3 el accidente con su bicicleta. Tambi\u00e9n debe demostrar que las lesiones que sufri\u00f3 fueron causadas directamente por el accidente. Esto es lo que se requiere legalmente en una demanda contra el conductor. Si usted tiene o no un reclamo v\u00e1lido debe ser evaluado por un abogado de su elecci\u00f3n y no por el ajustador de reclamos que trabaja para la compa\u00f1\u00eda de seguros del conductor. No importa lo que la compa\u00f1\u00eda de seguros le diga a usted y no importa que tan arrepentido y sincero sea el conductor, la compa\u00f1\u00eda de seguros no est\u00e1 de su lado.<\/p>\n<p><img loading=\"lazy\" decoding=\"async\" class=\"size-medium wp-image-989 aligncenter\" src=\"http:\/\/cadizlaw.com\/wp-content\/uploads\/2019\/08\/bicycle-300x78.jpg\" alt=\"\" width=\"300\" height=\"78\" srcset=\"https:\/\/cadizlaw.com\/wp-content\/uploads\/2019\/08\/bicycle-300x78.jpg 300w, https:\/\/cadizlaw.com\/wp-content\/uploads\/2019\/08\/bicycle-768x200.jpg 768w, https:\/\/cadizlaw.com\/wp-content\/uploads\/2019\/08\/bicycle-1024x267.jpg 1024w, https:\/\/cadizlaw.com\/wp-content\/uploads\/2019\/08\/bicycle.jpg 1920w\" sizes=\"auto, (max-width: 300px) 100vw, 300px\" \/><\/p>\n<h2>\u00bfDeber\u00eda hablar con la compa\u00f1\u00eda de seguros del conductor despu\u00e9s de ser golpeado mientras andaba en mi bicicleta?<\/h2>\n<p>Usted definitivamente no debe hablar con la compa\u00f1\u00eda de seguros del otro conductor hasta que est\u00e9 listo para hacerlo en sus propios t\u00e9rminos y despu\u00e9s de hablar con su propio abogado primero. La compa\u00f1\u00eda de seguros del conductor cotizar\u00e1 ser\u00e1 muy impaciente y querr\u00e1 resolver su reclamo lo m\u00e1s pronto posible, ya sea para negar el reclamo o para pagarle menos de lo que usted tiene derecho a recibir. Los ajustadores de reclamos est\u00e1n altamente capacitados para deshacerse de su reclamo tan r\u00e1pido y barato como sea posible, lo cual no va a ser a su mejor favor.<\/p>\n<h2>\u00bfQu\u00e9 debo hacer si me atropella un coche mientras ando en bicicleta?<\/h2>\n<p>Los accidentes de ciclismo pueden ser graves, especialmente si usted ha sido atropellado por un autom\u00f3vil u otro veh\u00edculo en la calle. Incluso los ciclistas m\u00e1s precavidos pueden ser golpeados y todos en la carretera tienen el deber de hacer todo lo posible para evitar accidentes. Sin embargo, si usted o un miembro de su familia ha sido golpeado mientras andaba en bicicleta, aqu\u00ed hay una lista b\u00e1sica de pasos que se deben tomar desde el principio.<\/p>\n<ul>\n<li>Busque Atenci\u00f3n M\u00e9dica. Busque atenci\u00f3n m\u00e9dica inmediatamente. Es especialmente importante que sea revisado por un m\u00e9dico si usted estuvo en un accidente de bicicleta contra un accidente automovil\u00edstico, ya que estas lesiones pueden ser serias y a veces incluso poner en peligro la vida. Los m\u00e9dicos de la sala de emergencias a menudo ven las siguientes lesiones en los accidentes de bicicleta: <img loading=\"lazy\" decoding=\"async\" class=\"size-medium wp-image-988 alignright\" src=\"http:\/\/cadizlaw.com\/wp-content\/uploads\/2019\/08\/bicycle-accident-300x125.jpg\" alt=\"\" width=\"300\" height=\"125\" srcset=\"https:\/\/cadizlaw.com\/wp-content\/uploads\/2019\/08\/bicycle-accident-300x125.jpg 300w, https:\/\/cadizlaw.com\/wp-content\/uploads\/2019\/08\/bicycle-accident-768x320.jpg 768w, https:\/\/cadizlaw.com\/wp-content\/uploads\/2019\/08\/bicycle-accident-1024x427.jpg 1024w, https:\/\/cadizlaw.com\/wp-content\/uploads\/2019\/08\/bicycle-accident.jpg 1200w\" sizes=\"auto, (max-width: 300px) 100vw, 300px\" \/>\n<ul>\n<li>Traumatismo craneal y lesi\u00f3n cerebral<\/li>\n<li>Cortes y moretones en la espalda<\/li>\n<li>Huesos rotos<\/li>\n<li>Dolor de cuello<\/li>\n<li>Problemas de espalda<\/li>\n<li>Lesiones en la columna vertebral<\/li>\n<\/ul>\n<\/li>\n<li>Reporte el Accidente. Si la polic\u00eda no fue llamada al lugar del accidente, reporte el accidente a la polic\u00eda tan pronto como est\u00e9 lo suficientemente bien para hacerlo. Esperemos que el conductor se haya detenido para proporcionarle ayuda y que tambi\u00e9n haya proporcionado su informaci\u00f3n a la polic\u00eda. Si el conductor fue el culpable del accidente, mientras que usted puede finalmente recuperarse de su compa\u00f1\u00eda de seguros, usted tambi\u00e9n debe reportar el accidente a su propia compa\u00f1\u00eda de seguros, aunque usted no estuviera al volante de un autom\u00f3vil. H\u00e1gale saber al oficial de polic\u00eda si usted siente que puede haber sido lastimado, ya que esta es informaci\u00f3n importante que debe ser reflejada en el reporte policial. Tambi\u00e9n proporcione al agente cualquier informaci\u00f3n que recuerde sobre el accidente, si se siente lo suficientemente bien para hacerlo.<\/li>\n<li>Tome fotograf\u00edas. Tome fotograf\u00edas de su bicicleta desde todos los \u00e1ngulos o p\u00eddale a otra persona que tome fotograf\u00edas por usted. No se deshaga de la bicicleta. Si usted llevaba un casco y el casco estaba da\u00f1ado, tambi\u00e9n debe tomar fotograf\u00edas del casco y no tirarlo (sin embargo, no debe usarlo m\u00e1s y debe comprar uno nuevo cuando est\u00e9 listo para montar de nuevo). Tome fotograf\u00edas de su cuerpo con especial atenci\u00f3n a las partes que fueron lesionadas, como moretones o cortes. La forma en que se ven sus lesiones puede cambiar con el tiempo y puede volver a fotografiarse en diferentes momentos ya que los recuerdos se desvanecen. Las fotos no s\u00f3lo le ayudar\u00e1n a recordar m\u00e1s tarde, sino que tambi\u00e9n ser\u00e1n una parte importante para probar su reclamaci\u00f3n.<\/li>\n<li>Hable con un abogado Elgin o del \u00e1rea de Chicago para conocer sus derechos. Hablar con un abogado despu\u00e9s de un accidente mientras conduce su bicicleta es una buena idea para que usted pueda aprender sobre los derechos que tiene y discutir qui\u00e9n puede haber tenido la culpa del accidente. No conf\u00ede en que la compa\u00f1\u00eda de seguros se preocupe por usted porque su trabajo es justo lo contrario. Un buen abogado discutir\u00e1 los eventos del accidente con usted y le dar\u00e1 una evaluaci\u00f3n honesta de lo que usted puede estar enfrentando desde un punto de vista legal. No se trata s\u00f3lo de dinero, sino tambi\u00e9n de asegurarse de que no tiene que preocuparse por todas las facturas que le lleguen de los distintos proveedores m\u00e9dicos. Tambi\u00e9n se trata de responsabilizar a la persona que te golpe\u00f3 por sus acciones, a pesar de que fue un accidente.<\/li>\n<\/ul>\n<h2>\u00bfA qu\u00e9 compensaci\u00f3n tengo derecho despu\u00e9s de un accidente de bicicleta?<\/h2>\n<p>Incluso si usted tuvo parte de la culpa, es posible que tenga derecho a una cierta recuperaci\u00f3n. Las v\u00edctimas de accidentes de bicicleta pueden tener derecho a una compensaci\u00f3n por algunos o todos los siguientes aspectos:<\/p>\n<ul>\n<li>Facturas m\u00e9dicas, incluyendo radiograf\u00edas y pruebas, ambulancia, hospital y facturas de m\u00e9dicos.<\/li>\n<li>Medicamentos.<\/li>\n<li>Dolor y Sufrimiento<\/li>\n<li>P\u00e9rdida de una vida normal.<\/li>\n<li>Cicatrices o desfiguraci\u00f3n.<\/li>\n<li>P\u00e9rdida de salario en el trabajo.<\/li>\n<li>Reemplazo de bicicletas.<\/li>\n<\/ul>\n<h2>\u00bfQu\u00e9 tengo que demostrar para recuperarme del conductor que me atropell\u00f3 mientras conduc\u00eda mi bicicleta?<\/h2>\n<p>Al igual que con cualquier caso de lesiones personales en Illinois, para poder presentar una demanda contra el conductor del autom\u00f3vil que lo golpe\u00f3, debe demostrar que el otro conductor hizo algo mal, incluso si fue accidental. Cada conductor tiene la obligaci\u00f3n de mantener a los dem\u00e1s a salvo, incluyendo a los ciclistas que comparten la carretera. A veces los conductores est\u00e1n usando ilegalmente un tel\u00e9fono celular, exceso de velocidad o pasan un sem\u00e1foro. Otras veces hicieron algo malo al no prestar atenci\u00f3n a su entorno.<\/p>\n<p>Los choques que involucran a un auto y una bicicleta generalmente ocurren en un instante y puede ser dif\u00edcil entender exactamente lo que sucedi\u00f3. Escriba todo lo que pueda recordar sobre el accidente tan pronto como pueda. Si hubo testigos, aseg\u00farese de anotar sus nombres y n\u00fameros de tel\u00e9fono para uso futuro. Ellos pueden haber visto algo que otros no vieron y pueden ser muy \u00fatiles para ayudar a determinar lo que sucedi\u00f3 antes de su accidente de bicicleta.<\/p>\n<p>Despu\u00e9s de probar de qui\u00e9n fue la culpa, o de qui\u00e9n fue la mayor parte de la culpa, usted necesita ser capaz de demostrar que usted fue herido f\u00edsicamente y que sus lesiones fueron causadas por el accidente. Por eso es importante que su proveedor m\u00e9dico sepa todo lo que usted sinti\u00f3 despu\u00e9s del accidente y que no sinti\u00f3 antes de ser atropellado por el auto (u otra bicicleta). Esto debe estar bien documentado, al igual que todas sus p\u00e9rdidas. Si usted perdi\u00f3 tiempo del trabajo, su abogado le ayudar\u00e1 a obtener la documentaci\u00f3n para esto. Guarde los recibos de cualquier receta que le hayan dado por el accidente. Su abogado tambi\u00e9n le ayudar\u00e1 a reunir las facturas m\u00e9dicas, ya que \u00e9stas tendr\u00e1n que ser admitidas como parte de su reclamo.<\/p>\n<p>Los accidentes de bicicletas pueden ser muy graves y es probable que tenga muchas preguntas sobre el aspecto legal. Si su accidente ocurri\u00f3 en Illinois, ll\u00e1menos al 630 250-8809 para hablar con la abogada en una sesi\u00f3n de estrategia gratuita donde sus preguntas ser\u00e1n contestadas. No hay obligaci\u00f3n de contratarnos ni de hacer nada, simplemente debe informarse para que pueda decidir cu\u00e1l ser\u00e1 su pr\u00f3ximo paso y protegerse en caso de que decida iniciar una acci\u00f3n legal. Estamos ubicados en la calle McLean en Elgin Illinois, condado Kane. Estamos orgullosos de servir a Elgin y toda el \u00e1rea de Chicagoland.<\/p>\n","protected":false},"excerpt":{"rendered":"<p>Andar en bicicleta es una manera fant\u00e1stica de moverse por Elgin, o cerca del r\u00edo Fox, en el centro de la ciudad o alrededor de la ciudad. Aunque andar en bicicleta no est\u00e1 sin riesgo de lesiones. Desafortunadamente, los accidentes con autos y otros veh\u00edculos son comunes en el \u00e1rea de Chicago, dada la cantidad&#8230; <a class=\"more-link\" href=\"https:\/\/cadizlaw.com\/es\/practice-areas\/legal-action-after-a-bicycle-accident-in-and-around-chicago\/\">Read More<\/a><\/p>\n","protected":false},"author":4,"featured_media":988,"parent":819,"menu_order":0,"comment_status":"closed","ping_status":"closed","template":"","meta":{"_acf_changed":false,"_monsterinsights_skip_tracking":false,"_monsterinsights_sitenote_active":false,"_monsterinsights_sitenote_note":"","_monsterinsights_sitenote_category":0,"_genesis_hide_title":false,"_genesis_hide_breadcrumbs":false,"_genesis_hide_singular_image":false,"_genesis_hide_footer_widgets":false,"_genesis_custom_body_class":"","_genesis_custom_post_class":"","_genesis_layout":"","footnotes":""},"class_list":{"0":"post-807","1":"page","2":"type-page","3":"status-publish","4":"has-post-thumbnail","6":"entry"},"acf":[],"_links":{"self":[{"href":"https:\/\/cadizlaw.com\/es\/wp-json\/wp\/v2\/pages\/807","targetHints":{"allow":["GET"]}}],"collection":[{"href":"https:\/\/cadizlaw.com\/es\/wp-json\/wp\/v2\/pages"}],"about":[{"href":"https:\/\/cadizlaw.com\/es\/wp-json\/wp\/v2\/types\/page"}],"author":[{"embeddable":true,"href":"https:\/\/cadizlaw.com\/es\/wp-json\/wp\/v2\/users\/4"}],"replies":[{"embeddable":true,"href":"https:\/\/cadizlaw.com\/es\/wp-json\/wp\/v2\/comments?post=807"}],"version-history":[{"count":0,"href":"https:\/\/cadizlaw.com\/es\/wp-json\/wp\/v2\/pages\/807\/revisions"}],"up":[{"embeddable":true,"href":"https:\/\/cadizlaw.com\/es\/wp-json\/wp\/v2\/pages\/819"}],"wp:featuredmedia":[{"embeddable":true,"href":"https:\/\/cadizlaw.com\/es\/wp-json\/wp\/v2\/media\/988"}],"wp:attachment":[{"href":"https:\/\/cadizlaw.com\/es\/wp-json\/wp\/v2\/media?parent=807"}],"curies":[{"name":"wp","href":"https:\/\/api.w.org\/{rel}","templated":true}]}}