{"id":811,"date":"2019-08-14T12:30:31","date_gmt":"2019-08-14T17:30:31","guid":{"rendered":"http:\/\/cadizlaw.com\/?page_id=811"},"modified":"2024-07-09T10:53:56","modified_gmt":"2024-07-09T15:53:56","slug":"disclaimer","status":"publish","type":"page","link":"https:\/\/cadizlaw.com\/es\/disclaimer\/","title":{"rendered":"Renuncia"},"content":{"rendered":"<p><span style=\"font-weight: 400;\">Toda la informaci\u00f3n legal que se proporciona es general y no debe tomarse como consejo legal, el cual podr\u00eda darse s\u00f3lo despu\u00e9s de que se considere toda la informaci\u00f3n relevante de cada individuo en particular. Adem\u00e1s, la relaci\u00f3n abogado cliente no se crea a trav\u00e9s de este sitio, ni tampoco la persona que visita esta red espere los privilegios que surjan a trav\u00e9s del abogado-cliente, incluyendo pero no limitado a confidencialidad o consejo; ni debe esperar que la visita al sitio web pueda prevenir al despacho de abogadas que represente al lado contrario.\u00a0<\/span><\/p>\n","protected":false},"excerpt":{"rendered":"<p>Toda la informaci\u00f3n legal que se proporciona es general y no debe tomarse como consejo legal, el cual podr\u00eda darse s\u00f3lo despu\u00e9s de que se considere toda la informaci\u00f3n relevante de cada individuo en particular. Adem\u00e1s, la relaci\u00f3n abogado cliente no se crea a trav\u00e9s de este sitio, ni tampoco la persona que visita esta&#8230; <a class=\"more-link\" href=\"https:\/\/cadizlaw.com\/es\/disclaimer\/\">Read More<\/a><\/p>\n","protected":false},"author":4,"featured_media":0,"parent":0,"menu_order":0,"comment_status":"closed","ping_status":"closed","template":"","meta":{"_acf_changed":false,"_monsterinsights_skip_tracking":false,"_monsterinsights_sitenote_active":false,"_monsterinsights_sitenote_note":"","_monsterinsights_sitenote_category":0,"_genesis_hide_title":false,"_genesis_hide_breadcrumbs":false,"_genesis_hide_singular_image":false,"_genesis_hide_footer_widgets":false,"_genesis_custom_body_class":"","_genesis_custom_post_class":"","_genesis_layout":"","footnotes":""},"class_list":{"0":"post-811","1":"page","2":"type-page","3":"status-publish","5":"entry"},"acf":[],"_links":{"self":[{"href":"https:\/\/cadizlaw.com\/es\/wp-json\/wp\/v2\/pages\/811","targetHints":{"allow":["GET"]}}],"collection":[{"href":"https:\/\/cadizlaw.com\/es\/wp-json\/wp\/v2\/pages"}],"about":[{"href":"https:\/\/cadizlaw.com\/es\/wp-json\/wp\/v2\/types\/page"}],"author":[{"embeddable":true,"href":"https:\/\/cadizlaw.com\/es\/wp-json\/wp\/v2\/users\/4"}],"replies":[{"embeddable":true,"href":"https:\/\/cadizlaw.com\/es\/wp-json\/wp\/v2\/comments?post=811"}],"version-history":[{"count":0,"href":"https:\/\/cadizlaw.com\/es\/wp-json\/wp\/v2\/pages\/811\/revisions"}],"wp:attachment":[{"href":"https:\/\/cadizlaw.com\/es\/wp-json\/wp\/v2\/media?parent=811"}],"curies":[{"name":"wp","href":"https:\/\/api.w.org\/{rel}","templated":true}]}}