{"id":813,"date":"2019-08-22T14:55:34","date_gmt":"2019-08-22T19:55:34","guid":{"rendered":"http:\/\/oconnorcadizac.wpenginepowered.com\/?page_id=813"},"modified":"2024-07-09T10:53:10","modified_gmt":"2024-07-09T15:53:10","slug":"dog-bites-in-illinois-and-owner-liability-for-animal-attacks","status":"publish","type":"page","link":"https:\/\/cadizlaw.com\/es\/practice-areas\/dog-bites-in-illinois-and-owner-liability-for-animal-attacks\/","title":{"rendered":"Mordeduras de perro y ataques de animales"},"content":{"rendered":"<p>Cada a\u00f1o aproximadamente 4.7 millones de personas las muerde un perro en los Estados Unidos. Como resultado, frecuentemente las mordeduras de perro se prestan a demandas contra el due\u00f1o del perro. Algunos estados permiten \u00abuna mordida gratis\u201d antes de responsabilizar legalmente al due\u00f1o. Afortunadamente, as\u00ed no funciona bajo la Ley de Control de Animales de Illinois. En Illinois, la ley responsabiliza a los due\u00f1os sin importar del comportamiento anterior del animal. La v\u00edctima de una mordedura de perro se compensa legalmente por sus facturas m\u00e9dicas, dolor y sufrimiento, tiempo que falto a su trabajo, etc. Esta demanda se tiene que poner en un plazo m\u00e1ximo de dos a\u00f1os. Los reclamos por lesiones de animales deben investigarse cuidadosamente y pueden llevar tiempo. Si lo ha mordido o atacado por un perro, no se tarde en hablar con una abogada.<\/p>\n<p>Illinois tiene leyes estrictas cuando se trata de mordeduras de perros y otras lesiones causadas por un animal. Generalmente, no pensamos en las mordeduras de perro cuando estamos cerca de los perros, especialmente si el perro pertenece a alguien que conocemos o si el perro parece ser un perro amistoso. Curiosamente, seg\u00fan la Sociedad Protectora de Animales, la mayor\u00eda de las mordeduras de perros involucran perros que no han sido esterilizados o castrados. Hay aproximadamente 90 millones de perros en este pa\u00eds. Como es imposible saber cu\u00e1ndo un perro va a atacar, siempre es mejor tener cuidado con los perros, especialmente con los que no conocemos. Como todos los animales, los perros pueden comportarse de manera impredecible. Las mordeduras de perro deben tomarse en serio y se debe conseguir atenci\u00f3n m\u00e9dica.<\/p>\n<h2><b>La ley de \u201cuna mordida gratis\u201d no se aplica en Illinois<\/b><\/h2>\n<figure id=\"attachment_1191\" aria-describedby=\"caption-attachment-1191\" style=\"width: 300px\" class=\"wp-caption alignleft\"><img loading=\"lazy\" decoding=\"async\" class=\"size-medium wp-image-1191\" src=\"http:\/\/cadizlaw.com\/wp-content\/uploads\/2023\/04\/iStock-614507658-300x200.jpg\" alt=\"\" width=\"300\" height=\"200\" srcset=\"https:\/\/cadizlaw.com\/wp-content\/uploads\/2023\/04\/iStock-614507658-300x200.jpg 300w, https:\/\/cadizlaw.com\/wp-content\/uploads\/2023\/04\/iStock-614507658-1024x683.jpg 1024w, https:\/\/cadizlaw.com\/wp-content\/uploads\/2023\/04\/iStock-614507658-768x512.jpg 768w, https:\/\/cadizlaw.com\/wp-content\/uploads\/2023\/04\/iStock-614507658.jpg 1254w\" sizes=\"auto, (max-width: 300px) 100vw, 300px\" \/><figcaption id=\"caption-attachment-1191\" class=\"wp-caption-text\">Dog is barking.<\/figcaption><\/figure>\n<p>La ley sobre las mordeduras de perro var\u00eda de un estado a otro. Es posible que haya escuchado la regla de \u201cuna mordida gratis\u201d. Significa que cada perro puede morder una vez antes de que el due\u00f1o pueda ser considerado responsable. Sera porque antes de que el perro muerda a alguien, el due\u00f1o no tiene forma de saber que su mascota es peligrosa. El due\u00f1o del perro tiene solo una oportunidad de que no se le culpe. Esta no es la ley en Chicago ni en ning\u00fan otro lugar del estado de Illinois. En Illinois, tenemos leyes mucho m\u00e1s estrictas cuando un perro muerde o lastima a alguien.\u00a0Aunque si existen algunas defensas, el due\u00f1o de la mascota es legalmente responsable en cualquier momento en que su perro cause una lesi\u00f3n, incluso si el perro siempre se ha portado bien en el pasado.La raz\u00f3n por lo cual tenemos un\u00a0est\u00e1ndarLa ley sobre las mordeduras de perro var\u00eda estado a estado. Es posible que haya escuchado de la regla de \u00abuna mordida gratis\u00bb. Significa que cada perro puede morder una vez antes de que el due\u00f1o pueda ser considerado responsable. La raz\u00f3n por lo cual es porque antes de que un perro muerda a alguien, el due\u00f1o no tiene forma de saber que su mascota es peligrosa. El due\u00f1o del perro solo tiene una oportunidad antes de ser culpable. Esta no es la ley en Chicago, ni en ning\u00fan otro lugar del estado de Illinois. En Illinois, tenemos leyes mucho m\u00e1s estrictas para responsabilizar al due\u00f1o de un perro si el perro muerde o lastima a alguien. Aunque s\u00ed existen algunas defensas, el due\u00f1o de la mascota es legalmente responsable en cualquier momento en que su perro cause una lesi\u00f3n, incluso si el perro siempre se ha portado bien en el pasado. El est\u00e1ndar m\u00e1s alto en Illinois existe para \u00abmantener un control estricto de los animales para proteger al p\u00fablico\u00bb y como un incentivo para evitar que los animales lastimen a otros. Beggs contra Griffith, 393 Ill.App.3d 1050, 1054 (2009) citando a Wilcoxen contra Paige, 174 Ill.App.3d 541, 543 (1988).\u00a0\u00a0<i>Beggs contra Griffith,<\/i>\u00a0<a href=\"https:\/\/www.leagle.com\/cite\/393%20Ill.App.3d%201050\" rel=\"nofollow noopener\" target=\"_blank\">393 Ill.App.3d 1050<\/a>, 1054 (2009)\u00a0citando a\u00a0<i>Wilcoxen contra Paige,<\/i>\u00a0<a href=\"https:\/\/www.leagle.com\/cite\/174%20Ill.App.3d%20541\" rel=\"nofollow noopener\" target=\"_blank\">174 Ill.App.3d 541<\/a>, 543 (1988).<\/p>\n<h2>La Ley de Control de Animales de Illinois<\/h2>\n<figure id=\"attachment_1193\" aria-describedby=\"caption-attachment-1193\" style=\"width: 300px\" class=\"wp-caption alignright\"><img loading=\"lazy\" decoding=\"async\" class=\"size-medium wp-image-1193\" src=\"http:\/\/cadizlaw.com\/wp-content\/uploads\/2023\/04\/iStock-1404274143-300x199.jpg\" alt=\"\" width=\"300\" height=\"199\" srcset=\"https:\/\/cadizlaw.com\/wp-content\/uploads\/2023\/04\/iStock-1404274143-300x199.jpg 300w, https:\/\/cadizlaw.com\/wp-content\/uploads\/2023\/04\/iStock-1404274143-1024x678.jpg 1024w, https:\/\/cadizlaw.com\/wp-content\/uploads\/2023\/04\/iStock-1404274143-768x509.jpg 768w, https:\/\/cadizlaw.com\/wp-content\/uploads\/2023\/04\/iStock-1404274143.jpg 1258w\" sizes=\"auto, (max-width: 300px) 100vw, 300px\" \/><figcaption id=\"caption-attachment-1193\" class=\"wp-caption-text\">Dog injured his small owner<\/figcaption><\/figure>\n<p>La Ley de Control de Animales de Illinois se aplica a cualquier animal o mascota,\u00a0no solamente a los perros.Segun:<b><br \/>\n<\/b>\u201cSi un perro u otro animal, sin provocaci\u00f3n, ataca, intenta atacar o lesiona a cualquier persona comportando pac\u00edficamente en cualquier lugar donde pueda estar legalmente, el due\u00f1o de dicho perro o animal es responsable por pagar los da\u00f1os a la persona por el monto total causada por la lesion.\u00bb<\/p>\n<h2>La ley de Illinois sobre mordeduras de perro<\/h2>\n<p>Para tener \u00e9xito en un reclamo o demanda por mordedura de perro en Illinois, la v\u00edctima debe haber estado actuando pac\u00edficamente antes del ataque. Aunque esto est\u00e1 sujeto a interpretaci\u00f3n, la mayor\u00eda de nosotros conocemos la diferencia entre alguien que simplemente est\u00e1 parado y alguien que est\u00e1 provocando a un perro. La provocaci\u00f3n del perro tambi\u00e9n puede ser accidental, por ejemplo si alguien pise la cola del perro accidentalmente. Esto contar\u00eda como provocar al perro y la persona mordida podr\u00eda perder su caso contra el due\u00f1o.<\/p>\n<p>La v\u00edctima tambi\u00e9n debe estar en alg\u00fan lugar donde tiene derecho a estar. Un ladr\u00f3n no estar\u00eda protegido por la Ley de Control de Animales. No podr\u00eda demandar al propietario si fue lastimado por la mascota mientras roba una casa. Sin embargo, alguien que fue mordido en la casa de otra persona a\u00fan puede presentar una demanda si fue invitado. Tambien aplica a contratistas, trabajadores postales, carteros, ayuda domestica, trabajadores de servicios p\u00fablicos, etc. Adem\u00e1s, si el due\u00f1o de un perro lleva a su mascota a alg\u00fan lugar p\u00fablico como la playa o el parque, pueden ser responsables si su perro muerde a alguien.<\/p>\n<p>La ley de Illinois\u00a0define lo que significa ser due\u00f1o de un animal. De acuerdo con la ley de Illinois, un due\u00f1o es cualquier persona \u201cque tenga un derecho de propiedad sobre un animal, que tenga o albergue a un animal, o que lo tenga a su cuidado, o act\u00fae como su custodio, o que permita que un perro permanezca en cualquier lugar ocupado por \u00e9l o ella \u201c. (Curiosamente, la ley no aplica a cuidadores de gatos salvajes). La palabra \u201cdue\u00f1o\u201d no se utiliza en el sentido tradicional de la palabra. La ley de Illinois da un significado m\u00e1s amplio, probablemente cubra a las personas que acaban de rescatar a un animal y tal vez a\u00fan no hayan decidido si se quedar\u00e1n con el perro o no. Ser\u00e1n legalmente responsables si el perro mordiera a otra persona. La ley tambi\u00e9n incluye a la gente responsables del animal.<\/p>\n<h2>Un interesante caso de mordedura de perro<\/h2>\n<p>En un caso interesante en el condado de DuPage, Illinois, el tribunal no responsabiliz\u00f3 al due\u00f1o verdadero de un perro. El perro mordi\u00f3 a una ni\u00f1a en una parada de autob\u00fas cuando la ni\u00f1a trat\u00f3 de levantar al perro que acababa de escapar de la cl\u00ednica veterinaria donde se hospedaba, a pesar de que las heridas de la ni\u00f1a eran graves y requirieron tres cirug\u00edas durante un per\u00edodo de 8 a\u00f1os.\u00a0<i>Hayes v. Adams<\/i>\u00a02013 IL App (2d) 12068. Quiz\u00e1s la familia de la ni\u00f1a hubiera demandado a la cl\u00ednica veterinaria.<\/p>\n<h2>\u00bfLa lesi\u00f3n fue realmente causada por el animal?<\/h2>\n<p>Los da\u00f1os causados \u200b\u200bpor la mordedura de un perro \u201cprovocados directamente por el animal\u201d significa que la lesi\u00f3n tiene que haber sido realmente causada por lo que hizo el perro. Por ejemplo, si viste a un perro inesperadamente, te asust\u00f3 y luego huiste del perro, golpeando su cabeza contra un poste, la lesi\u00f3n en su cabeza no fue causada por el perro. Si el perro le mordi\u00f3 en la pierna y se infect\u00f3, se trata de una lesi\u00f3n de \u201ccausa inmediata\u201d. A veces es dif\u00edcil notar la diferencia. Una abogada puede ayudarlo a comprender el asunto de \u00abcausalidad\u00bb si cree que puede tener un caso.<\/p>\n<h2>\u00bfA qu\u00e9 tengo derecho despu\u00e9s de una mordedura de perro o un ataque de un animal?<\/h2>\n<p>La ley de Illinois responsabiliza al due\u00f1o de un perro por da\u00f1os civiles. Esto significa que el due\u00f1o de la mascota no enfrentar\u00e1 cargos criminales. S\u00f3lo tendr\u00e1 que proporcionar una compensaci\u00f3n monetaria a la v\u00edctima de la mordedura de perro. No existe ning\u00fan l\u00edmite de da\u00f1os, ni un l\u00edmite de cuanto puede recibir una v\u00edctima de mordedura de perro. Si usted ha sido lesionado por un animal en el estado de Illinois, es posible que pueda recibir una compensaci\u00f3n por lo siguiente:<\/p>\n<ul>\n<li>Facturas m\u00e9dicas: Gastos por sus tratamientos. Estos gastos pueden incluir gastos actuales y gastos futuros, adem\u00e1s de las facturas m\u00e9dicas que ya tiene.<\/li>\n<li>Da\u00f1os a la propiedad: por ejemplo, si el perro arruin\u00f3 su chaqueta durante el ataque.<\/li>\n<li>Ingresos perdidos: esto se aplicar\u00eda cuando una persona pierda tiempo de trabajo directamente relacionado con el ataque de un animal, o si espera faltar al trabajo en el futuro. Por lo general, se refriere al tiempo que se pierde para ir al m\u00e9dico.<\/li>\n<li>Dolor y sufrimiento: esta es una forma general de compensar a las v\u00edctimas de mordeduras de perro por sus molestias. Tambien puede incluir un trauma emocional como tener miedo de los perros despu\u00e9s de la mordedura del animal o tener pesadillas despu\u00e9s.<\/li>\n<\/ul>\n<h2>\u00bfQu\u00e9 debo hacer despu\u00e9s de una mordedura de perro?<\/h2>\n<p>Siempre es buen idea ir al doctor y tomar fotograf\u00edas despu\u00e9s de una mordedura de perro u otra lesi\u00f3n causada por un animal. Puede que no parezca grave, pero es mejor preguntarle a un doctor antes de que suceda una infecci\u00f3n u otro problema m\u00e9dico. Si la lesi\u00f3n resulta ser grave, se debe considerar una demanda. Ll\u00e1manos al 630 250-8813 para hablar con la abogada sobre lo que sucedi\u00f3. Podemos hablar sobre sus opciones legales despu\u00e9s de una mordedura de perro.<\/p>\n<h2>Cuando le mordi\u00f3 el perro de un amigo<\/h2>\n<p>Es natural tener dudas antes de demandar a un amigo, si fue su perro el que lo mordi\u00f3 a usted o a su hijo. Probablemente se sientan muy mal por lo que pas\u00f3 y no querr\u00e1s arruinar la amistad. Sin embargo, la realidad es que podr\u00edan llegar facturas m\u00e9dicas muy altas y consecuencias feas. Si cree que tiene un caso s\u00f3lido, es posible que desee considerar los pros y los contras de iniciar una acci\u00f3n legal. Presentar un reclamo no siempre significa la presentaci\u00f3n de una demanda formal en la corte. Muchas veces los casos se resuelven mucho antes de llegar a corte. Ademas, todas las consecuencias f\u00edsicas del ataque de un animal no siempre son evidentes de inmediato.<\/p>\n<p>En Illinois, los due\u00f1os de casa deben tener un seguro y la mayor\u00eda de las p\u00f3lizas cubren la responsabilidad legal por una mordedura de perro u otro ataque de animales, al igual que muchas p\u00f3lizas para inquilinos. Con suerte, su amigo entender\u00e1 que el seguro existe por una raz\u00f3n y querr\u00e1 que se hagan cargo de sus facturas.<\/p>\n<h2>\u00bfCu\u00e1nto tiempo tengo seg\u00fan la ley de Illinois para presentar una demanda por mordedura de perro?<\/h2>\n<p>No espere para hablar con un abogado despu\u00e9s de una mordedura de perro u otro ataque de animal en Illinois. Se necesita tiempo para investigar los hechos, preparar un caso para obtener el mejor resultado posible, intentar negociaciones y, si es necesario, preparar una demanda.<\/p>\n<p>Las mordeduras de perro siempre son desagradables. Pueden ser peligrosas o incluso, desfigurar a la v\u00edctima. Deben tomarse en serio y muchas veces, una demanda es totalmente apropiada. Si usted o su hijo ha sufrido una mordedura de perro grave, en O\u2019Connor Cadiz Law, podemos hablar de sus opciones. Ll\u00e1manos para programar una sesi\u00f3n de estrategia gratuita y sin compromiso. Podemos ayudarlo por tel\u00e9fono o en nuestra oficina en Elgin, IL. Estamos ubicados en McLean Blvd. Estamos listos para ayudarlo a comprender sus opciones despu\u00e9s de una mordedura de perro u otro ataque de animal.<\/p>\n","protected":false},"excerpt":{"rendered":"<p>Cada a\u00f1o aproximadamente 4.7 millones de personas las muerde un perro en los Estados Unidos. Como resultado, frecuentemente las mordeduras de perro se prestan a demandas contra el due\u00f1o del perro. Algunos estados permiten \u00abuna mordida gratis\u201d antes de responsabilizar legalmente al due\u00f1o. Afortunadamente, as\u00ed no funciona bajo la Ley de Control de Animales de&#8230; <a class=\"more-link\" href=\"https:\/\/cadizlaw.com\/es\/practice-areas\/dog-bites-in-illinois-and-owner-liability-for-animal-attacks\/\">Read More<\/a><\/p>\n","protected":false},"author":4,"featured_media":0,"parent":819,"menu_order":0,"comment_status":"closed","ping_status":"closed","template":"","meta":{"_acf_changed":false,"_monsterinsights_skip_tracking":false,"_monsterinsights_sitenote_active":false,"_monsterinsights_sitenote_note":"","_monsterinsights_sitenote_category":0,"_genesis_hide_title":false,"_genesis_hide_breadcrumbs":false,"_genesis_hide_singular_image":false,"_genesis_hide_footer_widgets":false,"_genesis_custom_body_class":"","_genesis_custom_post_class":"","_genesis_layout":"","footnotes":""},"class_list":{"0":"post-813","1":"page","2":"type-page","3":"status-publish","5":"entry","6":"has-post-thumbnail"},"acf":[],"_links":{"self":[{"href":"https:\/\/cadizlaw.com\/es\/wp-json\/wp\/v2\/pages\/813","targetHints":{"allow":["GET"]}}],"collection":[{"href":"https:\/\/cadizlaw.com\/es\/wp-json\/wp\/v2\/pages"}],"about":[{"href":"https:\/\/cadizlaw.com\/es\/wp-json\/wp\/v2\/types\/page"}],"author":[{"embeddable":true,"href":"https:\/\/cadizlaw.com\/es\/wp-json\/wp\/v2\/users\/4"}],"replies":[{"embeddable":true,"href":"https:\/\/cadizlaw.com\/es\/wp-json\/wp\/v2\/comments?post=813"}],"version-history":[{"count":0,"href":"https:\/\/cadizlaw.com\/es\/wp-json\/wp\/v2\/pages\/813\/revisions"}],"up":[{"embeddable":true,"href":"https:\/\/cadizlaw.com\/es\/wp-json\/wp\/v2\/pages\/819"}],"wp:attachment":[{"href":"https:\/\/cadizlaw.com\/es\/wp-json\/wp\/v2\/media?parent=813"}],"curies":[{"name":"wp","href":"https:\/\/api.w.org\/{rel}","templated":true}]}}