{"id":815,"date":"2019-08-14T12:30:12","date_gmt":"2019-08-14T17:30:12","guid":{"rendered":"http:\/\/oconnorcadizac.wpenginepowered.com\/?page_id=815"},"modified":"2024-07-09T10:43:51","modified_gmt":"2024-07-09T15:43:51","slug":"ayudando-a-los-lesionados-con-las-ventajas-de-una-firma-pequena","status":"publish","type":"page","link":"https:\/\/cadizlaw.com\/es\/","title":{"rendered":"Ayudando a los Lesionados, con un enfoque personal"},"content":{"rendered":"<p>Ayudamos a personas como usted que resultaron heridas en un accidente. Tal vez fue un accidente automovil\u00edstico, o un atropello, o un accidente de bicicleta. Si no fue su culpa y se lastimo de una manera grave, probablemente tiene muchas preguntas.<\/p>\n<p>Ubicados en Elgin, Illinois, ayudamos a las personas en los condados de Kane, Cook y DuPage. No somos una firma de alto volumen. Preferimos quedarnos peque\u00f1os para dar a todos la atenci\u00f3n que se merecen. Ofrecemos servicios tanto en ingl\u00e9s como en espa\u00f1ol.<\/p>\n<p>La compa\u00f1\u00eda de seguros de la persona o lugar responsable por su accidente tiene su abogado. \u00bfNo deber\u00eda tener tambi\u00e9n una abogada? Es posible que no necesite un abogado, pero es una buena idea hablar con uno para averiguar qu\u00e9 opciones tiene. Hazlo ahora, antes de hablar con la compa\u00f1\u00eda de seguros.<\/p>\n<h3>Perm\u00edtanos encargarnos de la compa\u00f1\u00eda de seguros despu\u00e9s de un accidente<\/h3>\n<p>En nuestro bufete de abogados de lesiones personales de Elgin IL, nos encargamos de la compa\u00f1\u00eda de seguros para usted. Si usted acaba de presentar un reclamo despu\u00e9s de sufrir un accidente, comprende las frustraciones de tratar con la compa\u00f1\u00eda de seguros. La compa\u00f1\u00eda de seguros no se preocupa por usted, y adem\u00e1s est\u00e1n trabajando en su contra.<\/p>\n<p>Los ajustadores de seguros quieren evitar pagar su reclamo, o buscan salirse con la suya a bajo precio. Tal vez le est\u00e9n diciendo que el accidente no sucedi\u00f3 de la manera que usted sabe que sucedi\u00f3. O la compa\u00f1\u00eda de seguros no cree que realmente tenga dolor despu\u00e9s de un accidente automovil\u00edstico grave, incluso si lo llevaron de la escena en ambulancia. Quieren desgastarte y ver c\u00f3mo te rindes. Mi nombre es Carol Cadiz y mi trabajo es manejar la compa\u00f1\u00eda de seguros para usted, incluyendo su ej\u00e9rcito de abogados. Lo primero que hacemos cuando representamos a clientes lesionados es hacerle saber a la compa\u00f1\u00eda de seguros que nos estamos haciendo cargo. Esto no solo los quita de la espalda, sino que env\u00eda un mensaje de que usted es muy serio acerca de su accidente y no est\u00e1 dispuesto a aceptar ning\u00fan juego. Ya sea que se trate de un accidente automovil\u00edstico, haya sido atropellado por un autom\u00f3vil o haya sufrido otro tipo de accidente grave que no haya sido su culpa, podemos ayudarlo con su caso de lesiones.<\/p>\n<h3>Nos gusta conocer a nuestros clientes en Elgin IL<\/h3>\n<p>Nuestros clientes de lesiones personales merecen una abogada que los conozca y conozca los detalles de su caso. En O&#8217;Connor Cadiz Accident y Injury Law, ubicado en Elgin, IL., no tendr\u00e1 que preocuparse por perderse en la confusi\u00f3n o ser tratado como un n\u00famero.<\/p>\n<p>\u00bfPensando en llamar a uno de los abogados de Elgin o Chicago que ve en la televisi\u00f3n? Haga su investigaci\u00f3n primero. Muchas de esas firmas trabajan en base al volumen y sus abogados est\u00e1n bajo una enorme presi\u00f3n para simplemente producir casos. Es posible que no est\u00e9n tan interesados \u200b\u200ben escuchar realmente los detalles de su historia o saber qu\u00e9 tipo de resultado es m\u00e1s importante para usted. Es probable que una persona lo inscriba y que se le asigne una persona completamente diferente para trabajar en su caso, lo que sucede a menudo en los grandes bufetes de abogados. La forma en que trabajamos aqu\u00ed es todo lo contrario, ya que aceptamos y manejamos solo una cantidad limitada de casos. Cuando aceptamos un caso, lo tomamos en serio y brindamos a nuestros clientes el respeto y la atenci\u00f3n que se merecen. Usted puede querer aprender m\u00e1s <a href=\"http:\/\/cadizlaw.com\/es\/aboutus\/\">sobre nosotros<\/a>.<\/p>\n<p>Tambi\u00e9n creemos que nuestros clientes merecen entender lo que est\u00e1 sucediendo en su caso, ya que el conocimiento aporta confianza y un sentido de control sobre lo que de otra manera podr\u00eda ser una experiencia abrumadora. Es por eso que antes de firmar o recibir la llamada de un representante de seguros, es muy importante que conozca sus derechos legales y que entienda a lo que puede enfrentarse. Esto no debe tomarse a la ligera y es por eso que usted debe hablar con un abogado si ha sido seriamente herido.<\/p>\n<h3>Contratar a un Abogado debe ser una Experiencia Positiva, aun cuando la raz\u00f3n para ello no lo sea<\/h3>\n<p>Nadie espera tener que contratar a un abogado, pero en un instante suceden cosas en la vida que requieren que usted est\u00e9 legalmente preparado. Sabemos que trabajar con la abogada Carol C\u00e1diz es realmente f\u00e1cil, y queremos que usted est\u00e9 tranquilo a pesar de las circunstancias estresantes que pueden haberle tra\u00eddo aqu\u00ed.<\/p>\n<p>Olv\u00eddese de los estereotipos negativos que vienen con la contrataci\u00f3n de un abogado. Hacemos las cosas de manera diferente porque su caso legal es lo importante. Al elegir trabajar con un n\u00famero limitado de clientes, ofrecemos un bufete de abogados en el que la abogada llega a conocer muy bien a sus clientes y tiene el tiempo para asegurarse de que sus necesidades individuales est\u00e9n totalmente cubiertas.<\/p>\n<h3>Orgullosa de ofrecer una experiencia biling\u00fce en espa\u00f1ol\/ingl\u00e9s<\/h3>\n<p>Nuestra firma es muy activa en la comunidad hispana de Elgin. La abogada Carol C\u00e1diz es completamente biling\u00fce en espa\u00f1ol, habiendo sido educada hablando ambos idiomas. Hija de una mam\u00e1 mexicana y esposa de un nativo de Chile, ambos idiomas siempre se han hablado en casa. En O\u2019Connor Cadiz Accident y Injury Law, entendemos la cultura americana y la cultura latina. Puede visitar el sitio web de la versi\u00f3n en espa\u00f1ol, si eso es relevante para usted.<\/p>\n<h3>Lesiones personales en el \u00e1rea de Elgin<\/h3>\n<p>Dentro del \u00e1rea de lesiones personales, podemos ayudar a las v\u00edctimas que han sido heridas por culpa de otra persona. Nosotros nos encargaremos de la compa\u00f1\u00eda de seguros por usted y presentaremos una demanda cuando sea necesario. Esto incluye las siguientes \u00e1reas clave:<\/p>\n<ul>\n<li><a href=\"http:\/\/cadizlaw.com\/es\/practice-areas\/car-accident-personal-injury-lawyer-in-cook-and-dupage-il\/\">Accidentes de Auto:<\/a>Si se lesion\u00f3 en un accidente con otro veh\u00edculo, ya sea como conductor o como pasajero, y fue culpa de la otra persona, podemos ayudarle. Los tipos comunes de accidentes automovil\u00edsticos incluyen colisiones de frente, accidentes en la parte trasera, accidentes de DUI e incidentes de conducci\u00f3n distra\u00edda.<\/li>\n<li><a href=\"http:\/\/cadizlaw.com\/es\/practice-areas\/legal-action-after-a-bicycle-accident-in-and-around-chicago\/\">Accidentes de Bicicleta<\/a>:Ciclistas involucrados en accidentes con un coche u otra bicicleta.<\/li>\n<li><a href=\"http:\/\/cadizlaw.com\/es\/practice-areas\/motorcycle-accidents-in-illinois-and-your-legal-rights\/\">Accidentes de Motocicleta<\/a>: Los motociclistas pueden ser especialmente vulnerables ya que carecen de la protecci\u00f3n de un autom\u00f3vil. Ayudamos a las v\u00edctimas de accidentes de motocicleta.<\/li>\n<li><a href=\"http:\/\/cadizlaw.com\/es\/practice-areas\/accidents-involving-uber-or-lyft-in-the-chicago-area\/\">Accidentes de Uber o Lyft<\/a>: \u00bfLastimado mientras se comparte el viaje? Ocurre m\u00e1s a menudo de lo que usted piensa.<\/li>\n<li><a href=\"http:\/\/cadizlaw.com\/es\/practice-areas\/wrongful-death-lawsuits-in-illinois\/\">Muerte Injusta<\/a>: Cuando un ser querido ha fallecido como resultado de la falta de cuidado de otra persona, como en un accidente automovil\u00edstico, es posible que pueda presentar una demanda por homicidio culposo.<\/li>\n<li><a href=\"http:\/\/cadizlaw.com\/es\/practice-areas\/pedestrian-accidents-getting-hit-by-a-car-in-illinois\/\">Accidentes de Peatones<\/a>: Si usted o alg\u00fan familiar fueron atropellados por un autom\u00f3vil, es nuestro trabajo hacer responsable al conductor culpable.<\/li>\n<li><a href=\"http:\/\/cadizlaw.com\/es\/practice-areas\/trucking-or-tractor-trailer-accidents\/\">Accidentes de camion\/trailer<\/a>: Los accidentes con camiones a menudo ocurren en una fracci\u00f3n de segundo y pueden ser muy graves. D\u00e9jenos ayudarle.<\/li>\n<li><a href=\"http:\/\/cadizlaw.com\/es\/practice-areas\/dog-bites-in-illinois-and-owner-liability-for-animal-attacks\/\">Mordeduras de perro (y otras lesiones de animales)<\/a>Illinois es severo con los due\u00f1os de animales que muerden a la gente, pero hay que entender la ley. Nosotros podemos ayudar.<\/li>\n<li><a href=\"http:\/\/cadizlaw.com\/es\/practice-areas\/slips-and-falls-in-chicago-and-premises-liability-in-illinois\/\">Lesiones por resbalones, tropiezos y ca\u00eddas<\/a>: Esto incluye reclamos contra restaurantes, tiendas y otros lugares p\u00fablicos. Si usted se lesiona en el lugar de trabajo de alguien, \u00e9ste no es responsable autom\u00e1ticamente. A veces, las cosas simplemente suceden, pero si el negocio fue descuidado y se lastim\u00f3, podemos ayudarle.<\/li>\n<li><a href=\"http:\/\/cadizlaw.com\/es\/practice-areas\/food-poisoning-lawsuits-in-illinois-against-restaurants\/\">Envenenamiento por alimentos y quemaduras<\/a>: Los restaurantes tienen la obligaci\u00f3n con sus clientes de servir s\u00f3lo alimentos y bebidas que sean seguros. Si hacen trampa y usted se enferma o se lastima, los haremos responsables. En estos casos de lesiones personales, trabajamos sobre la base de honorarios condicionales. No se nos paga hasta que y a menos que recuperemos dinero para usted. El cargo es un porcentaje de su recuperaci\u00f3n.<\/li>\n<\/ul>\n<p>En estos asuntos, trabajamos en base a honorarios de contingencia. No nos pagan hasta ya menos que recuperemos el dinero para usted. La tarifa es un porcentaje de su recuperaci\u00f3n.<\/p>\n<h3>El Trabajo Remoto ha llegado, eliminando las barreras geogr\u00e1ficas<\/h3>\n<p>Estamos ubicados en Elgin, IL. Aunque, independientemente de d\u00f3nde viva en Illinois, podemos ayudar en muchos casos, porque una consulta en persona ya no es necesaria. Esto hace que las cosas sean m\u00e1s convenientes para nuestros clientes que pueden programar citas telef\u00f3nicas o reunirse con nosotros a trav\u00e9s de Zoom. A partir de 2021, la mayor\u00eda de los tribunales operan de manera similar para ayudar a prevenir la propagaci\u00f3n de enfermedades. Por supuesto, si desea reunirse con nosotros en persona en nuestra oficina de Elgin, estaremos encantados de atenderle. Estamos ubicados en 217 N. McLean Avenue, Unidad 2C, en Elgin. Programe una cita, ya que no aceptamos visitas sin cita previa.<\/p>\n<h3>Ofreciendo Servicios Legales a Elgin, Chicago, y los condados Kane y Cook desde 1996<\/h3>\n<p>Nuestra oficina est\u00e1 ubicada en\u00a0<a href=\"https:\/\/www.cityofelgin.org\/\" rel=\"nofollow noopener\" target=\"_blank\">Elgin, Illinois<\/a>\u00a0permiti\u00e9ndonos brindar un servicio conveniente en todo Elgin, el \u00e1rea de Chicago y los suburbios. A menudo manejamos casos en todos los condados al rededor de Chicago (condado de Cook, condado de DuPage, condado de Kane, condado de McHenry y condado de Lake). Nuestra firma es propiedad de mujeres\/minor\u00edas.<\/p>\n<p>En este sitio web, encontrar\u00e1 mucha informaci\u00f3n para responder preguntas generales sobre casos de lesiones personales en Elgin e Illinois. Si prefiere hablar con una persona en vivo, llame a mi oficina al 630 250-8813. O llene nuestro\u00a0<a href=\"http:\/\/cadizlaw.com\/es\/contact\/\">formulario de contacto<\/a>\u00a0\u00a1Gracias por visitar este sitio, espero que haya sido \u00fatil!<\/p>\n","protected":false},"excerpt":{"rendered":"<p>Ayudamos a personas como usted que resultaron heridas en un accidente. Tal vez fue un accidente automovil\u00edstico, o un atropello, o un accidente de bicicleta. Si no fue su culpa y se lastimo de una manera grave, probablemente tiene muchas preguntas. Ubicados en Elgin, Illinois, ayudamos a las personas en los condados de Kane, Cook&#8230; <a class=\"more-link\" href=\"https:\/\/cadizlaw.com\/es\/\">Read More<\/a><\/p>\n","protected":false},"author":4,"featured_media":0,"parent":0,"menu_order":0,"comment_status":"closed","ping_status":"closed","template":"home-page.php","meta":{"_acf_changed":false,"_monsterinsights_skip_tracking":false,"_monsterinsights_sitenote_active":false,"_monsterinsights_sitenote_note":"","_monsterinsights_sitenote_category":0,"_genesis_hide_title":false,"_genesis_hide_breadcrumbs":false,"_genesis_hide_singular_image":false,"_genesis_hide_footer_widgets":false,"_genesis_custom_body_class":"","_genesis_custom_post_class":"","_genesis_layout":"","footnotes":""},"class_list":{"0":"post-815","1":"page","2":"type-page","3":"status-publish","5":"entry","6":"has-post-thumbnail"},"acf":[],"_links":{"self":[{"href":"https:\/\/cadizlaw.com\/es\/wp-json\/wp\/v2\/pages\/815","targetHints":{"allow":["GET"]}}],"collection":[{"href":"https:\/\/cadizlaw.com\/es\/wp-json\/wp\/v2\/pages"}],"about":[{"href":"https:\/\/cadizlaw.com\/es\/wp-json\/wp\/v2\/types\/page"}],"author":[{"embeddable":true,"href":"https:\/\/cadizlaw.com\/es\/wp-json\/wp\/v2\/users\/4"}],"replies":[{"embeddable":true,"href":"https:\/\/cadizlaw.com\/es\/wp-json\/wp\/v2\/comments?post=815"}],"version-history":[{"count":0,"href":"https:\/\/cadizlaw.com\/es\/wp-json\/wp\/v2\/pages\/815\/revisions"}],"wp:attachment":[{"href":"https:\/\/cadizlaw.com\/es\/wp-json\/wp\/v2\/media?parent=815"}],"curies":[{"name":"wp","href":"https:\/\/api.w.org\/{rel}","templated":true}]}}