{"id":817,"date":"2019-10-09T12:39:15","date_gmt":"2019-10-09T17:39:15","guid":{"rendered":"http:\/\/oconnorcadizac.wpenginepowered.com\/?page_id=817"},"modified":"2024-07-10T12:06:10","modified_gmt":"2024-07-10T17:06:10","slug":"elgin-office","status":"publish","type":"page","link":"https:\/\/cadizlaw.com\/es\/elgin-office\/","title":{"rendered":"Abogada de Accidentes con Lesiones Personales en Elgin"},"content":{"rendered":"<div class=\"one-half first\">\n<h2>Abogada de Accidentes con Lesiones Personales en Elgin<\/h2>\n<p>Nuestra oficina de Elgin est\u00e1 muy convenientemente ubicada. En 217 N. McLean, estamos en un bulevar principal con nuestro propio estacionamiento. Nuestra oficina est\u00e1 justo al norte de la avenida Highland y tambi\u00e9n al norte de la avenida Larkin. Estamos justo al oeste del r\u00edo Fox en Elgin. Nuestro bufete de abogados de lesiones est\u00e1 ubicado a solo minutos de Elgin Community College, el centro comercial de Elgin y est\u00e1 a solo unos minutos del centro de Elgin. El bufete de abogados est\u00e1 ubicado entre IL Route 90 y Route 20, Lake Street. Estamos al oeste de la Ruta 31 (N. State St.)<\/p>\n<p>Nuestro bufete de abogados es una unidad conveniente a la Corte del Condado de Kane y el Centro Judicial del Condado de Kane.<\/p>\n<p>La oficina se encuentra en el Condado de Kane, pero tambi\u00e9n manejamos casos de accidentes de lesiones personales en otros condados del \u00e1rea de Chicago, incluyendo el Condado de DuPage, Condado de Cook, Condado de Lake, y ocasionalmente McHenry o Will. Aunque ayudamos a v\u00edctimas de accidentes en Elgin y sus alrededores, tambi\u00e9n tenemos clientes en todo Illinois. No es un requisito que usted venga a la oficina para una reuni\u00f3n en persona. De hecho, muchos de nuestros clientes prefieren reunirse a trav\u00e9s de Zoom y s\u00f3lo tienen que venir a la oficina una vez, por lo general al final de su caso. Por supuesto, si nuestros clientes desean reunirse en persona, estaremos encantados. S\u00f3lo aseg\u00farese de pedir una cita, ya que no se aceptan visitas sin cita previa.<\/p>\n<p>Ponerse en contacto con nuestra oficina de Elgin es f\u00e1cil y confidencial. Lo que sea que le haya sucedido, le sucedi\u00f3 exclusivamente a usted y queremos saber m\u00e1s. Si usted fue herido en un accidente en Illinois que no fue su culpa, rellene este formulario para hacernos saber c\u00f3mo podemos ser de servicio. Todas las presentaciones son revisadas por un ser humano real en nuestro bufete de abogados, \u00a1no un robot!<\/p>\n<p>&nbsp;<\/p>\n<\/div>\n<div class=\"one-half first\">\n\n<div class=\"wpcf7 no-js\" id=\"wpcf7-f1054-o1\" lang=\"es-ES\" dir=\"ltr\" data-wpcf7-id=\"1054\">\n<div class=\"screen-reader-response\"><p role=\"status\" aria-live=\"polite\" aria-atomic=\"true\"><\/p> <ul><\/ul><\/div>\n<form action=\"\/es\/wp-json\/wp\/v2\/pages\/817#wpcf7-f1054-o1\" method=\"post\" class=\"wpcf7-form init\" aria-label=\"Formulario de contacto\" novalidate=\"novalidate\" data-status=\"init\">\n<fieldset class=\"hidden-fields-container\"><input type=\"hidden\" name=\"_wpcf7\" value=\"1054\" \/><input type=\"hidden\" name=\"_wpcf7_version\" value=\"6.1.5\" \/><input type=\"hidden\" name=\"_wpcf7_locale\" value=\"es_ES\" \/><input type=\"hidden\" name=\"_wpcf7_unit_tag\" value=\"wpcf7-f1054-o1\" \/><input type=\"hidden\" name=\"_wpcf7_container_post\" value=\"0\" \/><input type=\"hidden\" name=\"_wpcf7_posted_data_hash\" value=\"\" \/>\n<\/fieldset>\n<p><label> Nombre y Apellido (requerido)<br \/>\n<span class=\"wpcf7-form-control-wrap\" data-name=\"your-name\"><input size=\"40\" maxlength=\"400\" class=\"wpcf7-form-control wpcf7-text wpcf7-validates-as-required\" aria-required=\"true\" aria-invalid=\"false\" value=\"\" type=\"text\" name=\"your-name\" \/><\/span> <\/label>\n<\/p>\n<p><label> Correo electr\u00f3nico (requerido)<br \/>\n<span class=\"wpcf7-form-control-wrap\" data-name=\"your-email\"><input size=\"40\" maxlength=\"400\" class=\"wpcf7-form-control wpcf7-email wpcf7-validates-as-required wpcf7-text wpcf7-validates-as-email\" aria-required=\"true\" aria-invalid=\"false\" value=\"\" type=\"email\" name=\"your-email\" \/><\/span> <\/label>\n<\/p>\n<p><label> N\u00famero de tel\u00e9fono (requerido)<br \/>\n<span class=\"wpcf7-form-control-wrap\" data-name=\"your-phone\"><input size=\"40\" maxlength=\"400\" class=\"wpcf7-form-control wpcf7-tel wpcf7-validates-as-required wpcf7-text wpcf7-validates-as-tel\" aria-required=\"true\" aria-invalid=\"false\" value=\"\" type=\"tel\" name=\"your-phone\" \/><\/span><\/label>\n<\/p>\n<p><label> Condado donde vive (requerido)<br \/>\n<span class=\"wpcf7-form-control-wrap\" data-name=\"your-county\"><input size=\"40\" maxlength=\"400\" class=\"wpcf7-form-control wpcf7-text wpcf7-validates-as-required\" aria-required=\"true\" aria-invalid=\"false\" value=\"\" type=\"text\" name=\"your-county\" \/><\/span> <\/label>\n<\/p>\n<p><label> Sujeto<br \/>\n<span class=\"wpcf7-form-control-wrap\" data-name=\"your-subject\"><input size=\"40\" maxlength=\"400\" class=\"wpcf7-form-control wpcf7-text\" aria-invalid=\"false\" value=\"\" type=\"text\" name=\"your-subject\" \/><\/span> <\/label>\n<\/p>\n<p><label> D\u00edganos M\u00e1s<br \/>\n<span class=\"wpcf7-form-control-wrap\" data-name=\"your-message\"><textarea cols=\"40\" rows=\"10\" maxlength=\"2000\" class=\"wpcf7-form-control wpcf7-textarea\" aria-invalid=\"false\" name=\"your-message\"><\/textarea><\/span> <\/label>\n<\/p>\n<p><span class=\"wpcf7-form-control-wrap\" data-name=\"checkbox-agree\"><span class=\"wpcf7-form-control wpcf7-acceptance\"><span class=\"wpcf7-list-item\"><input type=\"checkbox\" name=\"checkbox-agree\" value=\"1\" checked=\"checked\" aria-invalid=\"false\" \/><\/span><\/span><\/span> Entiendo que lo anterior no es una solicitud de asesoramiento legal, ni el llenar este formulario constituye una relaci\u00f3n abogado-cliente con O'Connor Cadiz Accident and Injury Law. Simplemente llenar el formulario y\/o recibir una respuesta no significa que me est\u00e9 contratando ni que yo acepte ser su abogado. No debe enviarse informaci\u00f3n sensible al tiempo.\n<\/p>\n<p><input type=\"checkbox\" id=\"Accept\" name=\"Accept\" \/><br \/>\n<label for=\"Accept\"><\/label> Al marcar esta casilla, acepta recibir mensajes de texto SMS de O\u2019Connor Cadiz Accident and Injury Law. Responda con STOP para darse de baja en cualquier momento. Responda con HELP para obtener informaci\u00f3n de contacto de atenci\u00f3n al cliente. Pueden aplicarse tarifas de mensajes y datos. La frecuencia de los mensajes puede variar.<br \/>\n<a href=\"http:\/\/cadizlaw.com\/privacy-policy\/\">Privacy Policy<\/a>\n<\/p>\n<p><input class=\"wpcf7-form-control wpcf7-submit has-spinner\" type=\"submit\" value=\"Send\" \/>\n<\/p><p style=\"display: none !important;\" class=\"akismet-fields-container\" data-prefix=\"_wpcf7_ak_\"><label>&#916;<textarea name=\"_wpcf7_ak_hp_textarea\" cols=\"45\" rows=\"8\" maxlength=\"100\"><\/textarea><\/label><input type=\"hidden\" id=\"ak_js_1\" name=\"_wpcf7_ak_js\" value=\"5\"\/><script type=\"text\/javascript\">\n\/* <![CDATA[ *\/\ndocument.getElementById( \"ak_js_1\" ).setAttribute( \"value\", ( new Date() ).getTime() );\n\/* ]]> *\/\n<\/script>\n<\/p><div class=\"wpcf7-response-output\" aria-hidden=\"true\"><\/div>\n<\/form>\n<\/div>\n\n<\/div>\n<div class=\"one-half\">\n<p>&nbsp;<\/p>\n<p><iframe loading=\"lazy\" style=\"border: 0;\" src=\"https:\/\/www.google.com\/maps\/embed?pb=!1m18!1m12!1m3!1d740.7797069605007!2d-88.31216017146815!3d42.040632194192575!2m3!1f0!2f0!3f0!3m2!1i1024!2i768!4f13.1!3m3!1m2!1s0x880f053bd3c9dad9%3A0xdb844e2a89edfd76!2s217%20N%20McLean%20Blvd%20%232c%2C%20Elgin%2C%20IL%2060123%2C%20USA!5e0!3m2!1sen!2sph!4v1712845013936!5m2!1sen!2sph\" width=\"100%\" height=\"400\" allowfullscreen=\"allowfullscreen\"><\/iframe><\/p>\n<h3>Officina de Elgin<\/h3>\n<p>217 N. McLean Blvd. Suite 2C, Elgin IL 60123<\/p>\n<p>N\u00famero de tel\u00e9fono: 630-250-8813<\/p>\n<p>S\u00f3lo con cita previa.<\/p>\n<\/div>\n<div class=\"one-half\">\n<p>&nbsp;<\/p>\n<p>&nbsp;<\/p>\n<\/div>\n","protected":false},"excerpt":{"rendered":"<p>Abogada de Accidentes con Lesiones Personales en Elgin Nuestra oficina de Elgin est\u00e1 muy convenientemente ubicada. En 217 N. McLean, estamos en un bulevar principal con nuestro propio estacionamiento. Nuestra oficina est\u00e1 justo al norte de la avenida Highland y tambi\u00e9n al norte de la avenida Larkin. Estamos justo al oeste del r\u00edo Fox en&#8230; <a class=\"more-link\" href=\"https:\/\/cadizlaw.com\/es\/elgin-office\/\">Read More<\/a><\/p>\n","protected":false},"author":4,"featured_media":1285,"parent":0,"menu_order":0,"comment_status":"closed","ping_status":"closed","template":"","meta":{"_acf_changed":false,"_monsterinsights_skip_tracking":false,"_monsterinsights_sitenote_active":false,"_monsterinsights_sitenote_note":"","_monsterinsights_sitenote_category":0,"_genesis_hide_title":false,"_genesis_hide_breadcrumbs":false,"_genesis_hide_singular_image":false,"_genesis_hide_footer_widgets":false,"_genesis_custom_body_class":"","_genesis_custom_post_class":"","_genesis_layout":"full-width-content","footnotes":""},"class_list":{"0":"post-817","1":"page","2":"type-page","3":"status-publish","4":"has-post-thumbnail","6":"entry"},"acf":[],"_links":{"self":[{"href":"https:\/\/cadizlaw.com\/es\/wp-json\/wp\/v2\/pages\/817","targetHints":{"allow":["GET"]}}],"collection":[{"href":"https:\/\/cadizlaw.com\/es\/wp-json\/wp\/v2\/pages"}],"about":[{"href":"https:\/\/cadizlaw.com\/es\/wp-json\/wp\/v2\/types\/page"}],"author":[{"embeddable":true,"href":"https:\/\/cadizlaw.com\/es\/wp-json\/wp\/v2\/users\/4"}],"replies":[{"embeddable":true,"href":"https:\/\/cadizlaw.com\/es\/wp-json\/wp\/v2\/comments?post=817"}],"version-history":[{"count":0,"href":"https:\/\/cadizlaw.com\/es\/wp-json\/wp\/v2\/pages\/817\/revisions"}],"wp:featuredmedia":[{"embeddable":true,"href":"https:\/\/cadizlaw.com\/es\/wp-json\/wp\/v2\/media\/1285"}],"wp:attachment":[{"href":"https:\/\/cadizlaw.com\/es\/wp-json\/wp\/v2\/media?parent=817"}],"curies":[{"name":"wp","href":"https:\/\/api.w.org\/{rel}","templated":true}]}}