{"id":818,"date":"2019-08-22T14:58:20","date_gmt":"2019-08-22T19:58:20","guid":{"rendered":"http:\/\/oconnorcadizac.wpenginepowered.com\/?page_id=818"},"modified":"2023-03-30T15:41:42","modified_gmt":"2023-03-30T20:41:42","slug":"pedestrian-accidents-getting-hit-by-a-car-in-illinois","status":"publish","type":"page","link":"https:\/\/cadizlaw.com\/es\/practice-areas\/pedestrian-accidents-getting-hit-by-a-car-in-illinois\/","title":{"rendered":"Accidentes de Peatones"},"content":{"rendered":"<p>Despu\u00e9s de ser atropellado por un autom\u00f3vil, no asume una compensaci\u00f3n justa. Cuando un peat\u00f3n es atropellado por un coche, se puede cambiar la vida. Una abogada de lesiones personales puede ayudarle a comprender qu\u00e9 pasos debe tomar si es v\u00edctima de un accidente peatonal. Es muy importante obtener ayuda legal desde el principio, para evitar que la compa\u00f1\u00eda de seguros se aproveche de usted. El trabajo de ellos es que usted se recupere lo menos posible (o nada). En contra, nuestro trabajo es responsabilizar a la persona responsable por sus heridas.<\/p>\n<p>Siempre hemos aprendido a fijarnos bien antes de cruzar la calle, para evitar que nos atropellara un coche. A pesar de todo, a veces un autom\u00f3vil vendr\u00e1 rapidisimo por la calle o doblando una esquina, golpeando a un peat\u00f3n. El cuerpo del peat\u00f3n sera arrojado al cap\u00f3 del coche, al aire o arrastrado por el veh\u00edculo, lo que a veces resulta en la p\u00e9rdida de vida. Despu\u00e9s del accidente, las v\u00edctimas y sus familias tienen muchas preguntas sobre el aspecto legal de lo ocurrido. Este art\u00edculo le informara sobre el aspecto legal en el Estado de Illinois despu\u00e9s de un accidente peatonal.\u00a0<a href=\"http:\/\/cadizlaw.com\/es\/blog\/statute-of-limitations-in-illinois-pedestrian-accidents\/\">Tiene dos a\u00f1os<\/a>\u00a0para presentar una demanda.<\/p>\n<h2>Despu\u00e9s de un Accidente de Peat\u00f3n contra Auto<\/h2>\n<p>Lo m\u00e1s importante que uno debe hacer despu\u00e9s de ser atropellado es ir al hospital. Incluso si usted se siente bien, porque es perfectamente razonable que sea examinado por un m\u00e9dico. A diferencia de los accidentes automovil\u00edsticos, los peatones son a\u00fan m\u00e1s vulnerables por faltar la protecci\u00f3n de estar dentro de un veh\u00edculo. Las lesiones causadas por accidentes de peatones pueden ser bastante graves y deben ser tratadas de esa manera con una visita al m\u00e9dico o, si es necesario, a la sala de emergencias m\u00e1s cercana.<\/p>\n<p>Si la polic\u00eda no llego a la escena, el accidente debe ser reportado a la polic\u00eda tan pronto como sea posible. Un reporte de accidente es requerido en Illinois cuando hay lesiones corporales despu\u00e9s de un accidente. La polic\u00eda asistir\u00e1 en el intercambio de informaci\u00f3n. Necesitar\u00e1 esta informaci\u00f3n en caso de que sea necesario presentar una reclamaci\u00f3n por lesiones personales o da\u00f1os al auto.<\/p>\n<p>Usted debe reportar el accidente a su propia compa\u00f1\u00eda de seguros de auto, aunque usted no estaba conduciendo. Muy poco despu\u00e9s del accidente, es probable que reciba una llamada de la compa\u00f1\u00eda de seguros del conductor. Es mala idea hablar con ellos en este momento inmediatamente despu\u00e9s de un accidente. Hable con un abogado antes de hablar con la compa\u00f1\u00eda de seguros, para evitar caer en sus trampas.<\/p>\n<h2>\u00bfCu\u00e1les son mis derechos como peat\u00f3n lesionado?<\/h2>\n<p>Nuevas leyes fueron introducidas en el Estado de Illinois en 2010 para dar a los peatones m\u00e1s derechos despu\u00e9s de una lesi\u00f3n. Los peatones ahora tienen el derecho de paso si est\u00e1n en un cruce peatonal marcado o est\u00e1n caminando con una luz verde, un letrero o un s\u00edmbolo. Aparte de los cruces peatonales, hay otras situaciones cuando los veh\u00edculos tienen que detenerse para los peatones, como cuando el coche est\u00e1 girando (aunque a menudo los coches que giran no ven a los peatones a tiempo, especialmente si est\u00e1n distra\u00eddos). En general, todos los conductores tienen la obligaci\u00f3n de tener mucho cuidado para evitar atropellar a un peat\u00f3n. Desafortunadamente los accidentes de peatones son demasiado frecuentes.<\/p>\n<h2>\u00bfEs cierto que los peatones siempre ganan en Corte?<\/h2>\n<p>No todos los peatones tienen \u00e9xito en corte contra los conductores que los atropellan. Nada es autom\u00e1tico. Aunque los peatones normalmente son v\u00edctimas inocentes de ser atropellados por un autom\u00f3vil, sigue siendo la ley que le corresponde al peat\u00f3n comprobar que el conductor fue\u00a0<a href=\"http:\/\/cadizlaw.com\/es\/blog\/how-fault-is-determined-in-a-car-accident\/\">culpable<\/a>. Esto se llama tener la carga de la prueba. Significa que como la persona que fue lesionada, usted tiene que dar las pruebas en su caso. No le corresponde al conductor comprobar que no fue responsable. Para ganar su caso por lesiones personales, tendr\u00e1 que demostrar que el conductor fue negligente y que sus lesiones fueron el resultado de esta negligencia. Este no es siempre el caso, como cuando una persona corre a trav\u00e9s de una calle sin mirar o sale corriendo delante de un coche. A veces los casos de peatones ponen en duda el concepto de negligencia contributiva, lo que significa que se culpa al peat\u00f3n por parte del accidente. Dependiendo del nivel de \u201d culpa\u201d de cada una de las partes, un peat\u00f3n podr\u00eda quedar sin\u00a0<a href=\"http:\/\/cadizlaw.com\/es\/blog\/i-feel-blamed-after-being-hit-by-a-car\/\">nada, ya que le hecharon la culpa<\/a>. Por eso es importante documentar claramente todo lo que sucedi\u00f3 tan pronto como sucede, incluyendo todo lo que usted recuerda sobre c\u00f3mo ocurri\u00f3 el accidente, c\u00f3mo se sinti\u00f3 despu\u00e9s, la progresi\u00f3n de su condici\u00f3n m\u00e9dica, etc.<\/p>\n<h2>\u00bfQui\u00e9n paga mis Gastos M\u00e9dicos si me atropella un autom\u00f3vil?<\/h2>\n<p>Una de las cosas m\u00e1s preocupantes despu\u00e9s de un accidente peatonal son todas las facturas m\u00e9dicas que llegan. No permita que esto le impida recibir el tratamiento m\u00e9dico que necesita, y toma en cuenta la gravedad de los accidentes de peatones. El asunto de qui\u00e9n y cu\u00e1ndo se pagan las facturas m\u00e9dicas es una de las m\u00e1s complejas en los casos de lesiones personales. La respuesta depende de muchas cosas. No hay una respuesta correcta para todos y es mejor analizar los detalles de su situaci\u00f3n con su abogada tan pronto como sea posible. Si no se maneja el asunto correctamente, puede convertirse en un desastre. La respuesta corta es que si el conductor termina siendo legalmente responsable (o acepta la responsabilidad voluntariamente), el seguro probablemente ser\u00e1 el que pague los gastos, pero es un proceso largo. Hay varias consideraciones tanto para proteger su cr\u00e9dito como para asegurarse de que todo se maneje de la manera m\u00e1s eficiente posible.<\/p>\n<h2>\u00bfQu\u00e9 hago despu\u00e9s de mi Accidente como Peat\u00f3n?<\/h2>\n<p>No tienes que pasar por esto solo. Su principal preocupaci\u00f3n debe ser su recuperaci\u00f3n f\u00edsica. Por eso debe hablar sobre su situaci\u00f3n legal con una abogada, y para que sus intereses est\u00e9n protegidos lo m\u00e1s pronto posible. Con sus preocupaciones legales en las manos de su abogada hispana, usted puede concentrarse m\u00e1s en mejorar. Despu\u00e9s de un accidente peatonal, ll\u00e1menos al 630 250-8809 para hablar sin ning\u00fan compromiso y ning\u00fan costo con nuestra abogada en Elgin.<\/p>\n","protected":false},"excerpt":{"rendered":"<p>Despu\u00e9s de ser atropellado por un autom\u00f3vil, no asume una compensaci\u00f3n justa. Cuando un peat\u00f3n es atropellado por un coche, se puede cambiar la vida. Una abogada de lesiones personales puede ayudarle a comprender qu\u00e9 pasos debe tomar si es v\u00edctima de un accidente peatonal. Es muy importante obtener ayuda legal desde el principio, para&#8230; <a class=\"more-link\" href=\"https:\/\/cadizlaw.com\/es\/practice-areas\/pedestrian-accidents-getting-hit-by-a-car-in-illinois\/\">Read More<\/a><\/p>\n","protected":false},"author":4,"featured_media":1030,"parent":819,"menu_order":0,"comment_status":"closed","ping_status":"closed","template":"","meta":{"_acf_changed":false,"_monsterinsights_skip_tracking":false,"_monsterinsights_sitenote_active":false,"_monsterinsights_sitenote_note":"","_monsterinsights_sitenote_category":0,"_genesis_hide_title":false,"_genesis_hide_breadcrumbs":false,"_genesis_hide_singular_image":false,"_genesis_hide_footer_widgets":false,"_genesis_custom_body_class":"","_genesis_custom_post_class":"","_genesis_layout":"","footnotes":""},"class_list":{"0":"post-818","1":"page","2":"type-page","3":"status-publish","4":"has-post-thumbnail","6":"entry"},"acf":[],"_links":{"self":[{"href":"https:\/\/cadizlaw.com\/es\/wp-json\/wp\/v2\/pages\/818","targetHints":{"allow":["GET"]}}],"collection":[{"href":"https:\/\/cadizlaw.com\/es\/wp-json\/wp\/v2\/pages"}],"about":[{"href":"https:\/\/cadizlaw.com\/es\/wp-json\/wp\/v2\/types\/page"}],"author":[{"embeddable":true,"href":"https:\/\/cadizlaw.com\/es\/wp-json\/wp\/v2\/users\/4"}],"replies":[{"embeddable":true,"href":"https:\/\/cadizlaw.com\/es\/wp-json\/wp\/v2\/comments?post=818"}],"version-history":[{"count":0,"href":"https:\/\/cadizlaw.com\/es\/wp-json\/wp\/v2\/pages\/818\/revisions"}],"up":[{"embeddable":true,"href":"https:\/\/cadizlaw.com\/es\/wp-json\/wp\/v2\/pages\/819"}],"wp:featuredmedia":[{"embeddable":true,"href":"https:\/\/cadizlaw.com\/es\/wp-json\/wp\/v2\/media\/1030"}],"wp:attachment":[{"href":"https:\/\/cadizlaw.com\/es\/wp-json\/wp\/v2\/media?parent=818"}],"curies":[{"name":"wp","href":"https:\/\/api.w.org\/{rel}","templated":true}]}}