{"id":819,"date":"2019-08-16T15:47:39","date_gmt":"2019-08-16T20:47:39","guid":{"rendered":"http:\/\/oconnorcadizac.wpenginepowered.com\/?page_id=819"},"modified":"2024-07-09T10:54:44","modified_gmt":"2024-07-09T15:54:44","slug":"practice-areas","status":"publish","type":"page","link":"https:\/\/cadizlaw.com\/es\/practice-areas\/","title":{"rendered":"Casos de lesiones que manejamos desde Elgin"},"content":{"rendered":"<p>\u00bfSe ha lesionado en un accidente? Usted est\u00e1 en el lugar correcto porque estos asuntos legales no se resuelven por s\u00ed solos. En O\u2019Connor C\u00e1diz Accident y Injury Law, estamos preparados para ayudarle en casos de lesiones personales.<\/p>\n<p>Nadie quiere la necesidad de un abogado. Pero las cosas pasan y hay que estar preparado. Entendemos que los abogados tienen mala reputaci\u00f3n, pero nuestra misi\u00f3n es mostrarle que tratar con un abogado puede ser una buena experiencia. Si hay un problema legal, tener al abogado adecuado de su lado lo har\u00e1 m\u00e1s f\u00e1cil. <a href=\"http:\/\/cadizlaw.com\/es\/\">En O\u2019Connor Cadiz Accident y Injury Law, <\/a>manejamos nuestros casos con dedicaci\u00f3n y compasi\u00f3n.<\/p>\n<p>Creemos en educar a nuestros clientes sobre lo que est\u00e1 sucediendo porque nuestra creencia es que las cosas son menos estresantes cuando usted entiende lo que est\u00e1 sucediendo y puede recuperar el control. Una vez que conozca sus opciones legales, se sentir\u00e1 mejor.<\/p>\n<h2>\u00bfCuales casos llevamos?<\/h2>\n<p>Creemos en educar a nuestros clientes sobre lo que est\u00e1 sucediendo porque nuestra creencia es que las cosas son menos estresantes cuando usted entiende lo que est\u00e1 sucediendo. Usted puede recuperar alguna medida de control. Una vez que conozca sus opciones legales, se sentir\u00e1 mejor.<\/p>\n<p>Llevamos casos graves de <a href=\"http:\/\/cadizlaw.com\/es\/practice-areas\/personal-injury\/\">lesiones personales. <\/a>\u00a0Nuestras pr\u00e1cticas de lesiones incluyen\u00a0accidentes automovil\u00edsticos,\u00a0casos de muerte por negligencia,\u00a0bicicleta\u00a0y\u00a0accidentes de motocicleta,\u00a0accidentes que involucran a la CTA,\u00a0accidentes de peatones,\u00a0accidentes de camiones,\u00a0ca\u00eddas y casos de responsabilidad de instalaciones,\u00a0mordeduras de perros,\u00a0envenenamiento por alimentos, y\u00a0accidentes que involucran a compa\u00f1\u00edas de transporte compartido (Uber y Lyft).<\/p>\n<p>Si no podemos ayudarle con un tipo particular de caso, es muy posible que podamos ayudarle a encontrar otro abogado de confianza que pueda ser adecuado para su caso, utilizando nuestra red de referencias.<\/p>\n<h2>Da\u00f1os Personales<\/h2>\n<p>Cuando usted ha sido lesionado, lo \u00faltimo que le apetece es tratar con las compa\u00f1\u00edas de seguros y el aspecto legal de su lesi\u00f3n personal. Estamos aqu\u00ed para quitarle gran parte de la preocupaci\u00f3n. Para empezar, usted querr\u00e1 saber si necesita un abogado y lo que sucede despu\u00e9s de que usted ha sido lastimado. Es crucial que usted hable con un abogado lo antes posible en el proceso, antes de cometer un error que no se puede deshacer. La compa\u00f1\u00eda de seguros no es su amigo y sus intereses se oponen a los suyos. Es extremadamente importante trabajar con su propio abogado, quien entiende el proceso y puede estar seguro de que usted es tratado justamente<\/p>\n<p>No s\u00f3lo nos aseguramos de tratar a nuestros clientes de manera justa, sino que tambi\u00e9n creemos que todos tienen derecho a ser tratados con el m\u00e1ximo respeto, empat\u00eda y comprensi\u00f3n. Usted nunca ser\u00e1 tratado como un caso m\u00e1s de lesiones personales. No aceptamos todos los casos y limitamos deliberadamente el n\u00famero de casos que manejamos, para asegurarnos de que cada caso sea tratado con el mayor cuidado y atenci\u00f3n.<\/p>\n<h2>Los casos de lesiones personales que aceptamos incluyen:<\/h2>\n<ul>\n<li><a href=\"http:\/\/cadizlaw.com\/es\/practice-areas\/motorcycle-accidents-in-illinois-and-your-legal-rights\/\">Accidentes de Motocicleta<\/a><\/li>\n<li><a href=\"http:\/\/cadizlaw.com\/es\/practice-areas\/legal-action-after-a-bicycle-accident-in-and-around-chicago\/\">Accidentes de bicicleta en Chicago y sus alrededores<\/a><\/li>\n<li><a href=\"http:\/\/cadizlaw.com\/es\/practice-areas\/food-poisoning-lawsuits-in-illinois-against-restaurants\/\">Intoxicaci\u00f3n Alimentaria<\/a><\/li>\n<li><a href=\"http:\/\/cadizlaw.com\/es\/practice-areas\/car-accident-personal-injury-lawyer-in-cook-and-dupage-il\/\">Lesiones por accidentes automovil\u00edsticos<\/a><\/li>\n<li><a href=\"http:\/\/cadizlaw.com\/es\/practice-areas\/slips-and-falls-in-chicago-and-premises-liability-in-illinois\/\">Resbalar y caer\/Responsabilidad de los locales<\/a><\/li>\n<li><a href=\"http:\/\/cadizlaw.com\/es\/practice-areas\/pedestrian-accidents-getting-hit-by-a-car-in-illinois\/\">Accidentes de Peatones<\/a><\/li>\n<li><a href=\"http:\/\/cadizlaw.com\/es\/practice-areas\/wrongful-death-lawsuits-in-illinois\/\">Muerte Injusta<\/a><\/li>\n<li><a href=\"http:\/\/cadizlaw.com\/es\/practice-areas\/accidents-involving-uber-or-lyft-in-the-chicago-area\/\">Accidentes de Uber y Lyft<\/a><\/li>\n<li><a href=\"http:\/\/cadizlaw.com\/es\/practice-areas\/dog-bites-in-illinois-and-owner-liability-for-animal-attacks\/\">Mordeduras de perro (y otras lesiones de animales)<\/a><\/li>\n<li><a href=\"http:\/\/cadizlaw.com\/es\/practice-areas\/trucking-or-tractor-trailer-accidents\/\">Accidentes de cami\u00f3n\/trailer<\/a><\/li>\n<\/ul>\n<h2>Compru\u00e9balo<\/h2>\n<p>Visita nuestras rese\u00f1as en Google y AVVO para saber lo que los clientes anteriores y otros profesionales tienen que decir sobre la abogada\u00a0<a href=\"http:\/\/cadizlaw.com\/es\/carol-cadiz\/\">Carol O\u2019Connor Cadiz<\/a>.<\/p>\n<p>Estamos convenientemente ubicados en Elgin, trabajando con clientes en los condados Kane, Cook, DuPage, McHenry y Lake, alrededor de y en Chicago.<\/p>\n<p>No pase por todo esto s\u00f3lo.<\/p>\n","protected":false},"excerpt":{"rendered":"<p>\u00bfSe ha lesionado en un accidente? Usted est\u00e1 en el lugar correcto porque estos asuntos legales no se resuelven por s\u00ed solos. En O\u2019Connor C\u00e1diz Accident y Injury Law, estamos preparados para ayudarle en casos de lesiones personales. Nadie quiere la necesidad de un abogado. Pero las cosas pasan y hay que estar preparado. Entendemos&#8230; <a class=\"more-link\" href=\"https:\/\/cadizlaw.com\/es\/practice-areas\/\">Read More<\/a><\/p>\n","protected":false},"author":4,"featured_media":1363,"parent":0,"menu_order":0,"comment_status":"closed","ping_status":"closed","template":"","meta":{"_acf_changed":false,"_monsterinsights_skip_tracking":false,"_monsterinsights_sitenote_active":false,"_monsterinsights_sitenote_note":"","_monsterinsights_sitenote_category":0,"_genesis_hide_title":false,"_genesis_hide_breadcrumbs":false,"_genesis_hide_singular_image":false,"_genesis_hide_footer_widgets":false,"_genesis_custom_body_class":"","_genesis_custom_post_class":"","_genesis_layout":"","footnotes":""},"class_list":{"0":"post-819","1":"page","2":"type-page","3":"status-publish","4":"has-post-thumbnail","6":"entry"},"acf":[],"_links":{"self":[{"href":"https:\/\/cadizlaw.com\/es\/wp-json\/wp\/v2\/pages\/819","targetHints":{"allow":["GET"]}}],"collection":[{"href":"https:\/\/cadizlaw.com\/es\/wp-json\/wp\/v2\/pages"}],"about":[{"href":"https:\/\/cadizlaw.com\/es\/wp-json\/wp\/v2\/types\/page"}],"author":[{"embeddable":true,"href":"https:\/\/cadizlaw.com\/es\/wp-json\/wp\/v2\/users\/4"}],"replies":[{"embeddable":true,"href":"https:\/\/cadizlaw.com\/es\/wp-json\/wp\/v2\/comments?post=819"}],"version-history":[{"count":0,"href":"https:\/\/cadizlaw.com\/es\/wp-json\/wp\/v2\/pages\/819\/revisions"}],"wp:featuredmedia":[{"embeddable":true,"href":"https:\/\/cadizlaw.com\/es\/wp-json\/wp\/v2\/media\/1363"}],"wp:attachment":[{"href":"https:\/\/cadizlaw.com\/es\/wp-json\/wp\/v2\/media?parent=819"}],"curies":[{"name":"wp","href":"https:\/\/api.w.org\/{rel}","templated":true}]}}