{"id":820,"date":"2019-08-14T12:30:42","date_gmt":"2019-08-14T17:30:42","guid":{"rendered":"http:\/\/cadizlaw.com\/?page_id=820"},"modified":"2024-12-03T18:41:49","modified_gmt":"2024-12-03T23:41:49","slug":"privacy-policy","status":"publish","type":"page","link":"https:\/\/cadizlaw.com\/es\/privacy-policy\/","title":{"rendered":"P\u00f3liza de Privacidad"},"content":{"rendered":"<p><span style=\"font-weight: 400;\">Creamos esta declaraci\u00f3n de privacidad para demostrar nuestro compromiso con la privacidad y la seguridad y para definir claramente estos est\u00e1ndares a los visitantes de nuestro sitio web. Este aviso de pol\u00edtica de privacidad se aplica \u00fanicamente a la informaci\u00f3n recopilada por este sitio web.<\/span><\/p>\n<p><span style=\"font-weight: 400;\">A continuaci\u00f3n se describen nuestras pr\u00e1cticas de recopilaci\u00f3n y difusi\u00f3n de informaci\u00f3n para este sitio web:<\/span><\/p>\n<ul>\n<li style=\"font-weight: 400;\" aria-level=\"1\"><span style=\"font-weight: 400;\">Usamos la direcci\u00f3n IP de los consumidores para ayudar a diagnosticar problemas con nuestro servidor y administrar nuestro sitio web.<\/span><\/li>\n<li style=\"font-weight: 400;\" aria-level=\"1\"><span style=\"font-weight: 400;\">Usamos cookies para realizar un seguimiento del contenido del carrito de compras y \/ o informaci\u00f3n de referencia.<\/span><\/li>\n<li style=\"font-weight: 400;\" aria-level=\"1\"><span style=\"font-weight: 400;\">Nuestro sitio utiliza un formulario de pedido para que los consumidores soliciten informaci\u00f3n sobre nuestros productos y servicios. Recopilamos la informaci\u00f3n de contacto del consumidor (como su direcci\u00f3n de correo electr\u00f3nico, n\u00famero de tel\u00e9fono o direcci\u00f3n postal). Usamos la informaci\u00f3n de contacto del formulario para enviar productos, informaci\u00f3n u ofertas.<\/span><\/li>\n<li style=\"font-weight: 400;\" aria-level=\"1\"><span style=\"font-weight: 400;\">La informaci\u00f3n de contacto del consumidor tambi\u00e9n se puede utilizar para ponerse en contacto con el consumidor si es necesario para resolver un problema.<\/span><\/li>\n<li style=\"font-weight: 400;\" aria-level=\"1\"><span style=\"font-weight: 400;\">Cuando completa un formulario de contacto o se pone en contacto con nosotros, podemos retener sus comunicaciones para procesar sus consultas, responder a sus solicitudes y mejorar nuestros servicios.<\/span><\/li>\n<li style=\"font-weight: 400;\" aria-level=\"1\"><span style=\"font-weight: 400;\">En algunos casos, la informaci\u00f3n que proporcione a trav\u00e9s de servicios de terceros, como n\u00fameros gratuitos para este sitio o servicios de chat en vivo, se puede retener para procesar sus consultas, responder a sus solicitudes y mejorar nuestros servicios. La informaci\u00f3n recopilada por estos servicios de terceros tambi\u00e9n se rige por sus pol\u00edticas de privacidad.<\/span><\/li>\n<li style=\"font-weight: 400;\" aria-level=\"1\"><span style=\"font-weight: 400;\">Podemos utilizar su direcci\u00f3n de correo electr\u00f3nico, n\u00famero de tel\u00e9fono o direcci\u00f3n postal para comunicarnos con usted acerca de nuestros servicios.<\/span><\/li>\n<li style=\"font-weight: 400;\" aria-level=\"1\"><span style=\"font-weight: 400;\">Podemos utilizar cualquier informaci\u00f3n que nos proporcione o que recopilemos para proporcionar, mantener, proteger y mejorar nuestros servicios (incluidos los servicios publicitarios) y desarrollar nuevos servicios.<\/span><\/li>\n<li style=\"font-weight: 400;\" aria-level=\"1\"><span style=\"font-weight: 400;\">En cualquier momento, los consumidores pueden optar por no recibir futuros correos; consulte la secci\u00f3n de elecci\u00f3n \/ exclusi\u00f3n voluntaria a continuaci\u00f3n.<\/span><\/li>\n<li style=\"font-weight: 400;\" aria-level=\"1\"><span style=\"font-weight: 400;\">En cualquier momento, los consumidores pueden comunicarse con nosotros para solicitar que eliminemos la informaci\u00f3n de contacto que se nos proporcion\u00f3; consulte la secci\u00f3n de elecci\u00f3n \/ exclusi\u00f3n voluntaria a continuaci\u00f3n.<\/span><\/li>\n<\/ul>\n<p><span style=\"font-weight: 400;\">Tenga en cuenta: si se comunica con nosotros a trav\u00e9s de este sitio, es posible que su comunicaci\u00f3n no se trate como privilegiada o confidencial. Si se comunica con nosotros a trav\u00e9s de este sitio en un asunto o condici\u00f3n por la cual ya lo representamos o lo tratamos, recuerde que el correo electr\u00f3nico y los formularios de contacto de Internet no son seguros por naturaleza y debe evitar enviar mensajes de Internet sensibles o confidenciales.<\/span><\/p>\n<p><span style=\"font-weight: 400;\">El intercambio de informaci\u00f3n<\/span><\/p>\n<p><span style=\"font-weight: 400;\">No vendemos, comercializamos ni transferimos a terceros su informaci\u00f3n de identificaci\u00f3n personal proporcionada por los consumidores. Esto no incluye a los terceros de confianza que nos ayudan a operar nuestro sitio web, realizar nuestro negocio o prestar servicios a los consumidores, siempre que esas partes acuerden mantener esta informaci\u00f3n confidencial. Tambi\u00e9n podemos divulgar su informaci\u00f3n cuando creemos que la divulgaci\u00f3n es apropiada para cumplir con la ley, hacer cumplir las pol\u00edticas de nuestro sitio o proteger nuestros derechos, la propiedad o la seguridad de otros. Sin embargo, podemos compartir informaci\u00f3n demogr\u00e1fica agregada con nuestros socios que no contiene informaci\u00f3n de identificaci\u00f3n personal.<\/span><\/p>\n<p>SMS: El consentimiento para SMS y los n\u00fameros de tel\u00e9fono proporcionados para este prop\u00f3sito no ser\u00e1n compartidos con terceros ni afiliados para fines de marketing.Al suscribirte a nuestras notificaciones por SMS, aceptas recibir mensajes de texto promocionales, transaccionales e informativos de O\u2019Connor Cadiz Accident and Injury Law. Estos mensajes pueden incluir actualizaciones, ofertas exclusivas, confirmaciones de pedidos y otro contenido relacionado.<br \/>\nConsentimiento: Al optar por nuestro programa de SMS, das tu consentimiento para recibir mensajes de texto promocionales y personalizados automatizados de manera recurrente de O\u2019Connor Cadiz Accident and Injury Law al n\u00famero de tel\u00e9fono proporcionado durante el proceso de suscripci\u00f3n. El consentimiento no es una condici\u00f3n para realizar una compra.<br \/>\nFrecuencia de mensajes: La cantidad de mensajes SMS que recibir\u00e1s depender\u00e1 de tu interacci\u00f3n con nuestros servicios. Puedes recibir hasta 1 mensaje por semana.<br \/>\nCostos: Pueden aplicarse tarifas est\u00e1ndar de mensajes y datos. Consulta con tu proveedor de servicios m\u00f3viles para m\u00e1s detalles.<br \/>\nCancelaci\u00f3n:Puedes cancelar la recepci\u00f3n de mensajes SMS en cualquier momento. Para darte de baja, responde \u00abSTOP\u00bb a cualquier mensaje de texto que recibas. Despu\u00e9s de cancelar la suscripci\u00f3n, no recibir\u00e1s m\u00e1s mensajes SMS de nosotros, a menos que te suscribas nuevamente.<br \/>\nPrivacidad:Respetamos tu privacidad y manejaremos tu informaci\u00f3n de acuerdo con nuestra Pol\u00edtica de Privacidad.<br \/>\nContacto:Para cualquier pregunta o inquietud sobre nuestro programa de SMS, por favor cont\u00e1ctanos en O\u2019Connor Cadiz Accident and Injury Law.<\/p>\n<p><span style=\"font-weight: 400;\">Seguridad<\/span><\/p>\n<p><span style=\"font-weight: 400;\">Este sitio cuenta con medidas de seguridad para proteger la p\u00e9rdida, mal uso y alteraci\u00f3n de la informaci\u00f3n bajo nuestro control. Almacenamos toda la informaci\u00f3n del usuario en bases de datos protegidas a trav\u00e9s de una variedad de controles de acceso, adem\u00e1s de estar ubicados f\u00edsicamente en una instalaci\u00f3n segura. Se accede a estos datos solo para los fines especificados en esta declaraci\u00f3n de privacidad.<\/span><\/p>\n<p><span style=\"font-weight: 400;\">Elecci\u00f3n \/ Exclusi\u00f3n<\/span><\/p>\n<p><span style=\"font-weight: 400;\">Puede optar por no recibir comunicaciones nuestras en el futuro. Tambi\u00e9n puede solicitar ver cualquier informaci\u00f3n sobre usted que hayamos almacenado, y puede solicitar que eliminemos cualquier parte de esta informaci\u00f3n. Consulte a continuaci\u00f3n c\u00f3mo ponerse en contacto con nosotros.<\/span><\/p>\n<p><span style=\"font-weight: 400;\">Descargos de responsabilidad sobre el uso del sitio web<\/span><\/p>\n<p><span style=\"font-weight: 400;\">Nuestra empresa es responsable del contenido de este sitio web. Este sitio web est\u00e1 dise\u00f1ado s\u00f3lo con fines informativos generales y no constituye asesoramiento legal o m\u00e9dico ni la formaci\u00f3n de una relaci\u00f3n abogado-cliente o m\u00e9dico-cliente.<\/span><\/p>\n<p><span style=\"font-weight: 400;\">C\u00f3mo contactarnos<\/span><\/p>\n<p><span style=\"font-weight: 400;\">Si tiene alguna pregunta sobre esta declaraci\u00f3n de privacidad, las pr\u00e1cticas de este sitio o sus relaciones con este sitio web, visite nuestra p\u00e1gina de contacto.<\/span><\/p>\n<p>&nbsp;<\/p>\n","protected":false},"excerpt":{"rendered":"<p>Creamos esta declaraci\u00f3n de privacidad para demostrar nuestro compromiso con la privacidad y la seguridad y para definir claramente estos est\u00e1ndares a los visitantes de nuestro sitio web. Este aviso de pol\u00edtica de privacidad se aplica \u00fanicamente a la informaci\u00f3n recopilada por este sitio web. A continuaci\u00f3n se describen nuestras pr\u00e1cticas de recopilaci\u00f3n y difusi\u00f3n&#8230; <a class=\"more-link\" href=\"https:\/\/cadizlaw.com\/es\/privacy-policy\/\">Read More<\/a><\/p>\n","protected":false},"author":4,"featured_media":0,"parent":0,"menu_order":0,"comment_status":"closed","ping_status":"closed","template":"","meta":{"_acf_changed":false,"_monsterinsights_skip_tracking":false,"_monsterinsights_sitenote_active":false,"_monsterinsights_sitenote_note":"","_monsterinsights_sitenote_category":0,"_genesis_hide_title":false,"_genesis_hide_breadcrumbs":false,"_genesis_hide_singular_image":false,"_genesis_hide_footer_widgets":false,"_genesis_custom_body_class":"","_genesis_custom_post_class":"","_genesis_layout":"","footnotes":""},"class_list":{"0":"post-820","1":"page","2":"type-page","3":"status-publish","5":"entry"},"acf":[],"_links":{"self":[{"href":"https:\/\/cadizlaw.com\/es\/wp-json\/wp\/v2\/pages\/820","targetHints":{"allow":["GET"]}}],"collection":[{"href":"https:\/\/cadizlaw.com\/es\/wp-json\/wp\/v2\/pages"}],"about":[{"href":"https:\/\/cadizlaw.com\/es\/wp-json\/wp\/v2\/types\/page"}],"author":[{"embeddable":true,"href":"https:\/\/cadizlaw.com\/es\/wp-json\/wp\/v2\/users\/4"}],"replies":[{"embeddable":true,"href":"https:\/\/cadizlaw.com\/es\/wp-json\/wp\/v2\/comments?post=820"}],"version-history":[{"count":0,"href":"https:\/\/cadizlaw.com\/es\/wp-json\/wp\/v2\/pages\/820\/revisions"}],"wp:attachment":[{"href":"https:\/\/cadizlaw.com\/es\/wp-json\/wp\/v2\/media?parent=820"}],"curies":[{"name":"wp","href":"https:\/\/api.w.org\/{rel}","templated":true}]}}