{"id":822,"date":"2019-08-22T15:11:03","date_gmt":"2019-08-22T20:11:03","guid":{"rendered":"http:\/\/oconnorcadizac.wpenginepowered.com\/?page_id=822"},"modified":"2023-03-26T17:46:06","modified_gmt":"2023-03-26T22:46:06","slug":"slips-and-falls-in-chicago-and-premises-liability-in-illinois","status":"publish","type":"page","link":"https:\/\/cadizlaw.com\/es\/practice-areas\/slips-and-falls-in-chicago-and-premises-liability-in-illinois\/","title":{"rendered":"Lesiones por resbalones, tropiezos y ca\u00eddas"},"content":{"rendered":"<p>Los Casos de Responsabilidades en las Instalaciones, como se les llama, son casos contra el due\u00f1o de una propiedad despu\u00e9s de sufrir una lesi\u00f3n. En el \u00e1rea de Chicago, los casos m\u00e1s comunes de responsabilidades en las instalaciones son los siguientes:<\/p>\n<ul>\n<li>Resbalones y ca\u00eddas<\/li>\n<li>Accidentes de tropiezo<\/li>\n<li>Lesiones en escaleras<\/li>\n<li>Colapso de porche o terraza<\/li>\n<li>Lesiones de ascensor<\/li>\n<li>Accidentes de alberca o piscina<\/li>\n<li>Objetos que caen<\/li>\n<\/ul>\n<p>Por lo general, estos accidentes ocurren en lugares p\u00fablicos como centros comerciales, restaurantes, hoteles y moteles, cines, aceras, estadios, y estacionamientos. Los accidentes que ocurren cuando est\u00e1n en p\u00fablico pueden ser muy graves. Una mala ca\u00edda, por ejemplo, puede resultar en huesos rotos o dislocados, lesiones en la cabeza o algo peor. Si usted se lastim\u00f3 en la propiedad de otra persona o en un lugar p\u00fablico, preguntar\u00e1 c\u00f3mo se pagar\u00e1n sus facturas m\u00e9dicas o si se le puede compensar por el tiempo perdido en el trabajo. Al igual que con todos los dem\u00e1s casos de lesiones personales, el \u00e9xito en un caso de responsabilidad de instalaciones se basa en c\u00f3mo ocurri\u00f3 el accidente y de qui\u00e9n fue la culpa.<\/p>\n<h2>Lo necesario para tener \u00e9xito en Illinois en casos de responsabilidad de Instalaciones<\/h2>\n<p>Para tener \u00e9xito cuando sufre da\u00f1os en la propiedad de otra persona, hay b\u00e1sicamente cuatro cosas que debe demostrar:<\/p>\n<ul>\n<li>Incumplimiento de un deber de cuidado<\/li>\n<li>Aviso<\/li>\n<li>Lesi\u00f3n<\/li>\n<li>Causalidad<\/li>\n<\/ul>\n<h2>Un deber de cuidado de parte del due\u00f1o de la propiedad<\/h2>\n<p>Para tener \u00e9xito en su caso contra el propietario de una propiedad, el propietario (o un empleado, ya que el propietario tiene control sobre los empleados) tiene que haber fallado en el deber de cuidado que se le deb\u00eda. En otras palabras, todo comienza con un deber. Los propietarios tienen la obligaci\u00f3n legal de ejercer un cuidado ordinario hacia otras personas. Esto no significa que la propiedad tenga que ser perfecta, pero el est\u00e1ndar de cuidado ordinario significa que el lugar debe estar en condiciones razonablemente seguras, especialmente si es un lugar p\u00fablico. Si el due\u00f1o de una propiedad fue descuidado o cre\u00f3 una condici\u00f3n insegura, podr\u00eda haber responsabilidad. Por ejemplo, en un edificio p\u00fablico debe haber una iluminaci\u00f3n adecuada para que las personas puedan ver hacia d\u00f3nde se dirigen. Las alfombras y otros pisos deben estar en buenas condiciones para evitar que las personas tropiecen. En un restaurante, cualquier comida, bebida o vaso que acabe en el suelo debe limpiarse r\u00e1pidamente. Los hoteles deben proporcionar una seguridad adecuada. Cualquier lugar que sirva comida debe cumplir con los c\u00f3digos de salud en t\u00e9rminos de limpieza y seguridad alimentaria para evitar intoxicaciones alimentarias a los clientes. Los pisos reci\u00e9n trapeados deben tener letreros de \u2018piso mojado\u2019 para advertir a los clientes.<\/p>\n<p>Este deber s\u00f3lo se le debe a las personas que tienen el derecho legal de estar all\u00ed y no se aplica a los intrusos. Entonces, si saltas una valla para entrar en un lugar privado, no puedes quejarte si algo se cae encima de ti.<\/p>\n<h2>Aviso: El propietario o los empleados sab\u00edan o deber\u00edan haber sabido de la condici\u00f3n insegura<\/h2>\n<p>Si nadie sab\u00eda sobre el peligro y no hubiera sido razonable esperar que el propietario o un empleado lo supieran, entonces probablemente no existir\u00eda un caso legal. Debe demostrar que lo que sea que lo lastim\u00f3 fue un problema o condici\u00f3n conocida. A veces, esto puede ser dif\u00edcil de probar, pero hay algunas formas de hacerlo. Si la condici\u00f3n existi\u00f3 durante un largo per\u00edodo de tiempo, es m\u00e1s probable que el due\u00f1o de la propiedad lo supiera, o al menos deber\u00eda haberlo sabido. Por ejemplo, si hay una escalera vieja en alg\u00fan lugar que se est\u00e1 desmoronando, es muy probable que el propietario o las personas que trabajan all\u00ed sean plenamente conscientes de su antig\u00fcedad y estado de deterioro. A veces, la culpabilidad viene de no hacer algo, como colocar tapetes en una entrada cuando la lluvia o la nieve sigue entrando en los zapatos de los clientes. Por otro lado, es posible que un cliente haya dejado caer el helado en el piso del pasillo de una tienda hace unos segundos.<\/p>\n<p>El tiempo puede ser importante. Debe haber una cantidad de tiempo razonable para solucionar o advertir sobre el problema antes de que el propietario sea considerado responsable. Por ejemplo, si un mesero lleva una bebida y se derrama por todo el piso y, en el mismo momento, alguien se resbala, se puede defender que no hubo tiempo suficiente para limpiar el derrame antes del accidente y, por lo tanto, el restaurante no hizo nada malo. Por otra parte, si el mesero llevaba demasiadas bebidas a la vez, \u00bfestaba siendo descuidado? O puede haber un escenario completamente diferente en el que un camarero derrama una bebida y en lugar de que la limpien de inmediato, la ignora o la pasa por encima pensando que se puede limpiar m\u00e1s tarde, cuando est\u00e1n menos ocupados. No siempre es tan claro, y a veces son casos dif\u00edciles.<\/p>\n<h2>Lesi\u00f3n<\/h2>\n<p>Aunque parece ser obvio que realmente necesita resultar herido para presentar este tipo de demanda por lesiones personales, a veces las personas se preguntan si tienen un caso debido a lo que podr\u00eda haber sucedido. La respuesta es no. Por ejemplo, si estaba en un pasillo oscuro de un hotel debido a una bombilla quemada y alguien choc\u00f3 con un carrito de servicio pero no se lastim\u00f3, no tiene un caso solo porque algo del carrito podr\u00eda haber ca\u00eddo encima o porque si hubiera caminado m\u00e1s r\u00e1pido, podr\u00eda haberse lastimado. Probablemente todos hemos sentido la indignaci\u00f3n de \u201calguien podr\u00eda haber matado \u201c. Pero casi haberse lastimado no se realiza en un caso legal. Si se cay\u00f3 sobre un piso mojado pero lno le sucedi\u00f3 nada m\u00e1s que una posible verg\u00fcenza, entonces no tiene un caso de lesiones personales por resbalones y ca\u00eddas.<\/p>\n<h2>Causalidad<\/h2>\n<p>La condici\u00f3n insegura o el mal hecho tiene que haber sido la causa del accidente. Volviendo al ejemplo de una escalera deteriorada, si usted se cay\u00f3 sobre la escalera deteriorada pero lo hiciste porque alguien le empuj\u00f3, no puedes culpar al estado de las escaleras, ya que se hubiera ca\u00eddo de todos modos en unas escaleras en perfecto estado.<\/p>\n<h2>Los casos de Responsabilidad de las Instalaciones dependen de los hechos<\/h2>\n<p>En Illinois, los casos de resbalones, ca\u00eddas y otros casos de responsabilidad de las instalaciones, no siempre son sencillos y generalmente se involucran muchos detalles. El \u00e9xito de estos casos depende de las circunstancias que rodearon el accidente y de poder probar lo sucedido. Su propio recuerdo de lo que sucedi\u00f3 ser\u00e1 muy importante, pero puede que no sea suficiente. Se debe realizar una investigaci\u00f3n completa, que puede implicar ver cintas de videovigilancia, hablar con los empleados y hablar con los testigos que vieron lo que sucedi\u00f3.<\/p>\n<h2>Tome estos pasos si se lastimo o se cay\u00f3 en la propiedad de otro<\/h2>\n<p>No tenga verg\u00fcenza de reportar el accidente al gerente. Hazlo lo antes posible, preferiblemente antes de irse del sitio, si puede. Sin embargo, aseg\u00farese de no permitir que lo interroguen. Mant\u00e9ngalo simple y si est\u00e1 herido, d\u00edgalo. No se averg\u00fcence de pedir ayuda f\u00edsica. Tu bienestar f\u00edsico es lo m\u00e1s importante.<\/p>\n<p>Si necesita tratamiento m\u00e9dico despu\u00e9s del accidente o simplemente quiere que lo examinen porque no se siente bien, aseg\u00farese de hacerlo lo antes posible. Muchas personas esperan con la esperanza de que el dolor desaparezca y, cuando no es as\u00ed, se quedan atascadas esperando una cita. Si espera demasiado para buscar tratamiento m\u00e9dico, puede usarse en su contra en su caso. D\u00edgale a su proveedor m\u00e9dico lo que siente y siga sus recomendaciones.<\/p>\n<p>No se demore en hablar con un abogado. Solicitar informaci\u00f3n no significa que tenga que presentar un reclamo, sino que simplemente debe saber desde el principio c\u00f3mo protegerse, en caso de que su lesi\u00f3n sea grave y necesite que se solucionen sus facturas m\u00e9dicas y otros da\u00f1os. Se debe iniciar pronto una conversaci\u00f3n honesta con un abogado de lesiones personales aunque todav\u00eda no se ha decidido contratar ayuda, porque la compa\u00f1\u00eda de seguros del propietario intentar\u00e1 ponerse en contacto con usted de inmediato. Ellos quisieran hablar con usted antes de que usted tenga oportunidad de averiguar cu\u00e1les son sus derechos bajo la ley. Har\u00e1n todo lo posible de ser amables y ganarse su confianza, pero recuerden, est\u00e1n ah\u00ed para proteger a la compa\u00f1\u00eda de seguros y no para servirle a usted. Esto no significa que el due\u00f1o de la propiedad no se sienta mal por lo que sucedi\u00f3, pero los negocios son los negocios. La compa\u00f1\u00eda de seguros estar\u00e1 buscando como negar su caso desde el primer d\u00eda, porque a eso se dedican. Ll\u00e1menos al 630 250-8813 para averiguar cu\u00e1les son sus opciones si se lastim\u00f3 en la propiedad de otra persona.<\/p>\n","protected":false},"excerpt":{"rendered":"<p>Los Casos de Responsabilidades en las Instalaciones, como se les llama, son casos contra el due\u00f1o de una propiedad despu\u00e9s de sufrir una lesi\u00f3n. En el \u00e1rea de Chicago, los casos m\u00e1s comunes de responsabilidades en las instalaciones son los siguientes: Resbalones y ca\u00eddas Accidentes de tropiezo Lesiones en escaleras Colapso de porche o terraza&#8230; <a class=\"more-link\" href=\"https:\/\/cadizlaw.com\/es\/practice-areas\/slips-and-falls-in-chicago-and-premises-liability-in-illinois\/\">Read More<\/a><\/p>\n","protected":false},"author":4,"featured_media":1050,"parent":819,"menu_order":0,"comment_status":"closed","ping_status":"closed","template":"","meta":{"_acf_changed":false,"_monsterinsights_skip_tracking":false,"_monsterinsights_sitenote_active":false,"_monsterinsights_sitenote_note":"","_monsterinsights_sitenote_category":0,"_genesis_hide_title":false,"_genesis_hide_breadcrumbs":false,"_genesis_hide_singular_image":false,"_genesis_hide_footer_widgets":false,"_genesis_custom_body_class":"","_genesis_custom_post_class":"","_genesis_layout":"","footnotes":""},"class_list":{"0":"post-822","1":"page","2":"type-page","3":"status-publish","4":"has-post-thumbnail","6":"entry"},"acf":[],"_links":{"self":[{"href":"https:\/\/cadizlaw.com\/es\/wp-json\/wp\/v2\/pages\/822","targetHints":{"allow":["GET"]}}],"collection":[{"href":"https:\/\/cadizlaw.com\/es\/wp-json\/wp\/v2\/pages"}],"about":[{"href":"https:\/\/cadizlaw.com\/es\/wp-json\/wp\/v2\/types\/page"}],"author":[{"embeddable":true,"href":"https:\/\/cadizlaw.com\/es\/wp-json\/wp\/v2\/users\/4"}],"replies":[{"embeddable":true,"href":"https:\/\/cadizlaw.com\/es\/wp-json\/wp\/v2\/comments?post=822"}],"version-history":[{"count":0,"href":"https:\/\/cadizlaw.com\/es\/wp-json\/wp\/v2\/pages\/822\/revisions"}],"up":[{"embeddable":true,"href":"https:\/\/cadizlaw.com\/es\/wp-json\/wp\/v2\/pages\/819"}],"wp:featuredmedia":[{"embeddable":true,"href":"https:\/\/cadizlaw.com\/es\/wp-json\/wp\/v2\/media\/1050"}],"wp:attachment":[{"href":"https:\/\/cadizlaw.com\/es\/wp-json\/wp\/v2\/media?parent=822"}],"curies":[{"name":"wp","href":"https:\/\/api.w.org\/{rel}","templated":true}]}}