{"id":823,"date":"2019-08-22T15:40:28","date_gmt":"2019-08-22T20:40:28","guid":{"rendered":"http:\/\/oconnorcadizac.wpenginepowered.com\/?page_id=823"},"modified":"2023-06-09T16:20:59","modified_gmt":"2023-06-09T21:20:59","slug":"personal-injury","status":"publish","type":"page","link":"https:\/\/cadizlaw.com\/es\/practice-areas\/personal-injury\/","title":{"rendered":"Lesiones personales en Elgin"},"content":{"rendered":"<p>Los casos de lesiones personales son lo que manejamos. No somos una empresa grande y no hacemos publicidad en la televisi\u00f3n o por radio. Esto significa que usted recibir\u00e1 atenci\u00f3n personal si trabajamos juntos. Pero, \u00bfqu\u00e9 es exactamente un caso de lesiones personales? \u00bfTiene usted uno? Si es as\u00ed, \u00bfdeber\u00eda contratar a un abogado?<\/p>\n<p>Lesiones personales significa que su cuerpo ha sido herido. Normalmente se debe a un accidente. En el contexto legal, significa que su lesi\u00f3n fue causada por otra persona a la que se puede responsabilizar. Esa persona puede ser un particular, como el conductor de un coche accidentado. Tambi\u00e9n puede ser una empresa, como en el caso de un resbal\u00f3n en el suelo mojado de una tienda. Las personas con un caso de lesiones personales quieren responsabilizar financieramente a la parte responsable. Es muy \u00fatil que exista una cobertura de seguro, porque sin ella puede ser dif\u00edcil llegar a ver su dinero. Esto significa que las compa\u00f1\u00edas de seguros se involucran en las demandas por lesiones personales. Si la compa\u00f1\u00eda de seguros no es justa al respecto (y por lo general no lo son), un abogado puede tener que intervenir para negociar. Si la compa\u00f1\u00eda de seguros sigue sin jugar limpio en las negociaciones, el siguiente paso es una demanda. Un tribunal puede decidir qui\u00e9n tuvo la culpa de las lesiones y qu\u00e9 debe hacerse al respecto.<\/p>\n<p>Cuando se lesiona por el descuido de alguien m\u00e1s, usted quiere una compensaci\u00f3n justa y que le contesten sus preguntas. Esta ayuda debe proporcionada por alguien que est\u00e9 de su lado. Estoy ubicada en el condado de Kane en la cuidad de Elgin. Soy su abogada de confianza en el \u00e1rea de Chicago. La compa\u00f1\u00eda de seguros har\u00e1 todo lo posible para confundirlo y enga\u00f1arlo, esta no est\u00e1 de su lado. Hable con nosotros antes de hablar con un representante de la compa\u00f1\u00eda de seguros. Si est\u00e1 buscando la orientaci\u00f3n de alguien que est\u00e9 de su lado y sepa c\u00f3mo ayudarlo, est\u00e1 en el lugar correcto.<\/p>\n<h2>Tranquilidad Despu\u00e9s de un Accidente Grave<\/h2>\n<p>Usted o un ser querido se lastim\u00f3 en un accidente grave, y por eso nos visita. Nosotros entendemos que en cada uno de los casos de da\u00f1os personales, est\u00e1 una persona y sus sufrimientos. No representamos a compa\u00f1\u00edas de seguros y nunca lo hemos hecho. Nosotros ayudamos a la persona que fue v\u00edctima del descuido de alguien mas, quien merece una abogada que la defienda. Aunque no podamos quitarle el dolor debido a su lesi\u00f3n, estamos aqu\u00ed para que el aspecto legal le sea m\u00e1s f\u00e1cil. Sabemos que nadie quiere pasar por un caso de da\u00f1os personales, pero la parte legal requiere una atenci\u00f3n especial y \u00fanica. Perm\u00edtanos que le ayudemos para que usted \u00e9ste legalmente preparado<\/p>\n<p>Los casos de lesiones personales que manejamos, incluyen:<\/p>\n<ul>\n<li><a href=\"http:\/\/cadizlaw.com\/es\/practice-areas\/car-accident-personal-injury-lawyer-in-cook-and-dupage-il\/\">Accidentes de Auto:<\/a><\/li>\n<li><a href=\"http:\/\/cadizlaw.com\/es\/practice-areas\/legal-action-after-a-bicycle-accident-in-and-around-chicago\/\">Accidentes de Bicicleta<\/a><\/li>\n<li><a href=\"http:\/\/cadizlaw.com\/es\/practice-areas\/motorcycle-accidents-in-illinois-and-your-legal-rights\/\">Accidentes de Motocicleta<\/a><\/li>\n<li><a href=\"http:\/\/cadizlaw.com\/es\/practice-areas\/accidents-involving-uber-or-lyft-in-the-chicago-area\/\">Accidentes de Uber o Lyft<\/a><\/li>\n<li><a href=\"http:\/\/cadizlaw.com\/es\/practice-areas\/wrongful-death-lawsuits-in-illinois\/\">Muerte Injusta<\/a><\/li>\n<li><a href=\"http:\/\/cadizlaw.com\/es\/practice-areas\/pedestrian-accidents-getting-hit-by-a-car-in-illinois\/\">Accidentes de Peatones<\/a><\/li>\n<li><a href=\"http:\/\/cadizlaw.com\/es\/practice-areas\/trucking-or-tractor-trailer-accidents\/\">Accidentes de camion\/trailer<\/a><\/li>\n<li><a href=\"http:\/\/cadizlaw.com\/es\/blog\/dog-bite-law-in-illinois-under-the-animal-control-act\/\">Mordeduras de perro (y otras lesiones de animales)<\/a><\/li>\n<li><a href=\"http:\/\/cadizlaw.com\/es\/practice-areas\/slips-and-falls-in-chicago-and-premises-liability-in-illinois\/\">Lesiones por resbalones, tropiezos y ca\u00eddas<\/a><\/li>\n<li><a href=\"http:\/\/cadizlaw.com\/es\/practice-areas\/food-poisoning-lawsuits-in-illinois-against-restaurants\/\">Intoxicaci\u00f3n Alimentaria<\/a><\/li>\n<\/ul>\n<h2>Perm\u00edtanos Tratar con la Compa\u00f1\u00eda de Seguros<\/h2>\n<p>Antes de que hable usted con un agente del seguro, por favor comun\u00edquese con nosotros. No importa que tan dulce y amable sea la se\u00f1orita que contesta el tel\u00e9fono, \u00e9sta persona del seguro no es amiga suya. No cometa usted un error, el trabajo de ella es asegurarse que la compa\u00f1\u00eda de seguros obtenga m\u00e1s ganancias. Los ajustadores est\u00e1n muy bien entrenados en sus trabajos. Desde el momento en que lo llaman por tel\u00e9fono, est\u00e1n preparando un caso en su contra. Cuidado!<\/p>\n<h2>C\u00f3mo se le paga a una abogada en casos de da\u00f1os personales?<\/h2>\n<p>Si a usted no le pagan, a nosotros tampoco. Al principio usted no tiene que dar un adelanto, a nosotros se nos paga cuando se recupera una cantidad de parte del culpable. Trabajamos sobre honorarios de contingencia, lo que significa que nuestros honorarios se determinan por la cantidad de compensaci\u00f3n que reciba, expresada como un porcentaje. Si no recupera dinero por parte de la persona responsable de lo sucedido (o de su compa\u00f1\u00eda de seguros), no cobramos honorarios. Es <a href=\"http:\/\/cadizlaw.com\/es\/blog\/cost-to-talk-to-a-personal-injury-lawyer-in-and-around-chicago\/\">gratis<\/a> hablar con nosotros<\/p>\n<h2>Tengo un caso?<\/h2>\n<p>No todos tienen un caso, ni nosotros aceptamos cada caso. Sin embargo, con gusto hablaremos del asunto con usted y le proporcionaremos una explicaci\u00f3n para que entienda la recomendaci\u00f3n que nosotros creamos que usted deba seguir. Hay muchos componentes en un caso de lesiones personales y no hay una respuesta \u00fanica para todos.<\/p>\n<p>Despu\u00e9s de la lesi\u00f3n, documente todo lo que recuerde sobre lo sucedido. Escriba detalles sobre lo que sucedi\u00f3 y c\u00f3mo se sinti\u00f3 en los momentos, d\u00edas, semanas y meses despu\u00e9s del incidente. Los recuerdos tienden a desvanecerse con el tiempo. Comparta esto con su abogada de confianza. Esta informaci\u00f3n ser\u00e1 \u00fatil para evaluar y manejar su caso. Tambi\u00e9n debe realizar un seguimiento de las citas m\u00e9dicas, el tiempo que haya tenido que faltar al trabajo, los medicamentos recetados que tuvo que tomar despu\u00e9s del incidente, etc. Es una buena idea hablar de estos detalles con una abogada antes de que usted mismo discuta con la compa\u00f1\u00eda de seguros. Puede recibir una evaluaci\u00f3n honesta de parte de nosotros acerca de lo que puede estar enfrentando. Esta evaluaci\u00f3n ser\u00e1 muy diferente a la que le den en la compa\u00f1\u00eda de seguros, la que har\u00e1 cualquier cosa para proteger las ganancias de la compa\u00f1\u00eda.<\/p>\n<p>En cualquier caso de lesiones personales, tiene que probar que la otra parte tuvo la culpa (o la mayor parte de la culpa) y que usted sufri\u00f3 alg\u00fan tipo de da\u00f1o, como una lesi\u00f3n f\u00edsica, debido a la negligencia de otros. Con gusto le ofrecemos una sesi\u00f3n de estrategia confidencial para ayudarlo a decidir cu\u00e1l debe ser su pr\u00f3ximo paso.<\/p>\n<h2>\u00bfCu\u00e1nto vale mi caso de lesiones personales?<\/h2>\n<p>Al principio es imposible decirle cu\u00e1nto vale su caso. Si alguien trata de hacerlo, tenga mucho cuidado, porque le est\u00e1n mintiendo. Seguramente esto es cierto, especialmente cuando habla con la compa\u00f1\u00eda de seguros del otro conductor. Hasta que se hayan investigado los hechos y se haya finalizado su tratamiento m\u00e9dico, se sabe cu\u00e1nto vale un caso de lesiones.<\/p>\n<p>Es un mito que los casos de lesiones valen tres veces sus facturas m\u00e9dicas, esto a menudo no tiene base en la realidad. Su caso puede valer mucho m\u00e1s o mucho menos. Hay muchos factores que considerar y simplemente no existe una f\u00f3rmula.<\/p>\n<p>Sin embargo, la compa\u00f1\u00eda de seguros de la parte responsable, se apresurar\u00e1 a asignar un valor en d\u00f3lares a su caso y le ofrecer\u00e1n una cifra muy baja, con la esperanza de que usted la acepte, si saben que su conductor es el responsable. Quieren llegar a un acuerdo con usted r\u00e1pidamente antes de que usted se d\u00e9 cuenta del valor total al que podr\u00eda tener derecho legalmente. La compa\u00f1\u00eda de seguros intentar\u00e1 que acepte un n\u00famero antes de hablar con un abogado. No conf\u00ede en la compa\u00f1\u00eda de seguros y nunca acepte su primera oferta. Recuerde que la compa\u00f1\u00eda no trabaja para usted. Su trabajo es maximizar las ganancias para la compa\u00f1\u00eda de seguros, pagando lo menos posible a las v\u00edctimas de accidentes.<\/p>\n<h2>\u00bfQu\u00e9 me pueden compensar en un caso de lesiones personales?<\/h2>\n<p>Cada caso es diferente, pero si se lesiono por negligencia de otra persona, puede tener derecho a lo siguiente:<\/p>\n<ul>\n<li>Gastos m\u00e9dicos, incluyendo las facturas de ambulancia, de hospital, m\u00e9dicas, fisioterapia y de quiropr\u00e1cticos<\/li>\n<li>Medicamentos con o sin recetas<\/li>\n<li>Aparatos m\u00e9dicos como muletas, o cabestrillos<\/li>\n<li>Dolor y sufrimiento<\/li>\n<li>Salario perdido, si tuvo que faltar al trabajo debido a su lesi\u00f3n<\/li>\n<li>P\u00e9rdida de una vida normal, es decir, compensaci\u00f3n por ajustes que tuvo que hacer en su vida diaria, como consecuencia del accidente o lesi\u00f3n<\/li>\n<li>Cicatrices o desfiguraciones<\/li>\n<li>En casos de muerte por negligencia de un ser querido, compensaci\u00f3n adicional incluyendo gastos funerarios, etc.<\/li>\n<\/ul>\n<h2>C\u00f3mo puedo empezar el proceso?<\/h2>\n<p>En la oficina legal de O\u2019Connor Cadiz Accident y Injury Law, <a href=\"http:\/\/cadizlaw.com\/es\/blog\/will-you-be-able-to-take-my-personal-injury-case\/\">trabajamos con v\u00edctimas<\/a> que se han lesionado seriamente, debido a otros. Nosotros le podemos ayudar con el aspecto legal y estamos interesados en ayudarle, para que usted obtenga una compensaci\u00f3n justa. Para nosotros, usted no es s\u00f3lo otro caso. Entendemos que cada asunto es un caso personal. En nuestro peque\u00f1o bufete de abogados usted no se encontrar\u00e1 con la mentalidad que existe en otras oficinas m\u00e1s grandes. Nosotros llegamos a conocer muy bien a nuestros clientes, los detalles y sus lesiones, ya que dos casos nunca son iguales. Por favor llene la forma abajo y muy pronto nos comunicaremos con usted. Si usted prefiere, ll\u00e1menos al 630 250-8813.<\/p>\n","protected":false},"excerpt":{"rendered":"<p>Los casos de lesiones personales son lo que manejamos. No somos una empresa grande y no hacemos publicidad en la televisi\u00f3n o por radio. Esto significa que usted recibir\u00e1 atenci\u00f3n personal si trabajamos juntos. Pero, \u00bfqu\u00e9 es exactamente un caso de lesiones personales? \u00bfTiene usted uno? Si es as\u00ed, \u00bfdeber\u00eda contratar a un abogado? Lesiones&#8230; <a class=\"more-link\" href=\"https:\/\/cadizlaw.com\/es\/practice-areas\/personal-injury\/\">Read More<\/a><\/p>\n","protected":false},"author":4,"featured_media":984,"parent":819,"menu_order":0,"comment_status":"closed","ping_status":"closed","template":"","meta":{"_acf_changed":false,"_monsterinsights_skip_tracking":false,"_monsterinsights_sitenote_active":false,"_monsterinsights_sitenote_note":"","_monsterinsights_sitenote_category":0,"_genesis_hide_title":false,"_genesis_hide_breadcrumbs":false,"_genesis_hide_singular_image":false,"_genesis_hide_footer_widgets":false,"_genesis_custom_body_class":"","_genesis_custom_post_class":"","_genesis_layout":"content-sidebar","footnotes":""},"class_list":{"0":"post-823","1":"page","2":"type-page","3":"status-publish","4":"has-post-thumbnail","6":"entry"},"acf":[],"_links":{"self":[{"href":"https:\/\/cadizlaw.com\/es\/wp-json\/wp\/v2\/pages\/823","targetHints":{"allow":["GET"]}}],"collection":[{"href":"https:\/\/cadizlaw.com\/es\/wp-json\/wp\/v2\/pages"}],"about":[{"href":"https:\/\/cadizlaw.com\/es\/wp-json\/wp\/v2\/types\/page"}],"author":[{"embeddable":true,"href":"https:\/\/cadizlaw.com\/es\/wp-json\/wp\/v2\/users\/4"}],"replies":[{"embeddable":true,"href":"https:\/\/cadizlaw.com\/es\/wp-json\/wp\/v2\/comments?post=823"}],"version-history":[{"count":0,"href":"https:\/\/cadizlaw.com\/es\/wp-json\/wp\/v2\/pages\/823\/revisions"}],"up":[{"embeddable":true,"href":"https:\/\/cadizlaw.com\/es\/wp-json\/wp\/v2\/pages\/819"}],"wp:featuredmedia":[{"embeddable":true,"href":"https:\/\/cadizlaw.com\/es\/wp-json\/wp\/v2\/media\/984"}],"wp:attachment":[{"href":"https:\/\/cadizlaw.com\/es\/wp-json\/wp\/v2\/media?parent=823"}],"curies":[{"name":"wp","href":"https:\/\/api.w.org\/{rel}","templated":true}]}}