{"id":826,"date":"2019-08-22T15:07:21","date_gmt":"2019-08-22T20:07:21","guid":{"rendered":"http:\/\/oconnorcadizac.wpenginepowered.com\/?page_id=826"},"modified":"2024-02-24T13:57:03","modified_gmt":"2024-02-24T18:57:03","slug":"wrongful-death-lawsuits-in-illinois","status":"publish","type":"page","link":"https:\/\/cadizlaw.com\/es\/practice-areas\/wrongful-death-lawsuits-in-illinois\/","title":{"rendered":"Muerte Injusta"},"content":{"rendered":"<p>Los casos de Muerte Injusta (o Muerte por Negligencia) en Illinois son llevados por sobrevivientes de alguien que fue matado, ya sea intencionalmente o accidentalmente, por el hecho il\u00edcito de otro. Cuando un ser querido fallece por culpa de otro, la familia y otras cuestiones legales esperan una profunda pena y dificultades. El incidente que condujo a la muerte puede haber sido un accidente automovil\u00edstico, un accidente de construcci\u00f3n, un accidente en un lugar p\u00fablico como piscinas o escuelas, accidentes en hogares de ancianos, intoxicaci\u00f3n alimentaria o cualquier otra circunstancia desafortunada. El dinero es lo m\u00e1s alejado de la mente de los sobrevivientes, aunque muchas familias terminan presentando lo que se conoce como una demanda por muerte injusta contra la persona o la compa\u00f1\u00eda culpable. Esto no solo puede cubrir los costos muy reales y las dificultades financieras, sino que tambi\u00e9n sirve para garantizar que se haga justicia y, con suerte, evitar que sucede a otra persona.<\/p>\n<h2>\u00bfQu\u00e9 es la Muerte Injusta en Illinois?<\/h2>\n<p>La muerte injusta, o muerte por negligencia es una acci\u00f3n civil contra una parte que caus\u00f3 injustamente la muerte de otra. No es un caso penal, por lo que el infractor no se enfrenta a la c\u00e1rcel o multas \u00fanicamente como resultado del caso de acci\u00f3n il\u00edcita, pero a veces tambi\u00e9n se presentar\u00e1 un caso penal. En cambio, la acci\u00f3n civil busca da\u00f1os monetarios para el beneficio exclusivo de la familia del difunto.<\/p>\n<p>Seg\u00fan la ley de Illinois, los siguientes elementos o criterios conforman un reclamo por muerte injusta:<\/p>\n<ul>\n<li>El incidente caus\u00f3 la muerte.<\/li>\n<li>El incidente fue el resultado de un acto il\u00edcito o negligente. En otras palabras, la muerte fue causada por el descuido, el comportamiento imprudente, la mala conducta o la falta de hacer algo que deber\u00eda haberse hecho, como en las violaciones de seguridad de otra persona (o de la empresa u organizaci\u00f3n). El incidente generalmente no es intencional, Ejemplos ser\u00e1n un accidente automovil\u00edstico, un accidente de construcci\u00f3n, un accidente en un lugar de negocios, etc. Tambi\u00e9n podr\u00eda ser intencional. (Puede recordar la demanda por homicidio culposo presentada contra O.J. Simpson en la d\u00e9cada de 1990 por el asesinato intencional de su ex esposa y su amigo).<\/li>\n<li>La muerte afect\u00f3 directamente a la persona que present\u00f3 el reclamo y otros miembros de la familia de la v\u00edctima.<\/li>\n<li>Dificultades financieras para los sobrevivientes. Esto incluir\u00eda facturas m\u00e9dicas del fallecido, costos del funeral, p\u00e9rdida de ingresos futuros para la familia, etc.<\/li>\n<\/ul>\n<h2>\u00bfQui\u00e9n puede presentar una demanda por Muerte Injusta en Illinois?<\/h2>\n<p>Los casos de Muerte Injusta generalmente son presentados por un representante personal, un individuo que fue nombrado en su testamento o alguien designado por el tribunal, para llevar a cabo la demanda en nombre de los sobrevivientes. Se abre una sucesi\u00f3n testamentaria y el tribunal supervisa el proceso. Los sobrevivientes generalmente consisten en:<\/p>\n<ul>\n<li>Esposa o Esposo<\/li>\n<li>Padres de un ni\u00f1o menor<\/li>\n<li>Hijos adultos<\/li>\n<\/ul>\n<p>La compensaci\u00f3n otorgada generalmente se divide por el tribunal en funci\u00f3n de las circunstancias y el nivel de dependencia que cada individuo ten\u00eda en relaci\u00f3n con la v\u00edctima. Algunas v\u00edas de compensaci\u00f3n pueden estar disponibles para algunos de los sobrevivientes y no para otros.<\/p>\n<h2>\u00bfEn qu\u00e9 consiste la compensaci\u00f3n de una muerte injusta?<\/h2>\n<p>Por supuesto, las circunstancias variar\u00e1n de un caso a otro, pero a menudo se buscan los siguientes da\u00f1os:<\/p>\n<ul>\n<li>Dolor y sufrimiento que el difunto habr\u00eda podido presentar en su propia demanda por lesiones personales, si hubiera sobrevivido<\/li>\n<li>Facturas m\u00e9dicas en las que se haya incurrido antes de la muerte (cuando la muerte no es instant\u00e1nea)<\/li>\n<li>Gastos de entierro y funeral<\/li>\n<li>P\u00e9rdida de apoyo: Esto incluye ingresos futuros, beneficios de empleo, etc.<\/li>\n<li>P\u00e9rdida de la orientaci\u00f3n parental de los ni\u00f1os<\/li>\n<li>P\u00e9rdida de compa\u00f1erismo conyugal<\/li>\n<li>Dolor y tristeza<\/li>\n<li>Castigo (da\u00f1os punitivos) si es intencional<\/li>\n<\/ul>\n<p>Si cree que puede tener un reclamo por muerte injusta, toma en cuenta que hay un l\u00edmite de tiempo fijo para presentar una demanda o perder para siempre sus derechos. Estamos ubicados en Elgin IL y podemos hablar sobre sus opciones para que pueda avanzar con dignidad y, con suerte, minimizar las dificultades financieras que usted y los dem\u00e1s sobrevivientes puedan enfrentar.<\/p>\n","protected":false},"excerpt":{"rendered":"<p>Los casos de Muerte Injusta (o Muerte por Negligencia) en Illinois son llevados por sobrevivientes de alguien que fue matado, ya sea intencionalmente o accidentalmente, por el hecho il\u00edcito de otro. Cuando un ser querido fallece por culpa de otro, la familia y otras cuestiones legales esperan una profunda pena y dificultades. El incidente que&#8230; <a class=\"more-link\" href=\"https:\/\/cadizlaw.com\/es\/practice-areas\/wrongful-death-lawsuits-in-illinois\/\">Read More<\/a><\/p>\n","protected":false},"author":4,"featured_media":772,"parent":819,"menu_order":0,"comment_status":"closed","ping_status":"closed","template":"","meta":{"_acf_changed":false,"_monsterinsights_skip_tracking":false,"_monsterinsights_sitenote_active":false,"_monsterinsights_sitenote_note":"","_monsterinsights_sitenote_category":0,"_genesis_hide_title":false,"_genesis_hide_breadcrumbs":false,"_genesis_hide_singular_image":false,"_genesis_hide_footer_widgets":false,"_genesis_custom_body_class":"","_genesis_custom_post_class":"","_genesis_layout":"","footnotes":""},"class_list":{"0":"post-826","1":"page","2":"type-page","3":"status-publish","4":"has-post-thumbnail","6":"entry"},"acf":[],"_links":{"self":[{"href":"https:\/\/cadizlaw.com\/es\/wp-json\/wp\/v2\/pages\/826","targetHints":{"allow":["GET"]}}],"collection":[{"href":"https:\/\/cadizlaw.com\/es\/wp-json\/wp\/v2\/pages"}],"about":[{"href":"https:\/\/cadizlaw.com\/es\/wp-json\/wp\/v2\/types\/page"}],"author":[{"embeddable":true,"href":"https:\/\/cadizlaw.com\/es\/wp-json\/wp\/v2\/users\/4"}],"replies":[{"embeddable":true,"href":"https:\/\/cadizlaw.com\/es\/wp-json\/wp\/v2\/comments?post=826"}],"version-history":[{"count":0,"href":"https:\/\/cadizlaw.com\/es\/wp-json\/wp\/v2\/pages\/826\/revisions"}],"up":[{"embeddable":true,"href":"https:\/\/cadizlaw.com\/es\/wp-json\/wp\/v2\/pages\/819"}],"wp:featuredmedia":[{"embeddable":true,"href":"https:\/\/cadizlaw.com\/es\/wp-json\/wp\/v2\/media\/772"}],"wp:attachment":[{"href":"https:\/\/cadizlaw.com\/es\/wp-json\/wp\/v2\/media?parent=826"}],"curies":[{"name":"wp","href":"https:\/\/api.w.org\/{rel}","templated":true}]}}