{"id":832,"date":"2019-08-30T12:10:00","date_gmt":"2019-08-30T17:10:00","guid":{"rendered":"http:\/\/cadizlaw.com\/?page_id=832"},"modified":"2023-03-30T19:05:50","modified_gmt":"2023-03-31T00:05:50","slug":"finding-the-devil-in-the-details-of-your-disability-denial","status":"publish","type":"page","link":"https:\/\/cadizlaw.com\/es\/reports\/finding-the-devil-in-the-details-of-your-disability-denial\/","title":{"rendered":"Su gu\u00eda a Seguro de Discapacidad y ERISA"},"content":{"rendered":"<h3><img loading=\"lazy\" decoding=\"async\" class=\"wp-image-283 alignleft\" src=\"https:\/\/oconnorcadiz.wpengine.com\/wp-content\/uploads\/2019\/08\/3D-cadiz-cover-1024x1024.png\" sizes=\"auto, (max-width: 365px) 100vw, 365px\" srcset=\"http:\/\/cadizlaw.com\/wp-content\/uploads\/2019\/08\/3D-cadiz-cover-1024x1024.png 1024w, http:\/\/cadizlaw.com\/wp-content\/uploads\/2019\/08\/3D-cadiz-cover-150x150.png 150w, http:\/\/cadizlaw.com\/wp-content\/uploads\/2019\/08\/3D-cadiz-cover-300x300.png 300w, http:\/\/cadizlaw.com\/wp-content\/uploads\/2019\/08\/3D-cadiz-cover-768x768.png 768w\" alt=\"\" width=\"365\" height=\"365\" \/>Incluso los jueces federales dicen que debe conseguir un abogado para presentar su apelaci\u00f3n en casos de discapacidad a largo plazo.<\/h3>\n<p>Todos hemos escuchado el dicho \u201cEl diablo est\u00e1 en los detalles\u201d y eso es exactamente lo que su compa\u00f1\u00eda de seguros quiere que usted crea cuando niegan su reclamo por discapacidad a largo plazo.<\/p>\n<p>Primero, la compa\u00f1\u00eda de seguros tratar\u00e1 de convencerlo de que hay algunos detalles escritos en su p\u00f3liza de discapacidad que les permitir\u00e1 evitar pagar sus beneficios bajo la p\u00f3liza. Es cierto que en su p\u00f3liza se han introducido peque\u00f1as peculiaridades complicadas. PRESTE ATENCI\u00d3N porque su reclamo por discapacidad a largo plazo puede explotar por completo, sin posibilidad de reparaci\u00f3n.<\/p>\n<p>La ley de ERISA (seguridad de ingresos para la jubilaci\u00f3n de los empleados), requiere que usted demuestre que su negaci\u00f3n no solo fue incorrecta, sino que no pudo haber sido razonable. Tambi\u00e9n bajo la ley, no habr\u00e1 ni juicio ni testigos en su caso. Todo lo que hace el juez se basa en los documentos presentados en el momento de su apelaci\u00f3n. No tendr\u00e1 la oportunidad de hacer preguntas bajo juramento. Siendo as\u00ed, no se puede revelar en corte los incentivos financieros pagados a los \u2018m\u00e9dicos independientes\u2019 cuando est\u00e1n de acuerdo con las compa\u00f1\u00edas de seguros.<\/p>\n<p>\u00bfPor qu\u00e9 el gobierno no corrige estas injusticias? Porque los planes de discapacidad que ellos tienen no se rigen por ERISA. As\u00ed que al Congreso, simplemente no les importa.<\/p>\n<p>Este libro explica lo que usted puede hacer despu\u00e9s de ser negado bajo su p\u00f3liza de discapacidad, y por qu\u00e9 debe hacerlo de inmediato.<\/p>\n\n<div class=\"wpcf7 no-js\" id=\"wpcf7-f1168-o1\" lang=\"es-ES\" dir=\"ltr\" data-wpcf7-id=\"1168\">\n<div class=\"screen-reader-response\"><p role=\"status\" aria-live=\"polite\" aria-atomic=\"true\"><\/p> <ul><\/ul><\/div>\n<form action=\"\/es\/wp-json\/wp\/v2\/pages\/832#wpcf7-f1168-o1\" method=\"post\" class=\"wpcf7-form init\" aria-label=\"Formulario de contacto\" novalidate=\"novalidate\" data-status=\"init\">\n<fieldset class=\"hidden-fields-container\"><input type=\"hidden\" name=\"_wpcf7\" value=\"1168\" \/><input type=\"hidden\" name=\"_wpcf7_version\" value=\"6.1.5\" \/><input type=\"hidden\" name=\"_wpcf7_locale\" value=\"es_ES\" \/><input type=\"hidden\" name=\"_wpcf7_unit_tag\" value=\"wpcf7-f1168-o1\" \/><input type=\"hidden\" name=\"_wpcf7_container_post\" value=\"0\" \/><input type=\"hidden\" name=\"_wpcf7_posted_data_hash\" value=\"\" \/>\n<\/fieldset>\n<p><label> Nombre y Apellido<br \/>\n<span class=\"wpcf7-form-control-wrap\" data-name=\"your-name\"><input size=\"40\" maxlength=\"400\" class=\"wpcf7-form-control wpcf7-text wpcf7-validates-as-required\" aria-required=\"true\" aria-invalid=\"false\" placeholder=\"Primero Ultimo\" value=\"\" type=\"text\" name=\"your-name\" \/><\/span> <\/label>\n<\/p>\n<p><label> Correo electr\u00f3nico<br \/>\n<span class=\"wpcf7-form-control-wrap\" data-name=\"your-email\"><input size=\"40\" maxlength=\"400\" class=\"wpcf7-form-control wpcf7-email wpcf7-validates-as-required wpcf7-text wpcf7-validates-as-email\" aria-required=\"true\" aria-invalid=\"false\" placeholder=\"you@example.com\" value=\"\" type=\"email\" name=\"your-email\" \/><\/span> <\/label>\n<\/p>\n<p>Si desea que le enviemos una copia impresa y m\u00e1s informaci\u00f3n por correo, proporcione una direcci\u00f3n postal a continuaci\u00f3n. Si no, d\u00e9jelo en blanco.\n<\/p>\n<p><label> Direcci\u00f3n<br \/>\n<span class=\"wpcf7-form-control-wrap\" data-name=\"your-street\"><input size=\"40\" maxlength=\"400\" class=\"wpcf7-form-control wpcf7-text\" aria-invalid=\"false\" placeholder=\"Direcci\u00f3n\" value=\"\" type=\"text\" name=\"your-street\" \/><\/span> <\/label>\n<\/p>\n<p><label> Ciudad<br \/>\n<span class=\"wpcf7-form-control-wrap\" data-name=\"your-city\"><input size=\"40\" maxlength=\"400\" class=\"wpcf7-form-control wpcf7-text\" aria-invalid=\"false\" placeholder=\"Ciudad\" value=\"\" type=\"text\" name=\"your-city\" \/><\/span> <\/label>\n<\/p>\n<p><label> Estado<br \/>\n<span class=\"wpcf7-form-control-wrap\" data-name=\"your-state\"><input size=\"40\" maxlength=\"400\" class=\"wpcf7-form-control wpcf7-text\" aria-invalid=\"false\" placeholder=\"Estado\" value=\"\" type=\"text\" name=\"your-state\" \/><\/span> <\/label>\n<\/p>\n<p><label> C\u00f3digo postal<br \/>\n<span class=\"wpcf7-form-control-wrap\" data-name=\"your-zip\"><input size=\"40\" maxlength=\"400\" class=\"wpcf7-form-control wpcf7-text\" aria-invalid=\"false\" placeholder=\"55555\" value=\"\" type=\"text\" name=\"your-zip\" \/><\/span> <\/label>\n<\/p>\n<p><label> Su tel\u00e9fono<br \/>\n<span class=\"wpcf7-form-control-wrap\" data-name=\"your-phone\"><input size=\"40\" maxlength=\"400\" class=\"wpcf7-form-control wpcf7-tel wpcf7-text wpcf7-validates-as-tel\" aria-invalid=\"false\" placeholder=\"xxx-xxx-xxxx\" value=\"\" type=\"tel\" name=\"your-phone\" \/><\/span> <\/label>[honeypot your-cellphone]\n<\/p>\n<p><input class=\"wpcf7-form-control wpcf7-submit has-spinner\" type=\"submit\" value=\"DDESCARGUE SU GUIA GRATUITA AHORA\" \/>\n<\/p><p style=\"display: none !important;\" class=\"akismet-fields-container\" data-prefix=\"_wpcf7_ak_\"><label>&#916;<textarea name=\"_wpcf7_ak_hp_textarea\" cols=\"45\" rows=\"8\" maxlength=\"100\"><\/textarea><\/label><input type=\"hidden\" id=\"ak_js_1\" name=\"_wpcf7_ak_js\" value=\"242\"\/><script type=\"text\/javascript\">\n\/* <![CDATA[ *\/\ndocument.getElementById( \"ak_js_1\" ).setAttribute( \"value\", ( new Date() ).getTime() );\n\/* ]]> *\/\n<\/script>\n<\/p><div class=\"wpcf7-response-output\" aria-hidden=\"true\"><\/div>\n<\/form>\n<\/div>\n\n","protected":false},"excerpt":{"rendered":"<p>Incluso los jueces federales dicen que debe conseguir un abogado para presentar su apelaci\u00f3n en casos de discapacidad a largo plazo. Todos hemos escuchado el dicho \u201cEl diablo est\u00e1 en los detalles\u201d y eso es exactamente lo que su compa\u00f1\u00eda de seguros quiere que usted crea cuando niegan su reclamo por discapacidad a largo plazo&#8230;. <a class=\"more-link\" href=\"https:\/\/cadizlaw.com\/es\/reports\/finding-the-devil-in-the-details-of-your-disability-denial\/\">Read More<\/a><\/p>\n","protected":false},"author":4,"featured_media":0,"parent":836,"menu_order":0,"comment_status":"closed","ping_status":"closed","template":"","meta":{"_acf_changed":false,"_monsterinsights_skip_tracking":false,"_monsterinsights_sitenote_active":false,"_monsterinsights_sitenote_note":"","_monsterinsights_sitenote_category":0,"_genesis_hide_title":false,"_genesis_hide_breadcrumbs":false,"_genesis_hide_singular_image":false,"_genesis_hide_footer_widgets":false,"_genesis_custom_body_class":"","_genesis_custom_post_class":"","_genesis_layout":"","footnotes":""},"class_list":{"0":"post-832","1":"page","2":"type-page","3":"status-publish","5":"entry","6":"has-post-thumbnail"},"acf":[],"_links":{"self":[{"href":"https:\/\/cadizlaw.com\/es\/wp-json\/wp\/v2\/pages\/832","targetHints":{"allow":["GET"]}}],"collection":[{"href":"https:\/\/cadizlaw.com\/es\/wp-json\/wp\/v2\/pages"}],"about":[{"href":"https:\/\/cadizlaw.com\/es\/wp-json\/wp\/v2\/types\/page"}],"author":[{"embeddable":true,"href":"https:\/\/cadizlaw.com\/es\/wp-json\/wp\/v2\/users\/4"}],"replies":[{"embeddable":true,"href":"https:\/\/cadizlaw.com\/es\/wp-json\/wp\/v2\/comments?post=832"}],"version-history":[{"count":0,"href":"https:\/\/cadizlaw.com\/es\/wp-json\/wp\/v2\/pages\/832\/revisions"}],"up":[{"embeddable":true,"href":"https:\/\/cadizlaw.com\/es\/wp-json\/wp\/v2\/pages\/836"}],"wp:attachment":[{"href":"https:\/\/cadizlaw.com\/es\/wp-json\/wp\/v2\/media?parent=832"}],"curies":[{"name":"wp","href":"https:\/\/api.w.org\/{rel}","templated":true}]}}