{"id":834,"date":"2019-08-22T15:23:41","date_gmt":"2019-08-22T20:23:41","guid":{"rendered":"http:\/\/oconnorcadizac.wpenginepowered.com\/?page_id=834"},"modified":"2024-07-09T10:53:01","modified_gmt":"2024-07-09T15:53:01","slug":"motorcycle-accidents-in-illinois-and-your-legal-rights","status":"publish","type":"page","link":"https:\/\/cadizlaw.com\/es\/practice-areas\/motorcycle-accidents-in-illinois-and-your-legal-rights\/","title":{"rendered":"Accidentes de Motocicleta en Chicago y sus suburbios"},"content":{"rendered":"<p>Las motocicletas son una de transporte forma estupenda y divertida por el \u00e1rea de Chicago. Sin embargo, los accidentes de motocicleta suceden frecuentemente. Cuando ocurren, las lesiones generalmente son bastante graves. Demandas son comunes contra los conductores de autom\u00f3viles que golpean a los motociclistas. Las motocicletas no ofrecen la misma protecci\u00f3n que otros veh\u00edculos. Estos choques a menudo provocan que los motociclistas salgan disparados de la motocicleta, sufriendo lesiones graves. Los accidentes de motocicleta a menudo son el resultado de no ser vistos, pero esto no es excusa, ya que los conductores deben tener cuidado para no lastimar a nadie en la carretera, incluso los conductores de motocicletas. Si fue v\u00edctima de un accidente de motocicleta, tome medidas ahora para garantizar sus derechos legales.<\/p>\n<h2>Qu\u00e9 hacer inmediatamente despu\u00e9s de un accidente de motocicleta<\/h2>\n<p><strong>Busque atenci\u00f3n m\u00e9dica.<\/strong>\u00a0No espere para recibir tratamiento m\u00e9dico si result\u00f3 herido en un accidente de motocicleta. Estos accidentes pueden ser muy graves, especialmente si fue atropellado por un veh\u00edculo o arrojado de su motocicleta. En el hospital, deba ser examinado para detectar cualquier lesi\u00f3n interna. Por supuesto, tambi\u00e9n debe recibir tratamiento para algunas de sus lesiones m\u00e1s obvias. No es raro, despu\u00e9s de un accidente de motocicleta, sufrir de:<\/p>\n<ul>\n<li>Lesiones ortop\u00e9dicas que involucran ligamentos rotos o huesos rotos<\/li>\n<li>Heridas en la cabeza<\/li>\n<li>Lesiones en la columna vertebral<\/li>\n<li>Lesiones en las coyunturas<\/li>\n<li>Brazos y piernas lesionados<\/li>\n<li>Heridas internas<\/li>\n<li>Problemas de cuello y espalda<\/li>\n<li>Muerte, en cuyo caso puede tener una demanda por muerte por negligencia en nombre de un ser querido.<\/li>\n<\/ul>\n<p><strong>Informe el accidente.<\/strong>\u00a0El accidente debe ser reportado a la polic\u00eda de inmediato. Tambi\u00e9n debe informar a su propia compa\u00f1\u00eda de seguros sobre el accidente.<\/p>\n<p><strong>No hable todav\u00eda con la compa\u00f1\u00eda de seguros del conductor.\u00a0<\/strong>\u00a0Es muy importante que no hable con la compa\u00f1\u00eda de seguros del conductor que lo atropell\u00f3. Primero debe hablar con un abogado. Tenga cuidado, la compa\u00f1\u00eda de seguros intentar\u00e1 comunicarse con usted de inmediato. No se deje enga\u00f1ar, esta es una t\u00e1ctica deliberada para comenzar a construir un caso en su contra antes de consultar a un abogado. Esperan resolver su caso por una peque\u00f1a cantidad antes de que sepa el alcance total de sus lesiones. Peor a\u00fan, es posible que intenten convencerlo de que es culpa suya para evitar tener que pagar.<\/p>\n<p><strong>Conservar la evidencia.<\/strong>\u00a0Cuando se puede, tome una fotograf\u00eda del da\u00f1o a la motocicleta. Tambi\u00e9n tome una fotograf\u00eda de su cuerpo para mostrar cualquier lesi\u00f3n que pueda ser f\u00e1cilmente visible, o p\u00eddale a otra persona que tome fotograf\u00edas. Si alguien tom\u00f3 fotograf\u00edas de la escena del accidente, gu\u00e1rdelas. Fotos ser\u00e1n importantes m\u00e1s adelante para mostrar c\u00f3mo sucedi\u00f3 el accidente. Si su casco result\u00f3 da\u00f1ado, gu\u00e1rdelo. No lo use en viajes futuros, pero debe guardarse como evidencia f\u00edsica.<\/p>\n<h2>Los motociclistas a menudo son v\u00edctimas injustamente<\/h2>\n<p>Los motociclistas tienden a ser tratados injustamente en escenarios de accidentes, ya que muchas veces las personas juzgan r\u00e1pidamente y asumen que los motociclistas iban a exceso de velocidad o se comportaban imprudentemente. Estas suposiciones no deben ser parte de nuestro sistema legal. Cada caso debe ser analizado individualmente para determinar exactamente qu\u00e9 sucedi\u00f3. Su abogado debe estar preparado para combatir este prejuicio a medida que se produzca, tanto del p\u00fablico en general (jurados) como de la compa\u00f1\u00eda de seguros.<\/p>\n<h2>Derechos legales despu\u00e9s de un accidente de motocicleta<\/h2>\n<p>Si el accidente de motocicleta fue culpa de otra persona, tiene derecho a ser compensado.<\/p>\n<p>En cualquier caso de lesiones personales, para tener \u00e9xito en su reclamo despu\u00e9s de un accidente de motocicleta, debe demostrar que el conductor que lo atropell\u00f3 actu\u00f3 de manera descuidada. Esto se conoce como negligencia y puede ser el resultado de diversas circunstancias, que incluyen:<\/p>\n<ul>\n<li>Conducir distra\u00eddo, incluso enviar mensajes de texto mientras conduce.<\/li>\n<li>No seguir las reglas de la carretera.<\/li>\n<li>Acelerar o conducir demasiado r\u00e1pido para las condiciones<\/li>\n<li>No prestar atenci\u00f3n a la carretera y sus alrededores, incluido el hecho de no verlo<\/li>\n<li>Conducir ebrio<\/li>\n<li>Pasar las luces rojas o las se\u00f1ales de alto<\/li>\n<li>Cambios de carril inapropiados<\/li>\n<\/ul>\n<p>Tambi\u00e9n tiene que demostrar que sus lesiones fueron causadas por el accidente. Esto se conoce como causa pr\u00f3xima. Por ejemplo, si cojea, debe demostrar que no cojeaba antes del accidente. Esto se puede demostrar simplemente diciendo que no coje\u00f3 antes. Sus m\u00e9dicos deben documentar bien los s\u00edntomas y los hallazgos m\u00e9dicos despu\u00e9s del accidente de motocicleta. Aseg\u00farese de mencionar todo lo que siente a su m\u00e9dico y siga todos los tratamientos recomendados. Los registros m\u00e9dicos son una pieza fundamental para determinar la causa inmediata.<\/p>\n<p>Despu\u00e9s de probar la negligencia y la causalidad de sus lesiones, debe mostrar los da\u00f1os. Los da\u00f1os son todas las consecuencias negativas para usted como resultado del accidente. Es posible que pueda recuperar todos o algunos de los siguientes da\u00f1os:<\/p>\n<ul>\n<li>Facturas m\u00e9dicas, incluidos hospitales, tarifas de ambulancia, fisioterapia y medicamentos.<\/li>\n<li>Tiempo perdido del trabajo y p\u00e9rdida de ingresos futuros. Esto tambi\u00e9n deber\u00eda estar bien documentado.<\/li>\n<li>Costo de su motocicleta, casco, etc.<\/li>\n<li>Dolor y sufrimiento. Un registro escrito puede resultar \u00fatil.<\/li>\n<li>P\u00e9rdida de una vida normal si hay cosas que ya no pod\u00eda hacer o no pod\u00eda hacer tan bien como antes del accidente, como deportes, quehaceres dom\u00e9sticas, cuidados personales, etc.<\/li>\n<li>Cicatrices o desfiguraciones.<\/li>\n<li>Muerte por negligencia de un ser querido, si alguien m\u00e1s muri\u00f3 en un accidente de motocicleta.<\/li>\n<\/ul>\n<p>En O\u2019Connor Cadiz Law, estaremos encantados de discutir el accidente de motocicleta con usted para ayudarlo a determinar cu\u00e1les deben ser sus pr\u00f3ximos pasos. Nuestro objetivo es responsabilizar a la persona responsable por sus lesiones. Ll\u00e1menos al 630 250-8813 o complete nuestro formulario web y nos comunicaremos con usted en breve.<\/p>\n","protected":false},"excerpt":{"rendered":"<p>Las motocicletas son una de transporte forma estupenda y divertida por el \u00e1rea de Chicago. Sin embargo, los accidentes de motocicleta suceden frecuentemente. Cuando ocurren, las lesiones generalmente son bastante graves. Demandas son comunes contra los conductores de autom\u00f3viles que golpean a los motociclistas. Las motocicletas no ofrecen la misma protecci\u00f3n que otros veh\u00edculos. Estos&#8230; <a class=\"more-link\" href=\"https:\/\/cadizlaw.com\/es\/practice-areas\/motorcycle-accidents-in-illinois-and-your-legal-rights\/\">Read More<\/a><\/p>\n","protected":false},"author":4,"featured_media":1028,"parent":819,"menu_order":0,"comment_status":"closed","ping_status":"closed","template":"","meta":{"_acf_changed":false,"_monsterinsights_skip_tracking":false,"_monsterinsights_sitenote_active":false,"_monsterinsights_sitenote_note":"","_monsterinsights_sitenote_category":0,"_genesis_hide_title":false,"_genesis_hide_breadcrumbs":false,"_genesis_hide_singular_image":false,"_genesis_hide_footer_widgets":false,"_genesis_custom_body_class":"","_genesis_custom_post_class":"","_genesis_layout":"","footnotes":""},"class_list":{"0":"post-834","1":"page","2":"type-page","3":"status-publish","4":"has-post-thumbnail","6":"entry"},"acf":[],"_links":{"self":[{"href":"https:\/\/cadizlaw.com\/es\/wp-json\/wp\/v2\/pages\/834","targetHints":{"allow":["GET"]}}],"collection":[{"href":"https:\/\/cadizlaw.com\/es\/wp-json\/wp\/v2\/pages"}],"about":[{"href":"https:\/\/cadizlaw.com\/es\/wp-json\/wp\/v2\/types\/page"}],"author":[{"embeddable":true,"href":"https:\/\/cadizlaw.com\/es\/wp-json\/wp\/v2\/users\/4"}],"replies":[{"embeddable":true,"href":"https:\/\/cadizlaw.com\/es\/wp-json\/wp\/v2\/comments?post=834"}],"version-history":[{"count":0,"href":"https:\/\/cadizlaw.com\/es\/wp-json\/wp\/v2\/pages\/834\/revisions"}],"up":[{"embeddable":true,"href":"https:\/\/cadizlaw.com\/es\/wp-json\/wp\/v2\/pages\/819"}],"wp:featuredmedia":[{"embeddable":true,"href":"https:\/\/cadizlaw.com\/es\/wp-json\/wp\/v2\/media\/1028"}],"wp:attachment":[{"href":"https:\/\/cadizlaw.com\/es\/wp-json\/wp\/v2\/media?parent=834"}],"curies":[{"name":"wp","href":"https:\/\/api.w.org\/{rel}","templated":true}]}}