{"id":836,"date":"2019-08-16T14:13:26","date_gmt":"2019-08-16T19:13:26","guid":{"rendered":"http:\/\/oconnorcadizac.wpenginepowered.com\/?page_id=836"},"modified":"2024-07-09T10:55:42","modified_gmt":"2024-07-09T15:55:42","slug":"reports","status":"publish","type":"page","link":"https:\/\/cadizlaw.com\/es\/reports\/","title":{"rendered":"Informes, libros y ofertas gratuitos"},"content":{"rendered":"<p>Trabajar con una abogada no deber\u00eda ser dif\u00edcil, pero muchas veces los abogados no se toman el tiempo para explicar adecuadamente lo que est\u00e1 sucediendo. Cuando desee obtener m\u00e1s informaci\u00f3n sobre c\u00f3mo enfrentar sus problemas legales, pida estos libros e informes gratuitos que he escrito usando t\u00e9rminos sencillos. Los he escrito porque creo que mientras m\u00e1s personas conozcan su situaci\u00f3n legal, m\u00e1s opciones tendr\u00e1n. Claro, si contrata a un abogado, su abogado sabr\u00e1 qu\u00e9 hacer, pero obtendr\u00e1 un mejor resultado y dormir\u00e1 mejor si comprende lo que est\u00e1 sucediendo en su caso. Puede que ni siquiera necesite un abogado, pero dar este primer paso es una forma inteligente de comprender lo que podr\u00eda estar sucediendo en su vida y permitirle ver las cosas con mayor claridad. Espero que encuentres aqu\u00ed las respuestas que estabas buscando.<\/p>\n<p>En esta p\u00e1gina usted puede encontrar algunas otras ofertas gratuitas, informaci\u00f3n, etc. que le ayudar\u00e1n a estar mejor informado en las \u00e1reas legales que le pueden interesar.<\/p>\n<p>\u00bfListo para hablar con una abogada? Simplemente ll\u00e1menos al 630 250-8813 para programar su primera llamada. Ofrecemos servicios en su idioma, la abogada es biling\u00fce en ingles y espa\u00f1ol.<\/p>\n<h3><a href=\"http:\/\/cadizlaw.com\/es\/reports\/finding-the-devil-in-the-details-of-your-disability-denial\/\">Todos hemos escuchado el dicho \u201cEl diablo est\u00e1 en los detalles\u201d y eso es exactamente lo que su compa\u00f1\u00eda de seguros quiere que usted crea cuando niegan su reclamo por discapacidad a largo plazo.<\/a><\/h3>\n<p>&nbsp;<\/p>\n","protected":false},"excerpt":{"rendered":"<p>Trabajar con una abogada no deber\u00eda ser dif\u00edcil, pero muchas veces los abogados no se toman el tiempo para explicar adecuadamente lo que est\u00e1 sucediendo. Cuando desee obtener m\u00e1s informaci\u00f3n sobre c\u00f3mo enfrentar sus problemas legales, pida estos libros e informes gratuitos que he escrito usando t\u00e9rminos sencillos. Los he escrito porque creo que mientras&#8230; <a class=\"more-link\" href=\"https:\/\/cadizlaw.com\/es\/reports\/\">Read More<\/a><\/p>\n","protected":false},"author":4,"featured_media":1011,"parent":0,"menu_order":0,"comment_status":"closed","ping_status":"closed","template":"","meta":{"_acf_changed":false,"_monsterinsights_skip_tracking":false,"_monsterinsights_sitenote_active":false,"_monsterinsights_sitenote_note":"","_monsterinsights_sitenote_category":0,"_genesis_hide_title":false,"_genesis_hide_breadcrumbs":false,"_genesis_hide_singular_image":false,"_genesis_hide_footer_widgets":false,"_genesis_custom_body_class":"","_genesis_custom_post_class":"","_genesis_layout":"","footnotes":""},"class_list":{"0":"post-836","1":"page","2":"type-page","3":"status-publish","4":"has-post-thumbnail","6":"entry"},"acf":[],"_links":{"self":[{"href":"https:\/\/cadizlaw.com\/es\/wp-json\/wp\/v2\/pages\/836","targetHints":{"allow":["GET"]}}],"collection":[{"href":"https:\/\/cadizlaw.com\/es\/wp-json\/wp\/v2\/pages"}],"about":[{"href":"https:\/\/cadizlaw.com\/es\/wp-json\/wp\/v2\/types\/page"}],"author":[{"embeddable":true,"href":"https:\/\/cadizlaw.com\/es\/wp-json\/wp\/v2\/users\/4"}],"replies":[{"embeddable":true,"href":"https:\/\/cadizlaw.com\/es\/wp-json\/wp\/v2\/comments?post=836"}],"version-history":[{"count":0,"href":"https:\/\/cadizlaw.com\/es\/wp-json\/wp\/v2\/pages\/836\/revisions"}],"wp:featuredmedia":[{"embeddable":true,"href":"https:\/\/cadizlaw.com\/es\/wp-json\/wp\/v2\/media\/1011"}],"wp:attachment":[{"href":"https:\/\/cadizlaw.com\/es\/wp-json\/wp\/v2\/media?parent=836"}],"curies":[{"name":"wp","href":"https:\/\/api.w.org\/{rel}","templated":true}]}}