{"id":840,"date":"2019-09-19T12:25:27","date_gmt":"2019-09-19T17:25:27","guid":{"rendered":"http:\/\/oconnorcadizac.wpenginepowered.com\/?page_id=840"},"modified":"2024-07-09T15:54:35","modified_gmt":"2024-07-09T20:54:35","slug":"resenas","status":"publish","type":"page","link":"https:\/\/cadizlaw.com\/es\/resenas\/","title":{"rendered":"Rese\u00f1as"},"content":{"rendered":"<blockquote><p><strong>Nancy C<\/strong><br \/>\n<img loading=\"lazy\" decoding=\"async\" class=\"alignnone size-full wp-image-1376\" src=\"http:\/\/cadizlaw.com\/wp-content\/uploads\/2024\/06\/5-stars-sm.png\" alt=\"5 Star Rating\" width=\"85\" height=\"16\" \/><\/p>\n<p>\u00a1Es absolutamente maravilloso trabajar con Carol! \u00a1\u00a1Es una gran oyente, muy paciente, amable y justa!! Ella siempre me tranquiliz\u00f3 a pesar de que estaba estresada. \u00a1No podr\u00eda haber pedido una mejor representaci\u00f3n!<\/p><\/blockquote>\n<blockquote><p><strong>Dhaval Patel<\/strong><br \/>\n<img loading=\"lazy\" decoding=\"async\" class=\"alignnone size-full wp-image-1376\" src=\"http:\/\/cadizlaw.com\/wp-content\/uploads\/2024\/06\/5-stars-sm.png\" alt=\"5 Star Rating\" width=\"85\" height=\"16\" \/><\/p>\n<p>Carol es una excelente abogada y, sobre todo, una persona incre\u00edble. Ella es fant\u00e1stica en lo que hace y se nota que ama su campo. Conocemos a Carol desde hace m\u00e1s de 3 a\u00f1os, pero durante este tiempo, ella nunca nos ha sentido apurada y siempre ha dedicado el 200 por ciento de su tiempo, lo cual es muy inusual para un abogado. Ella es muy honesta y transparente y te explicar\u00e1 en un lenguaje sencillo. Ella le explicar\u00e1 ambos lados de manera efectiva para que usted pueda tomar una decisi\u00f3n acertada. Ella responder\u00e1 todas tus preguntas y no importa cu\u00e1ntas veces necesites preguntar\/aclarar. Definitivamente sentimos que ella hizo todo lo posible por ella, y en este mundo acelerado, necesitas a Carol de tu lado. \u00a1Estamos muy contentos con ella y la recomendar\u00eda much\u00edsimo!<\/p><\/blockquote>\n<blockquote><p><strong>Kiran Ravella<\/strong><br \/>\n<img loading=\"lazy\" decoding=\"async\" class=\"alignnone size-full wp-image-1376\" src=\"http:\/\/cadizlaw.com\/wp-content\/uploads\/2024\/06\/5-stars-sm.png\" alt=\"5 Star Rating\" width=\"85\" height=\"16\" \/><\/p>\n<p>Cerramos nuestra casa principal en 2019 y Carol nos represent\u00f3. Ella est\u00e1 muy bien informada y respondi\u00f3 r\u00e1pidamente a todos nuestros correos electr\u00f3nicos. Fue genial trabajar con ella.<\/p><\/blockquote>\n<blockquote><p><strong>Sara Travis<\/strong><br \/>\n<img loading=\"lazy\" decoding=\"async\" class=\"alignnone size-full wp-image-1376\" src=\"http:\/\/cadizlaw.com\/wp-content\/uploads\/2024\/06\/5-stars-sm.png\" alt=\"5 Star Rating\" width=\"85\" height=\"16\" \/><\/p>\n<p>Carol es un tipo especial de persona que puede tranquilizarlo y brindarle informaci\u00f3n excelente en la que puede confiar. Ella es amable y divertida a la vez que honesta y profesional. Cada vez que tengo la oportunidad de visitar a Carol, me siento lleno de energ\u00eda y entusiasmo por el futuro. Si tiene alguna inquietud acerca de visitar a un abogado, \u00a1comun\u00edquese con Carol! Ella te ayudar\u00e1 mientras te levanta. \u00a1No te arrepentir\u00e1s!<\/p><\/blockquote>\n<blockquote><p><strong>Kathleen Rosas<\/strong><br \/>\n<img loading=\"lazy\" decoding=\"async\" class=\"alignnone size-full wp-image-1376\" src=\"http:\/\/cadizlaw.com\/wp-content\/uploads\/2024\/06\/5-stars-sm.png\" alt=\"5 Star Rating\" width=\"85\" height=\"16\" \/><\/p>\n<p>\u00a1La Ley O&#8217;Connor C\u00e1diz es excepcional! Carol fue mi abogada por una lesi\u00f3n que sufr\u00ed en una tienda mientras compraba. Fue culpa de la tienda y sufr\u00ed lesiones que me provocaron que no pudiera seguir haciendo el tipo de trabajo que ven\u00eda haciendo. Carol me acompa\u00f1\u00f3 a trav\u00e9s de todos los pasos que deb\u00edan seguirse para demandar a la tienda. Ella me inform\u00f3 sobre los pros y los contras de presentar una demanda y entonces supe que hab\u00eda elegido al abogado adecuado para m\u00ed. Ella NUNCA me hizo sentir que estaba en esto por nadie m\u00e1s adem\u00e1s de m\u00ed. Ella me apoy\u00f3 y respondi\u00f3 cada pregunta que ten\u00eda con explicaciones muy concisas. Me sent\u00ed muy protegida y cuidada. \u00a1No fue un trabajo f\u00e1cil pero lo logr\u00f3! \u00a1Estoy muy contenta de haber elegido O&#8217;Connor Cadiz Law!<\/p><\/blockquote>\n<blockquote><p><strong>Joe Kenny<\/strong><br \/>\n<img loading=\"lazy\" decoding=\"async\" class=\"alignnone size-full wp-image-1376\" src=\"http:\/\/cadizlaw.com\/wp-content\/uploads\/2024\/06\/5-stars-sm.png\" alt=\"5 Star Rating\" width=\"85\" height=\"16\" \/><\/p>\n<p>Me recomendaron a Carol cuando necesitaba un abogado que hablara espa\u00f1ol para un cliente comprador. Aunque Carol ha vuelto a su pasi\u00f3n por la ley de accidentes y lesiones personales, no hay ninguna duda de que cuando me entere de que alguien necesita sus servicios, recibir\u00e1 una llamada m\u00eda. Los archivos que manejaba para mis clientes no siempre eran los m\u00e1s f\u00e1ciles, pero no se notaba desde fuera. Trataba a cada cliente como si fuera el director ejecutivo de una empresa Fortune 500 o el familiar de un pariente fallecido que vend\u00eda una modesta propiedad. bienes. Trabajamos bien juntos y realmente extra\u00f1o nuestra relaci\u00f3n profesional.<\/p><\/blockquote>\n<blockquote><p><strong>Kelly Roedema<\/strong><br \/>\n<img loading=\"lazy\" decoding=\"async\" class=\"alignnone size-full wp-image-1376\" src=\"http:\/\/cadizlaw.com\/wp-content\/uploads\/2024\/06\/5-stars-sm.png\" alt=\"5 Star Rating\" width=\"85\" height=\"16\" \/><\/p>\n<p>Carol es una persona c\u00e1lida, inteligente y atenta: algunas de las cualidades m\u00e1s importantes de un abogado de lesiones personales. La recomiendo totalmente.<\/p><\/blockquote>\n<blockquote><p><strong>Deb Patterson<\/strong><br \/>\n<img loading=\"lazy\" decoding=\"async\" class=\"alignnone size-full wp-image-1376\" src=\"http:\/\/cadizlaw.com\/wp-content\/uploads\/2024\/06\/5-stars-sm.png\" alt=\"5 Star Rating\" width=\"85\" height=\"16\" \/><\/p>\n<p>Carol C\u00e1diz es una excelente abogada. Su experiencia y profesionalismo son igualmente de primer nivel. Cada punto de contacto, ya sea por tel\u00e9fono o correo electr\u00f3nico, siempre ha recibido una respuesta inmediata y pronta. La Sra. C\u00e1diz hizo todo lo posible para asegurarse de que recibiera el apoyo legal que necesitaba. Nunca me sent\u00ed solo durante mi complicado asunto legal. Su asesoramiento legal y sus explicaciones son impecables. Si necesita un abogado profesional dedicado, contrate a la Sra. Carol Cadiz. Recibir\u00e1 todo el apoyo y estar\u00e1 muy satisfecho con su incansable dedicaci\u00f3n. No busque m\u00e1s, su b\u00fasqueda de representaci\u00f3n legal confiable deber\u00eda terminar aqu\u00ed. Puedo asegurarle que no se arrepentir\u00e1 de confiar en ella. Carol Cadiz es la mejor y estoy eternamente agradecida.<\/p><\/blockquote>\n<blockquote><p><strong>William Micheli<\/strong><br \/>\n<img loading=\"lazy\" decoding=\"async\" class=\"alignnone size-full wp-image-1376\" src=\"http:\/\/cadizlaw.com\/wp-content\/uploads\/2024\/06\/5-stars-sm.png\" alt=\"5 Star Rating\" width=\"85\" height=\"16\" \/><\/p>\n<p>Carol Cadiz fue mi abogada en una transacci\u00f3n inmobiliaria. Fue maravilloso trabajar con ella. En nuestra reuni\u00f3n inicial, Carol explic\u00f3 c\u00f3mo funcionar\u00eda el proceso completo. Ella siempre me mantuvo informado sobre lo que estaba sucediendo y el cronograma en el que est\u00e1bamos. Carol fue f\u00e1cilmente accesible y disponible si ten\u00eda alguna pregunta o inquietud. Es una abogada con mucha experiencia que recomiendo ampliamente.<\/p><\/blockquote>\n<blockquote><p><strong>Kimberly Peterson<\/strong><br \/>\n<img loading=\"lazy\" decoding=\"async\" class=\"alignnone size-full wp-image-1376\" src=\"http:\/\/cadizlaw.com\/wp-content\/uploads\/2024\/06\/5-stars-sm.png\" alt=\"5 Star Rating\" width=\"85\" height=\"16\" \/><\/p>\n<p>Carol ha hecho un trabajo incre\u00edble tanto para m\u00ed como para mis clientes y estoy feliz de recomendarla. Presta mucha atenci\u00f3n a los detalles y es muy minuciosa. Carol es una excelente negociadora y siempre tiene en mente el mejor inter\u00e9s de su cliente. Ella es una buena comunicadora y hace un esfuerzo adicional para explicar las cosas en detalle para garantizar que todas las partes comprendan y est\u00e9n en sinton\u00eda. Ella es muy oportuna y confiable. Es realmente un placer trabajar con Carol.<\/p><\/blockquote>\n<blockquote><p><strong>Brandon Osterbind<\/strong><br \/>\n<img loading=\"lazy\" decoding=\"async\" class=\"alignnone size-full wp-image-1376\" src=\"http:\/\/cadizlaw.com\/wp-content\/uploads\/2024\/06\/5-stars-sm.png\" alt=\"5 Star Rating\" width=\"85\" height=\"16\" \/><\/p>\n<p>Carol es una excelente abogada. Como colega abogado de lesiones personales y discapacidad de ERISA, me apoyo en la experiencia de Carol en estas \u00e1reas del derecho. No dudo en recomendar a Carol para representar a los heridos y discapacitados que s\u00f3lo necesitan ayuda. Carol es tan accesible como conocedora. Ella se encargar\u00e1 y explicar\u00e1 todo.<\/p><\/blockquote>\n<blockquote><p><strong>Rex Hervias<\/strong><br \/>\n<img loading=\"lazy\" decoding=\"async\" class=\"alignnone size-full wp-image-1376\" src=\"http:\/\/cadizlaw.com\/wp-content\/uploads\/2024\/06\/5-stars-sm.png\" alt=\"5 Star Rating\" width=\"85\" height=\"16\" \/><\/p>\n<p>Carol es la mejor. Ella me ayud\u00f3 en la compra de mi casa desde el principio. Ella es muy paciente y servicial. Carol explic\u00f3 el proceso y lo que deber\u00eda esperar. Ella ten\u00eda una manera de hacerte sentir seguro acerca de tus elecciones. Mi experiencia de compra de vivienda fue muy fluida gracias a ella. Recomiendo ampliamente los servicios de Carol.<\/p><\/blockquote>\n<blockquote><p><strong>NurseMaryD<\/strong><br \/>\n<img loading=\"lazy\" decoding=\"async\" class=\"alignnone size-full wp-image-1376\" src=\"http:\/\/cadizlaw.com\/wp-content\/uploads\/2024\/06\/5-stars-sm.png\" alt=\"5 Star Rating\" width=\"85\" height=\"16\" \/><\/p>\n<p>Carol hizo un gran trabajo manejando todos los detalles de nuestro cierre. Ella hizo el trabajo de manera r\u00e1pida y eficiente. Mi esposo y yo nos sentimos muy c\u00f3modos con su conocimiento y experiencia en transacciones inmobiliarias. Tambi\u00e9n demostr\u00f3 respeto y preocupaci\u00f3n por nosotros durante todo el tiempo que trabajamos con ella.<\/p><\/blockquote>\n<blockquote><p><strong>Jerry Topel<\/strong><br \/>\n<img loading=\"lazy\" decoding=\"async\" class=\"alignnone size-full wp-image-1376\" src=\"http:\/\/cadizlaw.com\/wp-content\/uploads\/2024\/06\/5-stars-sm.png\" alt=\"5 Star Rating\" width=\"85\" height=\"16\" \/><\/p>\n<p>Carol nos represent\u00f3 recientemente durante un cierre de bienes ra\u00edces. Ella fue muy minuciosa con gran atenci\u00f3n al detalle. Nos explic\u00f3 cada paso y respondi\u00f3 a todas nuestras preguntas. Ella siempre fue paciente y cort\u00e9s. Carol ser\u00e1 nuestra abogada de referencia en el futuro y estaremos encantados de recomendarla.<\/p><\/blockquote>\n<blockquote><p><strong>Danielle T.<\/strong><br \/>\n<img loading=\"lazy\" decoding=\"async\" class=\"alignnone size-full wp-image-1376\" src=\"http:\/\/cadizlaw.com\/wp-content\/uploads\/2024\/06\/5-stars-sm.png\" alt=\"5 Star Rating\" width=\"85\" height=\"16\" \/><\/p>\n<p>\u00a1Carol es incre\u00edble! Ella est\u00e1 muy bien informada y explica las cosas de una manera que usted puede entender. Cualquier inquietud que tuvi\u00e9ramos fue resuelta de inmediato y cuando necesit\u00e1bamos consejo, ella siempre nos daba opciones pero nos permit\u00eda tomar la decisi\u00f3n final. Definitivamente usaremos a Carol nuevamente en el futuro si necesitamos un abogado.<\/p><\/blockquote>\n","protected":false},"excerpt":{"rendered":"<p>Nancy C \u00a1Es absolutamente maravilloso trabajar con Carol! \u00a1\u00a1Es una gran oyente, muy paciente, amable y justa!! Ella siempre me tranquiliz\u00f3 a pesar de que estaba estresada. \u00a1No podr\u00eda haber pedido una mejor representaci\u00f3n! Dhaval Patel Carol es una excelente abogada y, sobre todo, una persona incre\u00edble. Ella es fant\u00e1stica en lo que hace y&#8230; <a class=\"more-link\" href=\"https:\/\/cadizlaw.com\/es\/resenas\/\">Read More<\/a><\/p>\n","protected":false},"author":4,"featured_media":1013,"parent":0,"menu_order":0,"comment_status":"closed","ping_status":"closed","template":"","meta":{"_acf_changed":false,"_monsterinsights_skip_tracking":false,"_monsterinsights_sitenote_active":false,"_monsterinsights_sitenote_note":"","_monsterinsights_sitenote_category":0,"_genesis_hide_title":false,"_genesis_hide_breadcrumbs":false,"_genesis_hide_singular_image":false,"_genesis_hide_footer_widgets":false,"_genesis_custom_body_class":"","_genesis_custom_post_class":"","_genesis_layout":"","footnotes":""},"class_list":{"0":"post-840","1":"page","2":"type-page","3":"status-publish","4":"has-post-thumbnail","6":"entry"},"acf":[],"_links":{"self":[{"href":"https:\/\/cadizlaw.com\/es\/wp-json\/wp\/v2\/pages\/840","targetHints":{"allow":["GET"]}}],"collection":[{"href":"https:\/\/cadizlaw.com\/es\/wp-json\/wp\/v2\/pages"}],"about":[{"href":"https:\/\/cadizlaw.com\/es\/wp-json\/wp\/v2\/types\/page"}],"author":[{"embeddable":true,"href":"https:\/\/cadizlaw.com\/es\/wp-json\/wp\/v2\/users\/4"}],"replies":[{"embeddable":true,"href":"https:\/\/cadizlaw.com\/es\/wp-json\/wp\/v2\/comments?post=840"}],"version-history":[{"count":0,"href":"https:\/\/cadizlaw.com\/es\/wp-json\/wp\/v2\/pages\/840\/revisions"}],"wp:featuredmedia":[{"embeddable":true,"href":"https:\/\/cadizlaw.com\/es\/wp-json\/wp\/v2\/media\/1013"}],"wp:attachment":[{"href":"https:\/\/cadizlaw.com\/es\/wp-json\/wp\/v2\/media?parent=840"}],"curies":[{"name":"wp","href":"https:\/\/api.w.org\/{rel}","templated":true}]}}