{"id":847,"date":"2019-08-22T15:00:36","date_gmt":"2019-08-22T20:00:36","guid":{"rendered":"http:\/\/oconnorcadizac.wpenginepowered.com\/?page_id=847"},"modified":"2024-07-09T10:52:49","modified_gmt":"2024-07-09T15:52:49","slug":"trucking-or-tractor-trailer-accidents","status":"publish","type":"page","link":"https:\/\/cadizlaw.com\/es\/practice-areas\/trucking-or-tractor-trailer-accidents\/","title":{"rendered":"Accidentes de camiones"},"content":{"rendered":"<h2>Accidentes que involucran camiones son complicadas<\/h2>\n<p>Los accidentes que involucran camiones o remolques de tractor son mucho m\u00e1s graves que los accidentes que involucran\u00a0 solo autom\u00f3viles, debido a su tama\u00f1o y peso. Las lesiones no solo son m\u00e1s graves, sino que legalmente pueden ser casos m\u00e1s dif\u00edciles. Desde el aspecto legal esos casos suelen ser mas complicados. A menudo se producen m\u00e1s acusaciones. Adem\u00e1s, los conductores y sus propietarios deben observar m\u00e1s leyes y regulaciones. Esto puede ocasionar que los accidentes de estos camiones\u00a0 sean m\u00e1s dif\u00edciles de manejar para las personas por su cuenta. Si sufri\u00f3 lesiones, es una buena idea hablar con un abogado tan pronto como pueda.<\/p>\n<h2>Qu\u00e9 hacer despu\u00e9s de un accidente de cami\u00f3n<\/h2>\n<p>Si se lastim\u00f3 en un accidente con un cami\u00f3n, probablemente estuvo en la sala de emergencias o, por lo menos, tuvo que ir con su propio m\u00e9dico. De lo contrario, no se demore en buscar atenci\u00f3n m\u00e9dica inicial o de dar seguimiento para que pueda empezar alg\u00fan tratamiento de inmediato. Es importante hacer lo que le diga su m\u00e9dico y tomar notas o llevar a un amigo. Las lesiones por accidentes de camiones ya son bastante catastr\u00f3ficas y no querr\u00e1 empeorar las cosas esperando a que lo vean. Cuanto antes comience el tratamiento, es m\u00e1s probable que tambi\u00e9n se sienta mejor antes.<\/p>\n<p>Si un ser querido result\u00f3 herido en un accidente de cami\u00f3n, es importante comenzar la investigaci\u00f3n temprano. Los recuerdos pueden desvanecerse. Si est\u00e1 ayudando a cuidar a un miembro de la familia, es importante que anote sus propias observaciones. An\u00edmelos a que anoten lo que recuerden sobre el accidente y los cambios que observe en su condici\u00f3n. Tambi\u00e9n puede ayudarlos a mantener registros de sus citas m\u00e9dicas y tratamientos.<\/p>\n<h2>Demostrando culpa en accidentes de camiones en Illinois<\/h2>\n<p>Solo puede ganar el caso de su accidente de cami\u00f3n si fue culpa del conductor, el propietario del cami\u00f3n o si hubo un problema con el cami\u00f3n. Depende de usted, como la parte lesionada, demostrar que el accidente fue culpa de otro y que el accidente caus\u00f3 sus lesiones. Aunque el cami\u00f3n no siempre tiene la culpa, recuerda que cami\u00f3nes son m\u00e1s dif\u00edciles de maniobrar y son m\u00e1s peligrosos que los autom\u00f3viles de pasajeros. En otras palabras, hay m\u00e1s cosas que pueden causar un accidente manejando un cami\u00f3n. Es por eso que los conductores de camiones deben recibir una capacitaci\u00f3n exhaustiva y obtener una licencia de conducir comercial. Si reclama lesiones despu\u00e9s de un accidente con un cami\u00f3n, debe demostrar de qui\u00e9n fue la culpa y por qu\u00e9.<\/p>\n<p>En los casos de accidentes de camiones, el conductor del cami\u00f3n y su empleador (generalmente el propietario del cami\u00f3n) pueden ser considerados responsables. Si se trata de un problema de mantenimiento, la empresa de mantenimiento puede ser responsable. A veces, si hay una pieza defectuosa, el fabricante de esa pieza tambi\u00e9n puede ser responsable. Identificar la causa exacta no siempre es sencillo y su abogado se asegurar\u00e1 de que se conserven todas las pruebas para que pueda recuperar sus da\u00f1os en corte. Los da\u00f1os recuperables en casos de accidentes de camiones incluir\u00e1n no solo sus facturas m\u00e9dicas y cuentas hospitalarias, sino tambi\u00e9n las facturas futuras y su dolor y sufrimiento. Tambi\u00e9n puede incluir el reembolso por tiempo perdido en el trabajo, da\u00f1os a su autom\u00f3vil, etc.<\/p>\n<h2>Las causas comunes de accidentes de camiones incluyen:<\/h2>\n<ul>\n<li>Fallo de freno<\/li>\n<li>Neum\u00e1ticos en mal estado o reventones de neum\u00e1ticos<\/li>\n<li>Exceso de velocidad<\/li>\n<li>Fatiga o agotamiento del conductor; con o sin violaciones de OSHA<\/li>\n<li>Falta de atenci\u00f3n del conductor<\/li>\n<li>Conducir distra\u00eddo o intoxicado<\/li>\n<li>Conductor de cami\u00f3n sin experiencia<\/li>\n<li>Credenciales falsas del conductor del cami\u00f3n<\/li>\n<li>Conducci\u00f3n temeraria<\/li>\n<li>Mantenimiento inadecuado del cami\u00f3n<\/li>\n<li>Falla en el equipo<\/li>\n<li>Giros inseguros<\/li>\n<li>Vuelcos<\/li>\n<li>Cami\u00f3n sobrecargado<\/li>\n<li>Cami\u00f3n no asegurado o cargado incorrectamente<\/li>\n<li>Jackknifing (el cami\u00f3n hace un patinazo en forma de V)<\/li>\n<li>Ignorar las leyes de seguridad<\/li>\n<li>No reducir la velocidad con mal tiempo<\/li>\n<\/ul>\n<h2>Qu\u00e9 hacer cuando le llaman despu\u00e9s de su accidente con un cami\u00f3n<\/h2>\n<p>El empleador del conductor del cami\u00f3n o la compa\u00f1\u00eda de seguros querr\u00e1n hablar con usted de inmediato para defenderse contra usted. Sus metas son salir lo m\u00e1s barato posible, si de hecho su conductor tuvo la culpa. Nunca debe mentir, pero tampoco debe dar una declaraci\u00f3n en este momento. Primero, debe hablar con un abogado que pueda prepararlo para lo que puede esperar. Un abogado tambi\u00e9n se asegurar\u00e1 de que se haga una declaraci\u00f3n solo en las circunstancias apropiadas y en el momento apropiado. El momento adecuado no ser\u00e1 inmediatamente despu\u00e9s de un accidente. Si result\u00f3 herido en un accidente con un cami\u00f3n en el \u00e1rea de Chicago, llame al 630 250-8813. O complete un formulario web para hablar con nosotros sobre sus diversas opciones.<\/p>\n","protected":false},"excerpt":{"rendered":"<p>Accidentes que involucran camiones son complicadas Los accidentes que involucran camiones o remolques de tractor son mucho m\u00e1s graves que los accidentes que involucran\u00a0 solo autom\u00f3viles, debido a su tama\u00f1o y peso. Las lesiones no solo son m\u00e1s graves, sino que legalmente pueden ser casos m\u00e1s dif\u00edciles. Desde el aspecto legal esos casos suelen ser&#8230; <a class=\"more-link\" href=\"https:\/\/cadizlaw.com\/es\/practice-areas\/trucking-or-tractor-trailer-accidents\/\">Read More<\/a><\/p>\n","protected":false},"author":4,"featured_media":997,"parent":819,"menu_order":0,"comment_status":"closed","ping_status":"closed","template":"","meta":{"_acf_changed":false,"_monsterinsights_skip_tracking":false,"_monsterinsights_sitenote_active":false,"_monsterinsights_sitenote_note":"","_monsterinsights_sitenote_category":0,"_genesis_hide_title":false,"_genesis_hide_breadcrumbs":false,"_genesis_hide_singular_image":false,"_genesis_hide_footer_widgets":false,"_genesis_custom_body_class":"","_genesis_custom_post_class":"","_genesis_layout":"","footnotes":""},"class_list":{"0":"post-847","1":"page","2":"type-page","3":"status-publish","4":"has-post-thumbnail","6":"entry"},"acf":[],"_links":{"self":[{"href":"https:\/\/cadizlaw.com\/es\/wp-json\/wp\/v2\/pages\/847","targetHints":{"allow":["GET"]}}],"collection":[{"href":"https:\/\/cadizlaw.com\/es\/wp-json\/wp\/v2\/pages"}],"about":[{"href":"https:\/\/cadizlaw.com\/es\/wp-json\/wp\/v2\/types\/page"}],"author":[{"embeddable":true,"href":"https:\/\/cadizlaw.com\/es\/wp-json\/wp\/v2\/users\/4"}],"replies":[{"embeddable":true,"href":"https:\/\/cadizlaw.com\/es\/wp-json\/wp\/v2\/comments?post=847"}],"version-history":[{"count":0,"href":"https:\/\/cadizlaw.com\/es\/wp-json\/wp\/v2\/pages\/847\/revisions"}],"up":[{"embeddable":true,"href":"https:\/\/cadizlaw.com\/es\/wp-json\/wp\/v2\/pages\/819"}],"wp:featuredmedia":[{"embeddable":true,"href":"https:\/\/cadizlaw.com\/es\/wp-json\/wp\/v2\/media\/997"}],"wp:attachment":[{"href":"https:\/\/cadizlaw.com\/es\/wp-json\/wp\/v2\/media?parent=847"}],"curies":[{"name":"wp","href":"https:\/\/api.w.org\/{rel}","templated":true}]}}