{"id":848,"date":"2019-08-22T15:02:30","date_gmt":"2019-08-22T20:02:30","guid":{"rendered":"http:\/\/oconnorcadizac.wpenginepowered.com\/?page_id=848"},"modified":"2024-07-09T10:54:54","modified_gmt":"2024-07-09T15:54:54","slug":"accidents-involving-uber-or-lyft-in-the-chicago-area","status":"publish","type":"page","link":"https:\/\/cadizlaw.com\/es\/practice-areas\/accidents-involving-uber-or-lyft-in-the-chicago-area\/","title":{"rendered":"\u00bfPensando en que debe hacer si se lastim\u00f3 en Accidente de Uber o de Lyft?"},"content":{"rendered":"<p>Los accidentes de Lyft o de Uber son legalmente complicados, pero hay ayuda disponible si se lesion\u00f3 en un accidente que involucre a una compa\u00f1\u00eda de viajes compartidos. Los programas de viajes compartidos son muy convenientes y est\u00e1n ganando popularidad, pero \u00bfqu\u00e9 sucede si tiene un accidente que involucra a Uber o Lyft en el \u00e1rea de Chicago? Las reglas son un poco diferentes de lo que son con la mayor\u00eda de los casos de accidentes automovil\u00edsticos y la respuesta tambi\u00e9n depender\u00e1 de si tuvo un accidente como pasajero, si conduc\u00eda su propio autom\u00f3vil y fue atropellado por un Uber o Lyft, si eran el conductor de Uber o Lyft, o fueron atropellados como peatones.<\/p>\n<p>La cantidad de p\u00f3lizas de seguro disponibles para usted, cu\u00e1les usar y cu\u00e1ndo es complicado. Igual, las p\u00f3lizas que mantienen Uber y Lyft son complejas. La buena noticia es que como peat\u00f3n, pasajero o conductor de otro autom\u00f3vil involucrado en un accidente de Uber o Lyft, debe haber por lo menos una v\u00eda de recuperaci\u00f3n disponible para compensar sus facturas m\u00e9dicas y otras p\u00e9rdidas. La mala noticia es que todos querr\u00e1n o culpar a otro, o pagar lo menos posible despues de un accidente.<\/p>\n<h2>Accidentes para pasajeros de Uber o Lyft<\/h2>\n<p>Si fue un pasajero en un Uber o Lyft y result\u00f3 herido en un accidente automovil\u00edstico, es posible que no sepa exactamente c\u00f3mo sucedi\u00f3 el accidente. La mayor\u00eda de los pasajeros de viajes compartidos generalmente viajan en el asiento trasero y no prestan mucha atenci\u00f3n a lo que sucede en el camino. Despu\u00e9s de todo, dejamos la conducci\u00f3n al conductor de Uber \/ Lyft y asumimos que llegaremos a salvo a nuestro destino. Como es el caso en cualquier caso de lesiones personales despu\u00e9s de un accidente automovil\u00edstico, la persona lesionada debe demostrar la culpa. Los casos de Uber y Lyft no son diferentes. Es posible que el conductor del otro autom\u00f3vil tuvo la culpa, y no su conductor de Uber o Lyft. O tal vez su conductor tuvo la culpa del accidente. Incluso podr\u00eda haber sido culpa de ambos conductores. A medida que se investiga el accidente, ser\u00e1 evidente una imagen m\u00e1s clara de lo que sucedi\u00f3, pero hasta que sepa c\u00f3mo sucedi\u00f3 el accidente, su abogado debe mantener todas las v\u00edas abiertas para la recuperaci\u00f3n contra ambos conductores.<\/p>\n<p>Suponiendo que su conductor de Uber o Lyft tuvo la culpa del accidente y que usted se lastim\u00f3, hay algunas opciones diferentes que pueden estar disponibles para usted. Todos los conductores est\u00e1n obligados legalmente en el estado de Illinois a tener un seguro de autom\u00f3vil en sus veh\u00edculos e Illinois establece lo m\u00ednimo para los conductores de viajes compartidos. Tambi\u00e9n hay cobertura de seguro adicional que Uber o Lyft tiene en nombre de sus conductores. Uber of Lyft tambi\u00e9n tendr\u00e1 una p\u00f3liza que podria cubrirlo en algunas circunstancias, incluso si su propio conductor no tuvo la culpa. Las p\u00f3lizas de Uber y Lyft vigentes, cuando se transporta a un pasajero, exceden los requisitos m\u00ednimos en el estado de Illinois y generalmente son un mill\u00f3n de d\u00f3lares en cobertura de responsabilidad y otro mill\u00f3n para cobertura de automovilista con seguro insuficiente o sin seguro.<\/p>\n<p>Sin embargo, tenga en cuenta, que Uber y Lyft no clasifican a sus conductores como empleados, ya que utilizan sus propios veh\u00edculos, establecen sus propios horarios, no reciben beneficios y no tienen un jefe al que informar. Por otro lado, estos no tendr\u00edan trabajo si no fuera porque la aplicaci\u00f3n de la empresa los enlaza con un pasajero que necesita un servicio. Esta clasificaci\u00f3n de empleado versus no empleado es una distinci\u00f3n importante con respecto a los t\u00e9rminos de c\u00f3mo su abogado deber\u00e1 abordar el reclamo. Dado a que su conductor no trabaja t\u00e9cnicamente para Uber o Lyft, hasta que un tribunal decida lo contrario, estas empresas pueden negar la responsabilidad por el accidente. Si se les diera la opci\u00f3n, Uber y Lyft preferir\u00edan no tener que pagar a los pasajeros lesionados. La p\u00f3liza de seguro individual del conductor tambi\u00e9n puede intentar negar la cobertura del accidente, porque el conductor estaba trabajando en ese momento. Definitivamente puede haber muchas acusaciones entre las partes y su compa\u00f1\u00eda de seguros, incluso m\u00e1s que en un accidente normal, por lo que es especialmente importante tener un abogado que trabaje en su nombre para asegurarse de que la parte o las partes correctas se responsabilicen.<\/p>\n<h2>Viajar en un Uber o Lyft como parte del trabajo<\/h2>\n<p>Es posible que tenga un reclamo de compensaci\u00f3n para trabajadores si viajaba como pasajero en un Uber o Lyft debido a motivos laborales. Si bien esto aumenta la complejidad, dependiendo de la gravedad de sus lesiones, es posible que desee considerar este componente adicional de su caso de accidente automovil\u00edstico.<\/p>\n<h2>Qu\u00e9 hacer despu\u00e9s de un accidente de Uber o Lyft como pasajero<\/h2>\n<p>Lo bueno de usar programas de viajes compartidos como Uber o Lyft es que hay un registro sobre su viaje. En su propia aplicaci\u00f3n, se conservan la fecha, las horas y las rutas, as\u00ed como el nombre de su conductor. Existe una recopilaci\u00f3n de informaci\u00f3n adicional que debe realizar de inmediato, incluida la recopilaci\u00f3n de informaci\u00f3n sobre la cobertura del seguro del conductor. Esta informaci\u00f3n suele aparecer en la aplicaci\u00f3n del conductor debajo de la gu\u00eda de embarque (la aplicaci\u00f3n del conductor).<\/p>\n<p>Si la polic\u00eda llega a la escena y le hace preguntas, es importante que sea honesto. Si realmente no sabe lo que sucedi\u00f3, no corrobore autom\u00e1ticamente la historia de su conductor, solo para ser amable o porque asume que su conductor de Uber o Lyft sabe lo que sucedi\u00f3. Siempre es mejor para usted decir la verdad y despu\u00e9s de todo, no hay nada de malo en estar dormido o distra\u00eddo si es usted solo un pasajero. A menudo, la \u00fanica informaci\u00f3n que puede ofrecer es que la polic\u00eda sepa qui\u00e9n es usted y si ha resultado herido o no. Si siente alg\u00fan dolor en el lugar del accidente, el oficial de informes debe documentarlo.<\/p>\n<p>Despu\u00e9s de su accidente de Uber o Lyft, es sentido com\u00fan obtener atenci\u00f3n m\u00e9dica de inmediato si se lesion\u00f3 y necesita que lo revisen. Este no es el momento de preocuparse por los sentimientos de su conductor. Obviamente, no tendr\u00e1 su autom\u00f3vil con usted, pero es posible que se encuentre en una situaci\u00f3n en la que pueda llamar a alguien para que pase por usted. Si necesita una ambulancia, av\u00edsele al oficial de polic\u00eda para que llamen por usted. Su bienestar f\u00edsico debe ser lo principal.<\/p>\n<h2>Accidentes si conduc\u00eda para Uber o Lyft<\/h2>\n<p>Conducir para Uber y Lyft se ha vuelto muy popular y puede ser una excelente manera de complementar sus ingresos, pero el tiempo extra en la carretera conlleva el riesgo de que, en alg\u00fan momento, tenga un accidente automovil\u00edstico. Si result\u00f3 herido como conductor de Uber o Lyft, probablemente se est\u00e9 preguntando qui\u00e9n es responsable en t\u00e9rminos de compensarlo por sus lesiones y p\u00e9rdidas. No puede reclamar la Compensaci\u00f3n para trabajadores porque, como conductor de Uber o Lyft, no es un empleado de la empresa y estaba usando su propio veh\u00edculo en ese momento. Pero, \u00bfqu\u00e9 pasa si solo quieres responsabilizar al otro conductor por sus lesiones? Legalmente, funcionar\u00e1 pr\u00e1cticamente igual que en cualquier accidente automovil\u00edstico, si el otro conductor fuera responsable y estuviera asegurado.<\/p>\n<h2>Accidentes de peatones que involucran a Uber o Lyft<\/h2>\n<p>Si lo atropell\u00f3 un autom\u00f3vil que estaba siendo utilizado como Uber o Lyft, es posible que no sepa a qui\u00e9n responsabilizar por sus lesiones. \u00bfVa tras el conductor de Lyft o Uber o va tras Uber \/ Lyft directamente? La respuesta simple probablemente sea ambas, pero como es de esperar con cualquier reclamo por lesiones personales, qui\u00e9n es responsable depende de las circunstancias del accidente. Los conductores de Uber y Lyft no son empleados, por lo que el reclamo funcionar\u00e1 de manera un poco diferente a como lo har\u00eda si lo atropellara un cami\u00f3n de FedEx. Si bien Uber y Lyft tienen p\u00f3lizas de un mill\u00f3n de d\u00f3lares, es posible que intenten negar un reclamo ya que los conductores no trabajan para la empresa. El estado de Illinois exige que los conductores mismos, al igual que todos los conductores en la carretera, tengan un segur\u00f3 minimo de autom\u00f3vil. La mayor\u00eda de los conductores de Lyft y Uber son inteligentes y compran m\u00e1s segur\u00f3 de lo requerido. Las reglas que se aplican a su accidente tambi\u00e9n variar\u00e1n dependiendo de si el conductor que lo golpe\u00f3 estaba realmente de servicio en ese momento. Si el conductor no estaba de servicio, las p\u00f3lizas de segur\u00f3 minimo de Uber o Lyft no importar\u00e1n, ya que tendr\u00e1 que perseguir al conductor individualmente, tal como lo har\u00eda con alguien que nunca usa su autom\u00f3vil para Uber o Lyft. \u00bfNot\u00f3 que hab\u00eda pasajeros en el autom\u00f3vil o simplemente vio la calcoman\u00eda de Uber \/ Lyft y asumi\u00f3 que el conductor estaba de servicio? Es de esperar que todos los pasajeros figuren en el informe policial como posibles testigos, pero a\u00fan es muy posible que no hayan visto lo que sucedi\u00f3 y estuvieran leyendo, jugando con sus tel\u00e9fonos o durmiendo, cuando el autom\u00f3vil lo atropell\u00f3. Si bien suena complicado, su abogado podr\u00e1 determinar que se debe hacer y ayudarlo a recopilar todos los hechos.<\/p>\n<h2>Accidente cuando el otro conductor era un conductor de Uber o Lyft<\/h2>\n<p>Es posible que haya estado conduciendo o un pasajero en un autom\u00f3vil cuando tuvo un accidente en el que el otro veh\u00edculo era un Uber o un Lyft, a menudo identificado por las pegatinas en el parabrisas. Si bien Uber o Lyft mantienen p\u00f3lizas de seguro de un mill\u00f3n de d\u00f3lares, si estas p\u00f3lizas estar\u00e1n disponibles para usted si se lesion\u00f3 a causa de ellas, depende de si el conductor conduc\u00eda por motivos personales o no en ese momento. \u00bfEstaba el conductor de Uber o Lyft en camino a comprar comestibles o estaban en camino a recoger un pasaje? \u00bfTen\u00edan un pasajero en el autom\u00f3vil o estaban en la carretera esperando que alguien los llamara para un servicio? Si el conductor de un autom\u00f3vil de Uber o Lyft conduc\u00eda por razones personales en ese momento, su p\u00f3liza de seguro privada ser\u00eda la \u00fanica disponible para brindar cobertura, asumiendo, por supuesto, que fue el principal culpable de causar el accidente. Tener un accidente con un Uber o Lyft puede agregar varios niveles de complejidad a lo que ya puede ser una situaci\u00f3n legalmente complicada. Su enfoque no deber\u00eda tener que estar en la log\u00edstica de qui\u00e9n debe ser responsable y c\u00f3mo, sino en proporcionar estos hechos a su abogado y dejar que \u00e9l o ella se encargue.<\/p>\n<h2>\u00bfDebo hablar con un abogado despu\u00e9s de un accidente de Uber of Lyft?<\/h2>\n<p>Dependiendo de la gravedad de la lesi\u00f3n, es posible que necesite o no un abogado, pero es bueno conocer sus opciones. No deje que la compa\u00f1\u00eda de viajes compartidos dirija el programa si se lastim\u00f3 en un accidente de Uber o Lyft. Como puede ver, a qui\u00e9n responsabilizar por sus lesiones y qu\u00e9 seguro o combinaci\u00f3n de seguros usar, es confuso. Si maneja de manera incorrecta, podr\u00eda enfrentarse a un gran estr\u00e9s innecesario y tambi\u00e9n terminar con un resultado que no lo compensa o simplemente no cubre para usted todo lo que deber\u00eda. Despu\u00e9s de un accidente que involucr\u00f3 a Uber o Lyft, ll\u00e1menos al 630 250-8813 para una sesi\u00f3n de estrategia sin compromiso, o incluso si solo tiene algunas preguntas. Nuestra misi\u00f3n es ayudar a las personas con lesiones graves a resolver el aspecto legal de sus accidentes.<\/p>\n","protected":false},"excerpt":{"rendered":"<p>Los accidentes de Lyft o de Uber son legalmente complicados, pero hay ayuda disponible si se lesion\u00f3 en un accidente que involucre a una compa\u00f1\u00eda de viajes compartidos. Los programas de viajes compartidos son muy convenientes y est\u00e1n ganando popularidad, pero \u00bfqu\u00e9 sucede si tiene un accidente que involucra a Uber o Lyft en el&#8230; <a class=\"more-link\" href=\"https:\/\/cadizlaw.com\/es\/practice-areas\/accidents-involving-uber-or-lyft-in-the-chicago-area\/\">Read More<\/a><\/p>\n","protected":false},"author":4,"featured_media":1264,"parent":819,"menu_order":0,"comment_status":"closed","ping_status":"closed","template":"","meta":{"_acf_changed":false,"_monsterinsights_skip_tracking":false,"_monsterinsights_sitenote_active":false,"_monsterinsights_sitenote_note":"","_monsterinsights_sitenote_category":0,"_genesis_hide_title":false,"_genesis_hide_breadcrumbs":false,"_genesis_hide_singular_image":false,"_genesis_hide_footer_widgets":false,"_genesis_custom_body_class":"","_genesis_custom_post_class":"","_genesis_layout":"","footnotes":""},"class_list":{"0":"post-848","1":"page","2":"type-page","3":"status-publish","4":"has-post-thumbnail","6":"entry"},"acf":[],"_links":{"self":[{"href":"https:\/\/cadizlaw.com\/es\/wp-json\/wp\/v2\/pages\/848","targetHints":{"allow":["GET"]}}],"collection":[{"href":"https:\/\/cadizlaw.com\/es\/wp-json\/wp\/v2\/pages"}],"about":[{"href":"https:\/\/cadizlaw.com\/es\/wp-json\/wp\/v2\/types\/page"}],"author":[{"embeddable":true,"href":"https:\/\/cadizlaw.com\/es\/wp-json\/wp\/v2\/users\/4"}],"replies":[{"embeddable":true,"href":"https:\/\/cadizlaw.com\/es\/wp-json\/wp\/v2\/comments?post=848"}],"version-history":[{"count":0,"href":"https:\/\/cadizlaw.com\/es\/wp-json\/wp\/v2\/pages\/848\/revisions"}],"up":[{"embeddable":true,"href":"https:\/\/cadizlaw.com\/es\/wp-json\/wp\/v2\/pages\/819"}],"wp:featuredmedia":[{"embeddable":true,"href":"https:\/\/cadizlaw.com\/es\/wp-json\/wp\/v2\/media\/1264"}],"wp:attachment":[{"href":"https:\/\/cadizlaw.com\/es\/wp-json\/wp\/v2\/media?parent=848"}],"curies":[{"name":"wp","href":"https:\/\/api.w.org\/{rel}","templated":true}]}}